{"id":29193,"date":"2021-11-30T10:57:59","date_gmt":"2021-11-30T09:57:59","guid":{"rendered":"https:\/\/barenboim-said.org\/?post_type=product&#038;p=29193"},"modified":"2026-03-31T13:17:11","modified_gmt":"2026-03-31T11:17:11","slug":"curso-de-iniciacion-a-la-musica-cordoba26-2","status":"publish","type":"product","link":"https:\/\/barenboim-said.org\/es\/colaboracion\/curso-de-iniciacion-a-la-musica-cordoba26-2\/","title":{"rendered":"Curso de Iniciaci\u00f3n a la M\u00fasica"},"content":{"rendered":"","protected":false},"excerpt":{"rendered":"<p>C\u00f3rdoba del 30 de marzo al 1 de abril de 2026.<\/p>\n<p>Conservatorio Profesional de M\u00fasica M\u00fasico Ziryab <a href=\"https:\/\/maps.app.goo.gl\/7N21vt141NEdDQQ98\">Av. de los Piconeros, s\/n, 14001 C\u00f3rdoba<\/a><\/p>\n<p>Para escolares matriculados en primaria (nacidos entre 2014 y 2019).<\/p>\n<p>Para aplicar el <strong>descuento del 100% para familias en situaci\u00f3n de desempleo<\/strong>, por favor env\u00ede un email a <a href=\"mailto:info.emi@juntadeandalucia.es\">info.emi@juntadeandalucia.es<\/a> antes de realizar la inscripci\u00f3n incluyendo el documento de demanda de empleo emitido por el Servicio Andaluz de Empleo de ambos progenitores o tutores (o de uno en caso de familia monoparental) para acreditar la situaci\u00f3n de desempleo. Una vez cotejada la documentaci\u00f3n se le indicar\u00e1 c\u00f3mo hacer la inscripci\u00f3n.<\/p>\n<p>Para aplicar el <strong>descuento del 15% para hermanos<\/strong>, seleccione el n\u00famero de hermanos\/as que quiere inscribir y actualice el carrito. En el formulario, indique el n\u00famero de ni\u00f1os\/as inscritos y sus datos (nombres, apellidos y fechas de nacimiento).<\/p>\n","protected":false},"featured_media":44485,"template":"","meta":[],"product_brand":[],"product_cat":[72],"product_tag":[],"class_list":{"0":"post-29193","1":"product","2":"type-product","3":"status-publish","4":"has-post-thumbnail","6":"product_cat-curso-iniciacion","8":"first","9":"instock","10":"virtual","11":"purchasable","12":"product-type-simple"},"_links":{"self":[{"href":"https:\/\/barenboim-said.org\/es\/wp-json\/wp\/v2\/product\/29193","targetHints":{"allow":["GET"]}}],"collection":[{"href":"https:\/\/barenboim-said.org\/es\/wp-json\/wp\/v2\/product"}],"about":[{"href":"https:\/\/barenboim-said.org\/es\/wp-json\/wp\/v2\/types\/product"}],"version-history":[{"count":4,"href":"https:\/\/barenboim-said.org\/es\/wp-json\/wp\/v2\/product\/29193\/revisions"}],"predecessor-version":[{"id":42916,"href":"https:\/\/barenboim-said.org\/es\/wp-json\/wp\/v2\/product\/29193\/revisions\/42916"}],"wp:featuredmedia":[{"embeddable":true,"href":"https:\/\/barenboim-said.org\/es\/wp-json\/wp\/v2\/media\/44485"}],"wp:attachment":[{"href":"https:\/\/barenboim-said.org\/es\/wp-json\/wp\/v2\/media?parent=29193"}],"wp:term":[{"taxonomy":"product_brand","embeddable":true,"href":"https:\/\/barenboim-said.org\/es\/wp-json\/wp\/v2\/product_brand?post=29193"},{"taxonomy":"product_cat","embeddable":true,"href":"https:\/\/barenboim-said.org\/es\/wp-json\/wp\/v2\/product_cat?post=29193"},{"taxonomy":"product_tag","embeddable":true,"href":"https:\/\/barenboim-said.org\/es\/wp-json\/wp\/v2\/product_tag?post=29193"}],"curies":[{"name":"wp","href":"https:\/\/api.w.org\/{rel}","templated":true}]}}