{"id":27086,"date":"2021-07-05T13:08:17","date_gmt":"2021-07-05T11:08:17","guid":{"rendered":"https:\/\/barenboim-said.org\/?post_type=product&#038;p=27086"},"modified":"2024-12-31T14:19:20","modified_gmt":"2024-12-31T13:19:20","slug":"donativo","status":"publish","type":"product","link":"https:\/\/barenboim-said.org\/es\/colaboracion\/donativo\/","title":{"rendered":"Donaciones &#8211; Donations"},"content":{"rendered":"","protected":false},"excerpt":{"rendered":"<p>La Fundaci\u00f3n Barenboim-Said desarrolla numerosos proyectos de car\u00e1cter formativo y cultural mediante los cuales promueve valores human\u00edsticos a trav\u00e9s del lenguaje universal de la m\u00fasica. La Academia de Estudios Orquestales o los programas de Educaci\u00f3n Musical en Palestina y Andaluc\u00eda son solo algunas de las exitosas iniciativas llevadas a cabo por la Fundaci\u00f3n.<\/p>\n<p>The Barenboim-Said Foundation carries out a wide range of educational and cultural projects aimed at promoting humanistic values through the universal language of music. Among the Foundation\u2019s most successful initiatives are the Academy of Orchestral Studies and the Music Education programs in Palestine and Andalusia.<\/p>\n","protected":false},"featured_media":27087,"template":"","meta":[],"product_brand":[],"product_cat":[63],"product_tag":[],"class_list":{"0":"post-27086","1":"product","2":"type-product","3":"status-publish","4":"has-post-thumbnail","6":"product_cat-donaciones","8":"first","9":"instock","10":"virtual","11":"sold-individually","12":"purchasable","13":"product-type-simple"},"_links":{"self":[{"href":"https:\/\/barenboim-said.org\/es\/wp-json\/wp\/v2\/product\/27086","targetHints":{"allow":["GET"]}}],"collection":[{"href":"https:\/\/barenboim-said.org\/es\/wp-json\/wp\/v2\/product"}],"about":[{"href":"https:\/\/barenboim-said.org\/es\/wp-json\/wp\/v2\/types\/product"}],"version-history":[{"count":0,"href":"https:\/\/barenboim-said.org\/es\/wp-json\/wp\/v2\/product\/27086\/revisions"}],"wp:featuredmedia":[{"embeddable":true,"href":"https:\/\/barenboim-said.org\/es\/wp-json\/wp\/v2\/media\/27087"}],"wp:attachment":[{"href":"https:\/\/barenboim-said.org\/es\/wp-json\/wp\/v2\/media?parent=27086"}],"wp:term":[{"taxonomy":"product_brand","embeddable":true,"href":"https:\/\/barenboim-said.org\/es\/wp-json\/wp\/v2\/product_brand?post=27086"},{"taxonomy":"product_cat","embeddable":true,"href":"https:\/\/barenboim-said.org\/es\/wp-json\/wp\/v2\/product_cat?post=27086"},{"taxonomy":"product_tag","embeddable":true,"href":"https:\/\/barenboim-said.org\/es\/wp-json\/wp\/v2\/product_tag?post=27086"}],"curies":[{"name":"wp","href":"https:\/\/api.w.org\/{rel}","templated":true}]}}