{"id":35523,"date":"2023-07-14T09:20:35","date_gmt":"2023-07-14T07:20:35","guid":{"rendered":"https:\/\/barenboim-said.org\/?page_id=35523"},"modified":"2025-05-15T12:27:51","modified_gmt":"2025-05-15T10:27:51","slug":"esquema-nacional-seguridad","status":"publish","type":"page","link":"https:\/\/barenboim-said.org\/es\/esquema-nacional-seguridad\/","title":{"rendered":"Esquema Nacional de Seguridad"},"content":{"rendered":"\t\t<div data-elementor-type=\"wp-page\" data-elementor-id=\"35523\" class=\"elementor elementor-35523\" data-elementor-post-type=\"page\">\n\t\t\t\t\t\t<section class=\"elementor-section elementor-top-section elementor-element elementor-element-32d41869 elementor-section-height-min-height elementor-section-items-stretch elementor-section-boxed elementor-section-height-default\" data-id=\"32d41869\" data-element_type=\"section\" data-e-type=\"section\" data-settings=\"{&quot;jet_parallax_layout_list&quot;:[{&quot;jet_parallax_layout_image&quot;:{&quot;url&quot;:&quot;&quot;,&quot;id&quot;:&quot;&quot;,&quot;size&quot;:&quot;&quot;},&quot;_id&quot;:&quot;49bad7b&quot;,&quot;jet_parallax_layout_image_tablet&quot;:{&quot;url&quot;:&quot;&quot;,&quot;id&quot;:&quot;&quot;,&quot;size&quot;:&quot;&quot;},&quot;jet_parallax_layout_image_mobile&quot;:{&quot;url&quot;:&quot;&quot;,&quot;id&quot;:&quot;&quot;,&quot;size&quot;:&quot;&quot;},&quot;jet_parallax_layout_speed&quot;:{&quot;unit&quot;:&quot;%&quot;,&quot;size&quot;:50,&quot;sizes&quot;:[]},&quot;jet_parallax_layout_type&quot;:&quot;scroll&quot;,&quot;jet_parallax_layout_direction&quot;:&quot;1&quot;,&quot;jet_parallax_layout_fx_direction&quot;:null,&quot;jet_parallax_layout_z_index&quot;:&quot;&quot;,&quot;jet_parallax_layout_bg_x&quot;:50,&quot;jet_parallax_layout_bg_x_tablet&quot;:&quot;&quot;,&quot;jet_parallax_layout_bg_x_mobile&quot;:&quot;&quot;,&quot;jet_parallax_layout_bg_y&quot;:50,&quot;jet_parallax_layout_bg_y_tablet&quot;:&quot;&quot;,&quot;jet_parallax_layout_bg_y_mobile&quot;:&quot;&quot;,&quot;jet_parallax_layout_bg_size&quot;:&quot;auto&quot;,&quot;jet_parallax_layout_bg_size_tablet&quot;:&quot;&quot;,&quot;jet_parallax_layout_bg_size_mobile&quot;:&quot;&quot;,&quot;jet_parallax_layout_animation_prop&quot;:&quot;transform&quot;,&quot;jet_parallax_layout_on&quot;:[&quot;desktop&quot;,&quot;tablet&quot;]}],&quot;background_background&quot;:&quot;classic&quot;}\">\n\t\t\t\t\t\t<div class=\"elementor-container elementor-column-gap-default\">\n\t\t\t\t\t<div class=\"elementor-column elementor-col-100 elementor-top-column elementor-element elementor-element-4d6db846\" data-id=\"4d6db846\" data-element_type=\"column\" data-e-type=\"column\">\n\t\t\t<div class=\"elementor-widget-wrap elementor-element-populated\">\n\t\t\t\t\t\t<div class=\"elementor-element elementor-element-17601c43 elementor-widget elementor-widget-heading\" data-id=\"17601c43\" data-element_type=\"widget\" data-e-type=\"widget\" data-widget_type=\"heading.default\">\n\t\t\t\t\t<h2 class=\"elementor-heading-title elementor-size-default\">Esquema Nacional de Seguridad<\/h2>\t\t\t\t<\/div>\n\t\t\t\t\t<\/div>\n\t\t<\/div>\n\t\t\t\t\t<\/div>\n\t\t<\/section>\n\t\t\t\t<section class=\"elementor-section elementor-top-section elementor-element elementor-element-4377f23 elementor-section-boxed elementor-section-height-default elementor-section-height-default\" data-id=\"4377f23\" data-element_type=\"section\" data-e-type=\"section\" data-settings=\"{&quot;jet_parallax_layout_list&quot;:[{&quot;jet_parallax_layout_image&quot;:{&quot;url&quot;:&quot;&quot;,&quot;id&quot;:&quot;&quot;,&quot;size&quot;:&quot;&quot;},&quot;_id&quot;:&quot;38e1dd3&quot;,&quot;jet_parallax_layout_image_tablet&quot;:{&quot;url&quot;:&quot;&quot;,&quot;id&quot;:&quot;&quot;,&quot;size&quot;:&quot;&quot;},&quot;jet_parallax_layout_image_mobile&quot;:{&quot;url&quot;:&quot;&quot;,&quot;id&quot;:&quot;&quot;,&quot;size&quot;:&quot;&quot;},&quot;jet_parallax_layout_speed&quot;:{&quot;unit&quot;:&quot;%&quot;,&quot;size&quot;:50,&quot;sizes&quot;:[]},&quot;jet_parallax_layout_type&quot;:&quot;scroll&quot;,&quot;jet_parallax_layout_direction&quot;:&quot;1&quot;,&quot;jet_parallax_layout_fx_direction&quot;:null,&quot;jet_parallax_layout_z_index&quot;:&quot;&quot;,&quot;jet_parallax_layout_bg_x&quot;:50,&quot;jet_parallax_layout_bg_x_tablet&quot;:&quot;&quot;,&quot;jet_parallax_layout_bg_x_mobile&quot;:&quot;&quot;,&quot;jet_parallax_layout_bg_y&quot;:50,&quot;jet_parallax_layout_bg_y_tablet&quot;:&quot;&quot;,&quot;jet_parallax_layout_bg_y_mobile&quot;:&quot;&quot;,&quot;jet_parallax_layout_bg_size&quot;:&quot;auto&quot;,&quot;jet_parallax_layout_bg_size_tablet&quot;:&quot;&quot;,&quot;jet_parallax_layout_bg_size_mobile&quot;:&quot;&quot;,&quot;jet_parallax_layout_animation_prop&quot;:&quot;transform&quot;,&quot;jet_parallax_layout_on&quot;:[&quot;desktop&quot;,&quot;tablet&quot;]}]}\">\n\t\t\t\t\t\t<div class=\"elementor-container elementor-column-gap-default\">\n\t\t\t\t\t<div class=\"elementor-column elementor-col-100 elementor-top-column elementor-element elementor-element-dc3d4b4\" data-id=\"dc3d4b4\" data-element_type=\"column\" data-e-type=\"column\">\n\t\t\t<div class=\"elementor-widget-wrap elementor-element-populated\">\n\t\t\t\t\t\t<div class=\"elementor-element elementor-element-a3e5ac7 elementor-widget elementor-widget-heading\" data-id=\"a3e5ac7\" data-element_type=\"widget\" data-e-type=\"widget\" data-widget_type=\"heading.default\">\n\t\t\t\t\t<h2 class=\"elementor-heading-title elementor-size-default\">Conformidad con el Esquema Nacional de Seguridad<\/h2>\t\t\t\t<\/div>\n\t\t\t\t<div class=\"elementor-element elementor-element-3ed8ce2 elementor-widget elementor-widget-text-editor\" data-id=\"3ed8ce2\" data-element_type=\"widget\" data-e-type=\"widget\" data-widget_type=\"text-editor.default\">\n\t\t\t\t\t\t\t\t\t<div id=\"detalleParrafo1\" class=\"parrafoDefault\"><p>En cumplimento con el ENS y el Plan de Adecuaci\u00f3n al Esquema Nacional de Seguridad (ENS) de la Junta de Andaluc\u00eda, la Fundaci\u00f3n P\u00fablica Andaluza Barenboim-Said dispone de la Certificaci\u00f3n de Conformidad con el ENS para los siguientes sistemas de informaci\u00f3n.<\/p><\/div>\t\t\t\t\t\t\t\t<\/div>\n\t\t\t\t<div class=\"elementor-element elementor-element-867bf0d elementor-widget elementor-widget-heading\" data-id=\"867bf0d\" data-element_type=\"widget\" data-e-type=\"widget\" data-widget_type=\"heading.default\">\n\t\t\t\t\t<h2 class=\"elementor-heading-title elementor-size-default\">Declaraci\u00f3n de Conformidad con el ENS para sistemas de categor\u00eda b\u00e1sica<\/h2>\t\t\t\t<\/div>\n\t\t\t\t\t<\/div>\n\t\t<\/div>\n\t\t\t\t\t<\/div>\n\t\t<\/section>\n\t\t\t\t<section class=\"elementor-section elementor-top-section elementor-element elementor-element-bfb41ab elementor-section-boxed elementor-section-height-default elementor-section-height-default\" data-id=\"bfb41ab\" data-element_type=\"section\" data-e-type=\"section\" data-settings=\"{&quot;jet_parallax_layout_list&quot;:[{&quot;jet_parallax_layout_image&quot;:{&quot;url&quot;:&quot;&quot;,&quot;id&quot;:&quot;&quot;,&quot;size&quot;:&quot;&quot;},&quot;_id&quot;:&quot;124800e&quot;,&quot;jet_parallax_layout_image_tablet&quot;:{&quot;url&quot;:&quot;&quot;,&quot;id&quot;:&quot;&quot;,&quot;size&quot;:&quot;&quot;},&quot;jet_parallax_layout_image_mobile&quot;:{&quot;url&quot;:&quot;&quot;,&quot;id&quot;:&quot;&quot;,&quot;size&quot;:&quot;&quot;},&quot;jet_parallax_layout_speed&quot;:{&quot;unit&quot;:&quot;%&quot;,&quot;size&quot;:50,&quot;sizes&quot;:[]},&quot;jet_parallax_layout_type&quot;:&quot;scroll&quot;,&quot;jet_parallax_layout_direction&quot;:&quot;1&quot;,&quot;jet_parallax_layout_fx_direction&quot;:null,&quot;jet_parallax_layout_z_index&quot;:&quot;&quot;,&quot;jet_parallax_layout_bg_x&quot;:50,&quot;jet_parallax_layout_bg_x_tablet&quot;:&quot;&quot;,&quot;jet_parallax_layout_bg_x_mobile&quot;:&quot;&quot;,&quot;jet_parallax_layout_bg_y&quot;:50,&quot;jet_parallax_layout_bg_y_tablet&quot;:&quot;&quot;,&quot;jet_parallax_layout_bg_y_mobile&quot;:&quot;&quot;,&quot;jet_parallax_layout_bg_size&quot;:&quot;auto&quot;,&quot;jet_parallax_layout_bg_size_tablet&quot;:&quot;&quot;,&quot;jet_parallax_layout_bg_size_mobile&quot;:&quot;&quot;,&quot;jet_parallax_layout_animation_prop&quot;:&quot;transform&quot;,&quot;jet_parallax_layout_on&quot;:[&quot;desktop&quot;,&quot;tablet&quot;]}]}\">\n\t\t\t\t\t\t<div class=\"elementor-container elementor-column-gap-default\">\n\t\t\t\t\t<div class=\"elementor-column elementor-col-50 elementor-top-column elementor-element elementor-element-3c02792\" data-id=\"3c02792\" data-element_type=\"column\" data-e-type=\"column\">\n\t\t\t<div class=\"elementor-widget-wrap elementor-element-populated\">\n\t\t\t\t\t\t<div class=\"elementor-element elementor-element-be1bc23 elementor-widget elementor-widget-image\" data-id=\"be1bc23\" data-element_type=\"widget\" data-e-type=\"widget\" data-widget_type=\"image.default\">\n\t\t\t\t\t\t\t\t\t\t\t\t\t\t\t<img fetchpriority=\"high\" decoding=\"async\" width=\"247\" height=\"300\" src=\"https:\/\/barenboim-said.org\/wp-content\/uploads\/2023\/07\/DeclaracionConformidadENS_RD311-2022-247x300.png\" class=\"attachment-medium size-medium wp-image-35414\" alt=\"\" srcset=\"https:\/\/barenboim-said.org\/wp-content\/uploads\/2023\/07\/DeclaracionConformidadENS_RD311-2022-247x300.png 247w, https:\/\/barenboim-said.org\/wp-content\/uploads\/2023\/07\/DeclaracionConformidadENS_RD311-2022-842x1024.png 842w, https:\/\/barenboim-said.org\/wp-content\/uploads\/2023\/07\/DeclaracionConformidadENS_RD311-2022-768x934.png 768w, https:\/\/barenboim-said.org\/wp-content\/uploads\/2023\/07\/DeclaracionConformidadENS_RD311-2022-500x608.png 500w, https:\/\/barenboim-said.org\/wp-content\/uploads\/2023\/07\/DeclaracionConformidadENS_RD311-2022.png 925w\" sizes=\"(max-width: 247px) 100vw, 247px\" \/>\t\t\t\t\t\t\t\t\t\t\t\t\t\t\t<\/div>\n\t\t\t\t\t<\/div>\n\t\t<\/div>\n\t\t\t\t<div class=\"elementor-column elementor-col-50 elementor-top-column elementor-element elementor-element-c7ae693\" data-id=\"c7ae693\" data-element_type=\"column\" data-e-type=\"column\">\n\t\t\t<div class=\"elementor-widget-wrap elementor-element-populated\">\n\t\t\t\t\t\t<div class=\"elementor-element elementor-element-b7febf5 elementor-widget elementor-widget-text-editor\" data-id=\"b7febf5\" data-element_type=\"widget\" data-e-type=\"widget\" data-widget_type=\"text-editor.default\">\n\t\t\t\t\t\t\t\t\t<p>De acuerdo a la declaraci\u00f3n de aplicabilidad vigente, los sistemas de informaci\u00f3n rese\u00f1ados,\u00a0 todos ellos de categor\u00eda B\u00c1SICA, y los servicios que se relacionan, han superado un proceso de autoevaluaci\u00f3n conforme con las exigencias del Real Decreto 311\/2022, de 3 de mayo, por el que se regula el Esquema Nacional de Seguridad.<\/p><p>Los sistemas incluidos en la presente <strong>DECLARACI\u00d3N DE CONFORMIDAD<\/strong> son:<\/p>\t\t\t\t\t\t\t\t<\/div>\n\t\t\t\t<section class=\"elementor-section elementor-inner-section elementor-element elementor-element-cea2967 elementor-section-boxed elementor-section-height-default elementor-section-height-default\" data-id=\"cea2967\" data-element_type=\"section\" data-e-type=\"section\" data-settings=\"{&quot;jet_parallax_layout_list&quot;:[]}\">\n\t\t\t\t\t\t<div class=\"elementor-container elementor-column-gap-default\">\n\t\t\t\t\t<div class=\"elementor-column elementor-col-50 elementor-inner-column elementor-element elementor-element-5126f18\" data-id=\"5126f18\" data-element_type=\"column\" data-e-type=\"column\">\n\t\t\t<div class=\"elementor-widget-wrap elementor-element-populated\">\n\t\t\t\t\t\t<div class=\"elementor-element elementor-element-a04b3a8 elementor-widget elementor-widget-text-editor\" data-id=\"a04b3a8\" data-element_type=\"widget\" data-e-type=\"widget\" data-widget_type=\"text-editor.default\">\n\t\t\t\t\t\t\t\t\t<p><strong>Sistema 1<\/strong><br \/><strong>Servicio 1.a<\/strong><br \/><strong>Servicio 1.b<\/strong><br \/><strong>Servicio 1.c<\/strong><br \/><strong>Servicio 1.d<\/strong><br \/><strong>Servicio 1.e<\/strong><br \/><strong>Servicio 1.f<\/strong><br \/><strong>Sistema 2<\/strong><br \/><strong>Servicio 2.a<\/strong><\/p>\t\t\t\t\t\t\t\t<\/div>\n\t\t\t\t\t<\/div>\n\t\t<\/div>\n\t\t\t\t<div class=\"elementor-column elementor-col-50 elementor-inner-column elementor-element elementor-element-e3c1327\" data-id=\"e3c1327\" data-element_type=\"column\" data-e-type=\"column\">\n\t\t\t<div class=\"elementor-widget-wrap elementor-element-populated\">\n\t\t\t\t\t\t<div class=\"elementor-element elementor-element-e47047d elementor-widget elementor-widget-text-editor\" data-id=\"e47047d\" data-element_type=\"widget\" data-e-type=\"widget\" data-widget_type=\"text-editor.default\">\n\t\t\t\t\t\t\t\t\t<p>Actividades de la Fundaci\u00f3n Barenboim-Said<br \/>Gesti\u00f3n de actividades<br \/>Gesti\u00f3n de docentes<br \/>Gesti\u00f3n del alumnado<br \/>Gesti\u00f3n de socios<br \/>Comunicaci\u00f3n y difusi\u00f3n<br \/>Gesti\u00f3n de personal<br \/>Gesti\u00f3n econ\u00f3mica y financiera<br \/>Gesti\u00f3n econ\u00f3mica y financiera<\/p>\t\t\t\t\t\t\t\t<\/div>\n\t\t\t\t\t<\/div>\n\t\t<\/div>\n\t\t\t\t\t<\/div>\n\t\t<\/section>\n\t\t\t\t<div class=\"elementor-element elementor-element-6e1cc10 elementor-widget elementor-widget-button\" data-id=\"6e1cc10\" data-element_type=\"widget\" data-e-type=\"widget\" data-widget_type=\"button.default\">\n\t\t\t\t\t\t\t\t\t\t<a class=\"elementor-button elementor-button-link elementor-size-sm\" href=\"https:\/\/barenboim-said.org\/wp-content\/uploads\/2025\/05\/Declaracion-de-Conformidad-ENS_15-05-2027F-copia.pdf\" target=\"_blank\">\n\t\t\t\t\t\t<span class=\"elementor-button-content-wrapper\">\n\t\t\t\t\t\t\t\t\t<span class=\"elementor-button-text\">Declaraci\u00f3n de Conformidad con el ENS para sistemas de categor\u00eda b\u00e1sica<\/span>\n\t\t\t\t\t<\/span>\n\t\t\t\t\t<\/a>\n\t\t\t\t\t\t\t\t<\/div>\n\t\t\t\t\t<\/div>\n\t\t<\/div>\n\t\t\t\t\t<\/div>\n\t\t<\/section>\n\t\t\t\t<\/div>\n\t\t","protected":false},"excerpt":{"rendered":"<p>Conformidad con el Esquema Nacional de Seguridad En cumplimento con el ENS y el Plan de Adecuaci\u00f3n al Esquema Nacional de Seguridad (ENS) de la Junta de Andaluc\u00eda, la Fundaci\u00f3n P\u00fablica Andaluza Barenboim-Said dispone de la Certificaci\u00f3n de Conformidad con el ENS para los siguientes sistemas de informaci\u00f3n. Declaraci\u00f3n de Conformidad con el ENS para [&hellip;]<\/p>\n","protected":false},"author":5,"featured_media":0,"parent":0,"menu_order":0,"comment_status":"closed","ping_status":"closed","template":"","meta":{"footnotes":""},"class_list":["post-35523","page","type-page","status-publish","hentry"],"_links":{"self":[{"href":"https:\/\/barenboim-said.org\/es\/wp-json\/wp\/v2\/pages\/35523","targetHints":{"allow":["GET"]}}],"collection":[{"href":"https:\/\/barenboim-said.org\/es\/wp-json\/wp\/v2\/pages"}],"about":[{"href":"https:\/\/barenboim-said.org\/es\/wp-json\/wp\/v2\/types\/page"}],"author":[{"embeddable":true,"href":"https:\/\/barenboim-said.org\/es\/wp-json\/wp\/v2\/users\/5"}],"replies":[{"embeddable":true,"href":"https:\/\/barenboim-said.org\/es\/wp-json\/wp\/v2\/comments?post=35523"}],"version-history":[{"count":3,"href":"https:\/\/barenboim-said.org\/es\/wp-json\/wp\/v2\/pages\/35523\/revisions"}],"predecessor-version":[{"id":43061,"href":"https:\/\/barenboim-said.org\/es\/wp-json\/wp\/v2\/pages\/35523\/revisions\/43061"}],"wp:attachment":[{"href":"https:\/\/barenboim-said.org\/es\/wp-json\/wp\/v2\/media?parent=35523"}],"curies":[{"name":"wp","href":"https:\/\/api.w.org\/{rel}","templated":true}]}}