{"id":3,"date":"2021-04-23T07:01:26","date_gmt":"2021-04-23T05:01:26","guid":{"rendered":"https:\/\/barenboim-said.org\/?page_id=3"},"modified":"2025-07-14T14:23:28","modified_gmt":"2025-07-14T12:23:28","slug":"aviso-lega","status":"publish","type":"page","link":"https:\/\/barenboim-said.org\/es\/aviso-lega\/","title":{"rendered":"Aviso Legal y Protecci\u00f3n de Datos"},"content":{"rendered":"\t\t<div data-elementor-type=\"wp-page\" data-elementor-id=\"3\" class=\"elementor elementor-3\" data-elementor-post-type=\"page\">\n\t\t\t\t\t\t<section class=\"elementor-section elementor-top-section elementor-element elementor-element-32d41869 elementor-section-height-min-height elementor-section-items-stretch elementor-section-boxed elementor-section-height-default\" data-id=\"32d41869\" data-element_type=\"section\" data-e-type=\"section\" data-settings=\"{&quot;jet_parallax_layout_list&quot;:[{&quot;jet_parallax_layout_image&quot;:{&quot;url&quot;:&quot;&quot;,&quot;id&quot;:&quot;&quot;,&quot;size&quot;:&quot;&quot;},&quot;_id&quot;:&quot;49bad7b&quot;,&quot;jet_parallax_layout_image_tablet&quot;:{&quot;url&quot;:&quot;&quot;,&quot;id&quot;:&quot;&quot;,&quot;size&quot;:&quot;&quot;},&quot;jet_parallax_layout_image_mobile&quot;:{&quot;url&quot;:&quot;&quot;,&quot;id&quot;:&quot;&quot;,&quot;size&quot;:&quot;&quot;},&quot;jet_parallax_layout_speed&quot;:{&quot;unit&quot;:&quot;%&quot;,&quot;size&quot;:50,&quot;sizes&quot;:[]},&quot;jet_parallax_layout_type&quot;:&quot;scroll&quot;,&quot;jet_parallax_layout_direction&quot;:&quot;1&quot;,&quot;jet_parallax_layout_fx_direction&quot;:null,&quot;jet_parallax_layout_z_index&quot;:&quot;&quot;,&quot;jet_parallax_layout_bg_x&quot;:50,&quot;jet_parallax_layout_bg_x_tablet&quot;:&quot;&quot;,&quot;jet_parallax_layout_bg_x_mobile&quot;:&quot;&quot;,&quot;jet_parallax_layout_bg_y&quot;:50,&quot;jet_parallax_layout_bg_y_tablet&quot;:&quot;&quot;,&quot;jet_parallax_layout_bg_y_mobile&quot;:&quot;&quot;,&quot;jet_parallax_layout_bg_size&quot;:&quot;auto&quot;,&quot;jet_parallax_layout_bg_size_tablet&quot;:&quot;&quot;,&quot;jet_parallax_layout_bg_size_mobile&quot;:&quot;&quot;,&quot;jet_parallax_layout_animation_prop&quot;:&quot;transform&quot;,&quot;jet_parallax_layout_on&quot;:[&quot;desktop&quot;,&quot;tablet&quot;]}],&quot;background_background&quot;:&quot;classic&quot;}\">\n\t\t\t\t\t\t<div class=\"elementor-container elementor-column-gap-default\">\n\t\t\t\t\t<div class=\"elementor-column elementor-col-100 elementor-top-column elementor-element elementor-element-4d6db846\" data-id=\"4d6db846\" data-element_type=\"column\" data-e-type=\"column\">\n\t\t\t<div class=\"elementor-widget-wrap elementor-element-populated\">\n\t\t\t\t\t\t<div class=\"elementor-element elementor-element-17601c43 elementor-widget elementor-widget-heading\" data-id=\"17601c43\" data-element_type=\"widget\" data-e-type=\"widget\" data-widget_type=\"heading.default\">\n\t\t\t\t\t<h2 class=\"elementor-heading-title elementor-size-default\">Aviso Legal y Protecci\u00f3n de Datos<\/h2>\t\t\t\t<\/div>\n\t\t\t\t\t<\/div>\n\t\t<\/div>\n\t\t\t\t\t<\/div>\n\t\t<\/section>\n\t\t\t\t<section class=\"elementor-section elementor-top-section elementor-element elementor-element-4377f23 elementor-section-boxed elementor-section-height-default elementor-section-height-default\" data-id=\"4377f23\" data-element_type=\"section\" data-e-type=\"section\" data-settings=\"{&quot;jet_parallax_layout_list&quot;:[{&quot;jet_parallax_layout_image&quot;:{&quot;url&quot;:&quot;&quot;,&quot;id&quot;:&quot;&quot;,&quot;size&quot;:&quot;&quot;},&quot;_id&quot;:&quot;38e1dd3&quot;,&quot;jet_parallax_layout_image_tablet&quot;:{&quot;url&quot;:&quot;&quot;,&quot;id&quot;:&quot;&quot;,&quot;size&quot;:&quot;&quot;},&quot;jet_parallax_layout_image_mobile&quot;:{&quot;url&quot;:&quot;&quot;,&quot;id&quot;:&quot;&quot;,&quot;size&quot;:&quot;&quot;},&quot;jet_parallax_layout_speed&quot;:{&quot;unit&quot;:&quot;%&quot;,&quot;size&quot;:50,&quot;sizes&quot;:[]},&quot;jet_parallax_layout_type&quot;:&quot;scroll&quot;,&quot;jet_parallax_layout_direction&quot;:&quot;1&quot;,&quot;jet_parallax_layout_fx_direction&quot;:null,&quot;jet_parallax_layout_z_index&quot;:&quot;&quot;,&quot;jet_parallax_layout_bg_x&quot;:50,&quot;jet_parallax_layout_bg_x_tablet&quot;:&quot;&quot;,&quot;jet_parallax_layout_bg_x_mobile&quot;:&quot;&quot;,&quot;jet_parallax_layout_bg_y&quot;:50,&quot;jet_parallax_layout_bg_y_tablet&quot;:&quot;&quot;,&quot;jet_parallax_layout_bg_y_mobile&quot;:&quot;&quot;,&quot;jet_parallax_layout_bg_size&quot;:&quot;auto&quot;,&quot;jet_parallax_layout_bg_size_tablet&quot;:&quot;&quot;,&quot;jet_parallax_layout_bg_size_mobile&quot;:&quot;&quot;,&quot;jet_parallax_layout_animation_prop&quot;:&quot;transform&quot;,&quot;jet_parallax_layout_on&quot;:[&quot;desktop&quot;,&quot;tablet&quot;]}]}\">\n\t\t\t\t\t\t<div class=\"elementor-container elementor-column-gap-default\">\n\t\t\t\t\t<div class=\"elementor-column elementor-col-100 elementor-top-column elementor-element elementor-element-dc3d4b4\" data-id=\"dc3d4b4\" data-element_type=\"column\" data-e-type=\"column\">\n\t\t\t<div class=\"elementor-widget-wrap elementor-element-populated\">\n\t\t\t\t\t\t<div class=\"elementor-element elementor-element-3ed8ce2 elementor-widget elementor-widget-text-editor\" data-id=\"3ed8ce2\" data-element_type=\"widget\" data-e-type=\"widget\" data-widget_type=\"text-editor.default\">\n\t\t\t\t\t\t\t\t\t<div id=\"detalleParrafo1\" class=\"parrafoDefault\">\n<h2>DATOS IDENTIFICATIVOS<\/h2>\n<div class=\"detalleTexto\">\n<p>En cumplimiento con el deber de informaci\u00f3n recogido en art\u00edculo 10 de la Ley 34\/2002, de 11 de julio, de Servicios de la Sociedad de la Informaci\u00f3n y del Comercio Electr\u00f3nico, a continuaci\u00f3n se reflejan los siguientes datos:<\/p>\n<p>La empresa titular de esta web es la Fundaci\u00f3n Barenboim-Said, con domicilio en Patio de Banderas, 14 41004 Sevilla, con n\u00famero de CIF G91381228, inscrita en el Registro de Fundaciones de Andaluc\u00eda.<\/p>\n<p><a href=\"https:\/\/barenboim-said.org\/contacto\/\">Formulario de contacto<\/a><\/p>\n<\/div>\n<div class=\"eliminaFloat\">&nbsp;<\/div>\n<\/div>\n<div id=\"detalleParrafo2\" class=\"parrafoDefault\">\n<h2>PROPIEDAD INTELECTUAL E INDUSTRIAL<\/h2>\n<div class=\"detalleTexto\">\n<p>Fundaci\u00f3n Barenboim Said, 2006. Reservados todos los derechos.<\/p>\n<p>Fundaci\u00f3n Barenboim-Said por s\u00ed o como cesionaria, es titular de todos los derechos de propiedad intelectual e industrial de su p\u00e1gina web, as\u00ed como de los elementos contenidos en el mismo (a t\u00edtulo enunciativo, im\u00e1genes, sonido, audio, v\u00eddeo, software o textos; marcas o logotipos, combinaciones de colores, estructura y dise\u00f1o, selecci\u00f3n de materiales usados, programas de ordenador necesarios para su funcionamiento, acceso y uso, etc\u2026), titularidad de Fundaci\u00f3n Barenboim-Said.<\/p>\n<p>El USUARIO se compromete a respetar los derechos de Propiedad Intelectual e Industrial titularidad de Fundaci\u00f3n Barenboim-Said. Podr\u00e1 visualizar los elementos de la web e incluso imprimirlos, copiarlos y almacenarlos en el disco duro de su ordenador o en cualquier otro soporte f\u00edsico siempre y cuando sea, \u00fanica y exclusivamente, para su uso personal y privado, quedando, por tanto, terminantemente prohibida la fijaci\u00f3n, reproducci\u00f3n, transformaci\u00f3n, distribuci\u00f3n, comunicaci\u00f3n p\u00fablica, puesta a disposici\u00f3n o cualquier otra forma de explotaci\u00f3n, as\u00ed como su modificaci\u00f3n, alteraci\u00f3n o descompilaci\u00f3n, total o parcial, del contenido de la p\u00e1gina. El USUARIO deber\u00e1 abstenerse de suprimir, alterar, eludir o manipular cualquier dispositivo de protecci\u00f3n o sistema de seguridad que estuviera instalado en el las p\u00e1ginas de Fundaci\u00f3n Barenboim-Said.<\/p>\n<p>La Fundaci\u00f3n Barenboim Said hace menci\u00f3n de todos aquellos autores cuyas obras aparecen aqu\u00ed reproducidas, excepto en los casos en que ha sido imposible determinar la autor\u00eda; no obstante, queda a disposici\u00f3n de aquellas personas y\/o autores que reconozcan reproducidas sus obras para garantizar el cumplimiento de sus Derechos. La Fundaci\u00f3n no se hace responsable del uso por terceros de estas im\u00e1genes.<\/p>\n<\/div>\n<div class=\"eliminaFloat\">&nbsp;<\/div>\n<\/div>\n<div id=\"detalleParrafo3\" class=\"parrafoDefault\">\n<h2>EXCLUSI\u00d3N DE GARANT\u00cdAS Y RESPONSABILIDADES<\/h2>\n<div class=\"detalleTexto\">\n<p>Fundaci\u00f3n Barenboim-Said no se hace responsable, en ning\u00fan caso, de los da\u00f1os y perjuicios de cualquier naturaleza que pudieran ocasionar, a t\u00edtulo enunciativo: errores u omisiones en los contenidos, falta de disponibilidad del portal o la transmisi\u00f3n de virus o programas maliciosos o lesivos en los contenidos, a pesar de haber adoptado todas las medidas tecnol\u00f3gicas necesarias para evitarlo.<\/p>\n<p>La Fundaci\u00f3n no asume ning\u00fan tipo de responsabilidad por informaciones de cualquier tipo contenidas en otras webs, a las que esta p\u00e1gina pueda remitir por medio de enlaces hipertextuales o \u2018links\u2019.<\/p>\n<\/div>\n<div class=\"eliminaFloat\">&nbsp;<\/div>\n<\/div>\n<div id=\"detalleParrafo4\" class=\"parrafoDefault\">\n<h2>MODIFICACIONES<\/h2>\n<div class=\"detalleTexto\">\n<p>Fundaci\u00f3n Barenboim-Said se reserva el derecho de efectuar sin previo aviso las modificaciones que considere oportunas en su web, pudiendo cambiar, suprimir o a\u00f1adir tanto los contenidos y servicios que se presten a trav\u00e9s de la misma como la forma en la que \u00e9stos aparezcan presentados o localizados en su web.<\/p>\n<\/div>\n<div class=\"eliminaFloat\">&nbsp;<\/div>\n<\/div>\n<div id=\"detalleParrafo5\" class=\"parrafoDefault\">\n<h2>ENLACES<\/h2>\n<div class=\"detalleTexto\">\n<p>En el caso de que en las web se dispusiesen enlaces o hiperv\u00ednculos hac\u00eda otros sitios de Internet, Fundaci\u00f3n Barenboim-Said no ejercer\u00e1 ning\u00fan tipo de control sobre dichos sitios y contenidos.<\/p>\n<p>En ning\u00fan caso Fundaci\u00f3n Barenboim-Said asumir\u00e1 responsabilidad alguna por los contenidos de alg\u00fan enlace perteneciente a un sitio web ajeno, ni garantizar\u00e1 la disponibilidad t\u00e9cnica, calidad, fiabilidad, exactitud, amplitud, veracidad, validez y constitucionalidad de cualquier material o informaci\u00f3n contenida en ninguno de dichos hiperv\u00ednculos u otros sitios de Internet.<\/p>\n<p>Igualmente la inclusi\u00f3n de estas conexiones externas no implicar\u00e1 ning\u00fan tipo de asociaci\u00f3n, fusi\u00f3n o participaci\u00f3n con las entidades conectadas.<\/p>\n<\/div>\n<div class=\"eliminaFloat\">&nbsp;<\/div>\n<\/div>\n<div id=\"detalleParrafo6\" class=\"parrafoDefault\">\n<h2>MODIFICACI\u00d3N DE LAS PRESENTES CONDICIONES Y DURACI\u00d3N<\/h2>\n<div class=\"detalleTexto\">\n<p>Fundaci\u00f3n Barenboim-Said podr\u00e1 modificar en cualquier momento las condiciones aqu\u00ed determinadas, siendo debidamente publicadas como aqu\u00ed aparecen.<\/p>\n<p>La vigencia de las citadas condiciones ir\u00e1 en funci\u00f3n de su exposici\u00f3n y estar\u00e1n vigentes hasta que sean modificadas por otras debidamente publicadas.<\/p>\n<h2>PROTECCI\u00d3N DE DATOS DE CAR\u00c1CTER PERSONAL<\/h2>\n<\/div>\n<h2>TRATAMIENTO: USUARIOS DEL SERVICIO WEB<\/h2>\n<p>En cumplimiento de lo dispuesto en el Reglamento General de Protecci\u00f3n de Datos le ofrecemos la siguiente informaci\u00f3n:<\/p>\n<p><strong>\u00bfQui\u00e9n es el responsable del tratamiento de estos datos?<\/strong><\/p>\n<p>El responsable del tratamiento de estos datos personales es la Fundaci\u00f3n P\u00fablica Andaluza Barenboim-Said&nbsp;con CIF G91381228 y sita en Patio de Banderas 14, 41004 Sevilla, tel\u00e9fono 955037385 y correo electr\u00f3nico&nbsp;<a role=\"link\" href=\"mailto:info.fbs@juntadeandalucia.es\">info.fbs@juntadeandalucia.es<\/a>.<\/p>\n<p>Podr\u00e1 contactar con la persona que desempe\u00f1a la funci\u00f3n de Delegado de Protecci\u00f3n de Datos en la Consejer\u00eda de Cultura y Deporte, sita en el Palacio de Altamira&nbsp;C\/ Santa Mar\u00eda la Blanca, 1, 41004 Sevilla o en el correo electr\u00f3nico <a href=\"mailto:dpd.ctcd@juntadeandalucia.es\">dpd.ccd@juntadeandalucia.es<\/a>.<\/p>\n<p><strong>\u00bfCon qu\u00e9 finalidad tratamos sus datos personales?<\/strong><\/p>\n<p>El tratamiento de los datos se realiza con las finalidades, tiempo de conservaci\u00f3n y base jur\u00eddica previstas en el&nbsp;<a href=\"https:\/\/barenboim-said.org\/wp-content\/uploads\/2023\/02\/Inventario-de-Actividades-de-Tratamiento-Fundacion-Barenboim-Said-09022023.pdf\" target=\"_blank\" rel=\"noopener\">Inventario de Actividades de Tratamiento<\/a>.<\/p>\n<p><strong>\u00bfCu\u00e1l es la legitimaci\u00f3n para el tratamiento de sus datos?<\/strong><\/p>\n<p>La base jur\u00eddica para el tratamiento de sus datos es el consentimiento del interesado en el proceso de registro web.<\/p>\n<p><strong>\u00bfA qu\u00e9 destinatarios se comunicar\u00e1n sus datos?<\/strong><\/p>\n<p>Los datos no se ceder\u00e1n a terceros salvo en los casos especificados en el&nbsp;<a href=\"https:\/\/barenboim-said.org\/wp-content\/uploads\/2023\/02\/Inventario-de-Actividades-de-Tratamiento-Fundacion-Barenboim-Said-09022023.pdf\" target=\"_blank\" rel=\"noopener\">Inventario de Actividades de Tratamiento<\/a>.<\/p>\n<p><strong>\u00bfCu\u00e1les son sus derechos cuando nos facilita sus datos?<\/strong><\/p>\n<p>Usted tiene derecho a acceder a sus datos personales, as\u00ed como a solicitar la rectificaci\u00f3n de los datos inexactos o, en su caso, solicitar su supresi\u00f3n cuando, entre otros motivos, los datos ya no sean necesarios para los fines que fueron recogidos, siempre que la normativa aplicable no exija su conservaci\u00f3n.<\/p>\n<p>En cualquier momento, usted podr\u00e1 solicitar:<br>a) la limitaci\u00f3n del tratamiento de sus datos.<br>b) y por motivos relacionados con su situaci\u00f3n particular, usted podr\u00e1 oponerse al tratamiento de sus datos. El responsable del tratamiento dejar\u00e1 de tratar los datos, salvo por motivos leg\u00edtimos imperiosos, o el ejercicio o la defensa de posibles reclamaciones.<br>c) usted podr\u00e1 solicitar la portabilidad de sus datos.<br>d) tiene derecho a retirar el consentimiento en cualquier momento, sin que ello afecte a la licitud del tratamiento basado en el consentimiento previo a su retirada.<\/p>\n<p>Usted podr\u00e1 ejercitar estos derechos mediante una solicitud dirigida al responsable del tratamiento acompa\u00f1ada de copia de su DNI o a trav\u00e9s del correo electr\u00f3nico&nbsp;<a role=\"link\" href=\"mailto:info.fbs@juntadeandalucia.es\">info.fbs@juntadeandalucia.es<\/a>.<\/p>\n<p>Puede usted presentar una reclamaci\u00f3n ante la Agencia Espa\u00f1ola de Protecci\u00f3n de Datos, del modo indicado en la direcci\u00f3n&nbsp;<a role=\"link\" href=\"http:\/\/www.agpd.es\/\">www.agpd.es<\/a>, especialmente si considera que no ha obtenido satisfacci\u00f3n en el ejercicio de sus derechos por los cauces indicados anteriormente.<br>Puede obtener m\u00e1s informaci\u00f3n sobre protecci\u00f3n de datos de car\u00e1cter personal y los derechos que le asisten en la direcci\u00f3n&nbsp;<a role=\"link\" href=\"http:\/\/www.agpd.es\/\">www.agpd.es<\/a>&nbsp;de la Agencia Espa\u00f1ola de Protecci\u00f3n de Datos.<\/p>\n<h2>MODIFICACI\u00d3N DE LA POL\u00cdTICA DE PRIVACIDAD<\/h2>\n<p>La Fundaci\u00f3n P\u00fablica Andaluza Barenboim-Said se reserva el derecho a modificar su Pol\u00edtica de Privacidad, de acuerdo a su propio criterio, o motivado por un cambio doctrinal de la Agencia Espa\u00f1ola de Protecci\u00f3n de Datos, legislativo o jurisprudencial. Cualquier modificaci\u00f3n de la Pol\u00edtica de Privacidad ser\u00e1 publicada al menos diez d\u00edas antes de su efectiva aplicaci\u00f3n. El uso de la web despu\u00e9s de dichos cambios implicar\u00e1 la aceptaci\u00f3n de estos.<\/p>\n<\/div>\t\t\t\t\t\t\t\t<\/div>\n\t\t\t\t\t<\/div>\n\t\t<\/div>\n\t\t\t\t\t<\/div>\n\t\t<\/section>\n\t\t\t\t<\/div>\n\t\t","protected":false},"excerpt":{"rendered":"<p>DATOS IDENTIFICATIVOS En cumplimiento con el deber de informaci\u00f3n recogido en art\u00edculo 10 de la Ley 34\/2002, de 11 de julio, de Servicios de la Sociedad de la Informaci\u00f3n y del Comercio Electr\u00f3nico, a continuaci\u00f3n se reflejan los siguientes datos: La empresa titular de esta web es la Fundaci\u00f3n Barenboim-Said, con domicilio en Patio de [&hellip;]<\/p>\n","protected":false},"author":1,"featured_media":0,"parent":0,"menu_order":0,"comment_status":"closed","ping_status":"closed","template":"","meta":{"footnotes":""},"class_list":["post-3","page","type-page","status-publish","hentry"],"_links":{"self":[{"href":"https:\/\/barenboim-said.org\/es\/wp-json\/wp\/v2\/pages\/3","targetHints":{"allow":["GET"]}}],"collection":[{"href":"https:\/\/barenboim-said.org\/es\/wp-json\/wp\/v2\/pages"}],"about":[{"href":"https:\/\/barenboim-said.org\/es\/wp-json\/wp\/v2\/types\/page"}],"author":[{"embeddable":true,"href":"https:\/\/barenboim-said.org\/es\/wp-json\/wp\/v2\/users\/1"}],"replies":[{"embeddable":true,"href":"https:\/\/barenboim-said.org\/es\/wp-json\/wp\/v2\/comments?post=3"}],"version-history":[{"count":3,"href":"https:\/\/barenboim-said.org\/es\/wp-json\/wp\/v2\/pages\/3\/revisions"}],"predecessor-version":[{"id":43482,"href":"https:\/\/barenboim-said.org\/es\/wp-json\/wp\/v2\/pages\/3\/revisions\/43482"}],"wp:attachment":[{"href":"https:\/\/barenboim-said.org\/es\/wp-json\/wp\/v2\/media?parent=3"}],"curies":[{"name":"wp","href":"https:\/\/api.w.org\/{rel}","templated":true}]}}