{"id":27084,"date":"2021-04-23T12:56:15","date_gmt":"2021-04-23T10:56:15","guid":{"rendered":"https:\/\/barenboim-said.org\/donaciones-2"},"modified":"2026-02-16T12:29:07","modified_gmt":"2026-02-16T11:29:07","slug":"donaciones","status":"publish","type":"page","link":"https:\/\/barenboim-said.org\/es\/donaciones\/","title":{"rendered":"Donaciones"},"content":{"rendered":"\t\t<div data-elementor-type=\"wp-page\" data-elementor-id=\"27084\" class=\"elementor elementor-27084\" data-elementor-post-type=\"page\">\n\t\t\t\t\t\t<section class=\"elementor-section elementor-top-section elementor-element elementor-element-43cd0b6a elementor-section-height-min-height elementor-section-items-stretch elementor-section-boxed elementor-section-height-default\" data-id=\"43cd0b6a\" data-element_type=\"section\" data-e-type=\"section\" data-settings=\"{&quot;jet_parallax_layout_list&quot;:[{&quot;jet_parallax_layout_image&quot;:{&quot;url&quot;:&quot;&quot;,&quot;id&quot;:&quot;&quot;,&quot;size&quot;:&quot;&quot;},&quot;_id&quot;:&quot;49bad7b&quot;,&quot;jet_parallax_layout_image_tablet&quot;:{&quot;url&quot;:&quot;&quot;,&quot;id&quot;:&quot;&quot;,&quot;size&quot;:&quot;&quot;},&quot;jet_parallax_layout_image_mobile&quot;:{&quot;url&quot;:&quot;&quot;,&quot;id&quot;:&quot;&quot;,&quot;size&quot;:&quot;&quot;},&quot;jet_parallax_layout_speed&quot;:{&quot;unit&quot;:&quot;%&quot;,&quot;size&quot;:50,&quot;sizes&quot;:[]},&quot;jet_parallax_layout_type&quot;:&quot;scroll&quot;,&quot;jet_parallax_layout_direction&quot;:&quot;1&quot;,&quot;jet_parallax_layout_fx_direction&quot;:null,&quot;jet_parallax_layout_z_index&quot;:&quot;&quot;,&quot;jet_parallax_layout_bg_x&quot;:50,&quot;jet_parallax_layout_bg_x_tablet&quot;:&quot;&quot;,&quot;jet_parallax_layout_bg_x_mobile&quot;:&quot;&quot;,&quot;jet_parallax_layout_bg_y&quot;:50,&quot;jet_parallax_layout_bg_y_tablet&quot;:&quot;&quot;,&quot;jet_parallax_layout_bg_y_mobile&quot;:&quot;&quot;,&quot;jet_parallax_layout_bg_size&quot;:&quot;auto&quot;,&quot;jet_parallax_layout_bg_size_tablet&quot;:&quot;&quot;,&quot;jet_parallax_layout_bg_size_mobile&quot;:&quot;&quot;,&quot;jet_parallax_layout_animation_prop&quot;:&quot;transform&quot;,&quot;jet_parallax_layout_on&quot;:[&quot;desktop&quot;,&quot;tablet&quot;]}],&quot;background_background&quot;:&quot;classic&quot;}\">\n\t\t\t\t\t\t<div class=\"elementor-container elementor-column-gap-default\">\n\t\t\t\t\t<div class=\"elementor-column elementor-col-100 elementor-top-column elementor-element elementor-element-6d9b2a70\" data-id=\"6d9b2a70\" data-element_type=\"column\" data-e-type=\"column\">\n\t\t\t<div class=\"elementor-widget-wrap elementor-element-populated\">\n\t\t\t\t\t\t<div class=\"elementor-element elementor-element-618bb9a9 elementor-widget elementor-widget-heading\" data-id=\"618bb9a9\" data-element_type=\"widget\" data-e-type=\"widget\" data-widget_type=\"heading.default\">\n\t\t\t\t\t<h2 class=\"elementor-heading-title elementor-size-default\">Donaciones<\/h2>\t\t\t\t<\/div>\n\t\t\t\t\t<\/div>\n\t\t<\/div>\n\t\t\t\t\t<\/div>\n\t\t<\/section>\n\t\t\t\t<section class=\"elementor-section elementor-top-section elementor-element elementor-element-ab07d85 elementor-section-boxed elementor-section-height-default elementor-section-height-default\" data-id=\"ab07d85\" data-element_type=\"section\" data-e-type=\"section\" data-settings=\"{&quot;jet_parallax_layout_list&quot;:[{&quot;jet_parallax_layout_image&quot;:{&quot;url&quot;:&quot;&quot;,&quot;id&quot;:&quot;&quot;,&quot;size&quot;:&quot;&quot;},&quot;_id&quot;:&quot;25a2735&quot;,&quot;jet_parallax_layout_image_tablet&quot;:{&quot;url&quot;:&quot;&quot;,&quot;id&quot;:&quot;&quot;,&quot;size&quot;:&quot;&quot;},&quot;jet_parallax_layout_image_mobile&quot;:{&quot;url&quot;:&quot;&quot;,&quot;id&quot;:&quot;&quot;,&quot;size&quot;:&quot;&quot;},&quot;jet_parallax_layout_speed&quot;:{&quot;unit&quot;:&quot;%&quot;,&quot;size&quot;:50,&quot;sizes&quot;:[]},&quot;jet_parallax_layout_type&quot;:&quot;scroll&quot;,&quot;jet_parallax_layout_direction&quot;:&quot;1&quot;,&quot;jet_parallax_layout_fx_direction&quot;:null,&quot;jet_parallax_layout_z_index&quot;:&quot;&quot;,&quot;jet_parallax_layout_bg_x&quot;:50,&quot;jet_parallax_layout_bg_x_tablet&quot;:&quot;&quot;,&quot;jet_parallax_layout_bg_x_mobile&quot;:&quot;&quot;,&quot;jet_parallax_layout_bg_y&quot;:50,&quot;jet_parallax_layout_bg_y_tablet&quot;:&quot;&quot;,&quot;jet_parallax_layout_bg_y_mobile&quot;:&quot;&quot;,&quot;jet_parallax_layout_bg_size&quot;:&quot;auto&quot;,&quot;jet_parallax_layout_bg_size_tablet&quot;:&quot;&quot;,&quot;jet_parallax_layout_bg_size_mobile&quot;:&quot;&quot;,&quot;jet_parallax_layout_animation_prop&quot;:&quot;transform&quot;,&quot;jet_parallax_layout_on&quot;:[&quot;desktop&quot;,&quot;tablet&quot;]}]}\">\n\t\t\t\t\t\t<div class=\"elementor-container elementor-column-gap-default\">\n\t\t\t\t\t<div class=\"elementor-column elementor-col-50 elementor-top-column elementor-element elementor-element-58321da\" data-id=\"58321da\" data-element_type=\"column\" data-e-type=\"column\">\n\t\t\t<div class=\"elementor-widget-wrap elementor-element-populated\">\n\t\t\t\t\t\t<div class=\"elementor-element elementor-element-e88cc70 elementor-widget elementor-widget-text-editor\" data-id=\"e88cc70\" data-element_type=\"widget\" data-e-type=\"widget\" data-widget_type=\"text-editor.default\">\n\t\t\t\t\t\t\t\t\t<h2>Toda aportaci\u00f3n es importante. La suya, tambi\u00e9n.<\/h2><p>Al hacer una donaci\u00f3n no solo estar\u00e1 contribuyendo econ\u00f3micamente, sino que estar\u00e1 haciendo posible el desarrollo de proyectos que permiten ofrecer oportunidades a cientos de ni\u00f1os y ni\u00f1as, promover el esp\u00edritu de respeto y tolerancia a trav\u00e9s de la m\u00fasica y fomentar la multiculturalidad y el di\u00e1logo.\u00a0<\/p><p>Si quiere comprometerse de manera estable con los proyectos y actividades de la Fundaci\u00f3n Barenboim-Said, puede convertirse en <strong>Amigo de la Fundaci\u00f3n<\/strong><\/p>\t\t\t\t\t\t\t\t<\/div>\n\t\t\t\t<div class=\"elementor-element elementor-element-7f04f39 elementor-align-justify elementor-widget elementor-widget-button\" data-id=\"7f04f39\" data-element_type=\"widget\" data-e-type=\"widget\" data-widget_type=\"button.default\">\n\t\t\t\t\t\t\t\t\t\t<a class=\"elementor-button elementor-button-link elementor-size-sm\" href=\"https:\/\/barenboim-said.org\/amigos-de-la-fundacion\" target=\"_blank\">\n\t\t\t\t\t\t<span class=\"elementor-button-content-wrapper\">\n\t\t\t\t\t\t\t\t\t<span class=\"elementor-button-text\">QUERR\u00cdA SER AMIGO DE LA FUNDACI\u00d3N BARENBOIM-SAID<\/span>\n\t\t\t\t\t<\/span>\n\t\t\t\t\t<\/a>\n\t\t\t\t\t\t\t\t<\/div>\n\t\t\t\t\t<\/div>\n\t\t<\/div>\n\t\t\t\t<div class=\"elementor-column elementor-col-50 elementor-top-column elementor-element elementor-element-8d73510\" data-id=\"8d73510\" data-element_type=\"column\" data-e-type=\"column\" data-settings=\"{&quot;background_background&quot;:&quot;classic&quot;}\">\n\t\t\t<div class=\"elementor-widget-wrap elementor-element-populated\">\n\t\t\t\t\t\t<div class=\"elementor-element elementor-element-737ee29 elementor-widget elementor-widget-html\" data-id=\"737ee29\" data-element_type=\"widget\" data-e-type=\"widget\" data-widget_type=\"html.default\">\n\t\t\t\t\t<div style=\"text-align: center;\">\r\n\t<h3>Colabore ahora<\/h3>Con su aportaci\u00f3n colaborar\u00e1 con los proyectos musicales y de cooperaci\u00f3n internacional desarrollados por la Fundaci\u00f3n.\r\n\t\tPulse una cantidad o ind\u00edquela <br><br>\r\n\t<a class=\"btn-donacion\" style=\"\" onclick=\"document.getElementById(&quot;alg_open_price_27086&quot;).value = &quot;10.00&quot;;\">100\u20ac<\/a> <a class=\"btn-donacion\" style=\"\" onclick=\"document.getElementById(&quot;alg_open_price_27086&quot;).value = &quot;25.00&quot;;\">250\u20ac<\/a> <a class=\"btn-donacion\" style=\"\" onclick=\"document.getElementById(&quot;alg_open_price_27086&quot;).value = &quot;50.00&quot;;\">500\u20ac<\/a>\r\n\t<form class=\"cart\" action=\"https:\/\/barenboim-said.org\/colaboracion\/donativo\" method=\"post\" enctype=\"multipart\/form-data\">\r\n\t\t\r\n\t\t<label for=\"alg_open_price_27086\"><\/label> <input type=\"number\" data-product_id=\"27086\" class=\"alg_open_price text\" placeholder=\"\u20ac\" style=\"width:100px;text-align:center;margin-bottom:10px;margin-top:20px;padding: .6rem .5rem;\" name=\"alg_open_price\" id=\"alg_open_price_27086\" value=\"\" pattern=\"\" step=\"0.01\">\r\n\t\t\t<div class=\"quantity hidden\">\r\n\t\t<input type=\"hidden\" id=\"quantity_60e2f0fd94d73\" class=\"qty\" name=\"quantity\" value=\"1\">\r\n\t<\/div>\r\n\t\r\n\t\t<button type=\"submit\" name=\"add-to-cart\" value=\"27086\" class=\"single_add_to_cart_button button alt\">Colaborar<\/button>\r\n\t\t\t<\/form>\r\n\r\n<\/div>\t\t\t\t<\/div>\n\t\t\t\t\t<\/div>\n\t\t<\/div>\n\t\t\t\t\t<\/div>\n\t\t<\/section>\n\t\t\t\t<section class=\"elementor-section elementor-top-section elementor-element elementor-element-887bf85 elementor-section-boxed elementor-section-height-default elementor-section-height-default\" data-id=\"887bf85\" data-element_type=\"section\" data-e-type=\"section\" data-settings=\"{&quot;jet_parallax_layout_list&quot;:[{&quot;jet_parallax_layout_image&quot;:{&quot;url&quot;:&quot;&quot;,&quot;id&quot;:&quot;&quot;,&quot;size&quot;:&quot;&quot;},&quot;_id&quot;:&quot;7dac54c&quot;,&quot;jet_parallax_layout_image_tablet&quot;:{&quot;url&quot;:&quot;&quot;,&quot;id&quot;:&quot;&quot;,&quot;size&quot;:&quot;&quot;},&quot;jet_parallax_layout_image_mobile&quot;:{&quot;url&quot;:&quot;&quot;,&quot;id&quot;:&quot;&quot;,&quot;size&quot;:&quot;&quot;},&quot;jet_parallax_layout_speed&quot;:{&quot;unit&quot;:&quot;%&quot;,&quot;size&quot;:50,&quot;sizes&quot;:[]},&quot;jet_parallax_layout_type&quot;:&quot;scroll&quot;,&quot;jet_parallax_layout_direction&quot;:&quot;1&quot;,&quot;jet_parallax_layout_fx_direction&quot;:null,&quot;jet_parallax_layout_z_index&quot;:&quot;&quot;,&quot;jet_parallax_layout_bg_x&quot;:50,&quot;jet_parallax_layout_bg_x_tablet&quot;:&quot;&quot;,&quot;jet_parallax_layout_bg_x_mobile&quot;:&quot;&quot;,&quot;jet_parallax_layout_bg_y&quot;:50,&quot;jet_parallax_layout_bg_y_tablet&quot;:&quot;&quot;,&quot;jet_parallax_layout_bg_y_mobile&quot;:&quot;&quot;,&quot;jet_parallax_layout_bg_size&quot;:&quot;auto&quot;,&quot;jet_parallax_layout_bg_size_tablet&quot;:&quot;&quot;,&quot;jet_parallax_layout_bg_size_mobile&quot;:&quot;&quot;,&quot;jet_parallax_layout_animation_prop&quot;:&quot;transform&quot;,&quot;jet_parallax_layout_on&quot;:[&quot;desktop&quot;,&quot;tablet&quot;]}],&quot;background_background&quot;:&quot;classic&quot;}\">\n\t\t\t\t\t\t<div class=\"elementor-container elementor-column-gap-default\">\n\t\t\t\t\t<div class=\"elementor-column elementor-col-100 elementor-top-column elementor-element elementor-element-5294894\" data-id=\"5294894\" data-element_type=\"column\" data-e-type=\"column\" data-settings=\"{&quot;background_background&quot;:&quot;classic&quot;}\">\n\t\t\t<div class=\"elementor-widget-wrap elementor-element-populated\">\n\t\t\t\t\t\t<div class=\"elementor-element elementor-element-e33dfa1 elementor-widget elementor-widget-text-editor\" data-id=\"e33dfa1\" data-element_type=\"widget\" data-e-type=\"widget\" data-widget_type=\"text-editor.default\">\n\t\t\t\t\t\t\t\t\t<h3 style=\"text-align: center;\">\u00bfConoce los beneficios fiscales de hacer una donaci\u00f3n?<\/h3><p>Los incentivos fiscales al mecenazgo est\u00e1n previstos en la reforma fiscal aprobada por la Ley 27\/2014 de noviembre, del Impuesto sobre Sociedades, que introduce en su Disposici\u00f3n final 5\u00aa modificaciones a los art\u00ed\u00adculos 19 y 20 de la Ley 49\/2002, de 23 de diciembre, de r\u00e9gimen fiscal de las entidades sin \u00e1nimo de lucro y de los incentivos fiscales al mecenazgo, en relaci\u00f3n a los tipos de deducci\u00f3n aplicables por <strong>donaciones realizadas a fundaciones y asociaciones declaradas de utilidad p\u00fablica acogidas al r\u00e9gimen fiscal especial regulado en dicha Ley 49\/2002<\/strong>. As\u00ed\u00ad, a partir del 1 de enero de 2024 los tipos de deducci\u00f3n son los siguientes:<\/p>\t\t\t\t\t\t\t\t<\/div>\n\t\t\t\t<div class=\"elementor-element elementor-element-9e9e7fa elementor-widget elementor-widget-jet-table\" data-id=\"9e9e7fa\" data-element_type=\"widget\" data-e-type=\"widget\" data-widget_type=\"jet-table.default\">\n\t\t\t\t<div class=\"elementor-widget-container\">\n\t\t\t\t\t<div class=\"elementor-jet-table jet-elements\">\n\t\t<div class=\"jet-table-wrapper\">\n\t\t\t<table class=\"jet-table jet-table--fa5-compat\">\n\t\t\t\t<thead class=\"jet-table__head\"><tr class=\"jet-table__head-row\"><th class=\"jet-table__cell elementor-repeater-item-44eac1e jet-table__head-cell\" scope=\"col\"><div class=\"jet-table__cell-inner\"><div class=\"jet-table__cell-content\"><div class=\"jet-table__cell-text\">Deducciones para donaciones de personas f\u00edsicas en la cuota del Impuesto sobre la Renta<\/div><\/div><\/div><\/th><th class=\"jet-table__cell elementor-repeater-item-aae7bae jet-table__head-cell\" scope=\"col\"><div class=\"jet-table__cell-inner\"><div class=\"jet-table__cell-content\"><div class=\"jet-table__cell-text\">A partir de 2024<\/div><\/div><\/div><\/th><\/tr><\/thead>\n\t\t\t\t\t\t\t\t<tbody class=\"jet-table__body\"><tr class=\"jet-table__body-row elementor-repeater-item-3f4b101\"><td class=\"jet-table__cell elementor-repeater-item-4fd9d3d jet-table__body-cell\"><div class=\"jet-table__cell-inner\"><div class=\"jet-table__cell-content\"><div class=\"jet-table__cell-text\">Hasta 250 \u20ac<\/div><\/div><\/div><\/td><td class=\"jet-table__cell elementor-repeater-item-bc17463 jet-table__body-cell\"><div class=\"jet-table__cell-inner\"><div class=\"jet-table__cell-content\"><div class=\"jet-table__cell-text\">80%<\/div><\/div><\/div><\/td><\/tr><tr class=\"jet-table__body-row elementor-repeater-item-4781dd2\"><td class=\"jet-table__cell elementor-repeater-item-41302d8 jet-table__body-cell\"><div class=\"jet-table__cell-inner\"><div class=\"jet-table__cell-content\"><div class=\"jet-table__cell-text\">A partir de 250 \u20ac<\/div><\/div><\/div><\/td><td class=\"jet-table__cell elementor-repeater-item-3b19027 jet-table__body-cell\"><div class=\"jet-table__cell-inner\"><div class=\"jet-table__cell-content\"><div class=\"jet-table__cell-text\">40%<\/div><\/div><\/div><\/td><\/tr><tr class=\"jet-table__body-row elementor-repeater-item-d6fd3b5\"><td class=\"jet-table__cell elementor-repeater-item-17ca09f jet-table__body-cell\"><div class=\"jet-table__cell-inner\"><div class=\"jet-table__cell-content\"><div class=\"jet-table__cell-text\">Donaciones plurianuales (realizadas a partir del tercer a\u00f1o a la misma entidad, en la cantidad que exceda de 250 \u20ac)<\/div><\/div><\/div><\/td><td class=\"jet-table__cell elementor-repeater-item-e456704 jet-table__body-cell\"><div class=\"jet-table__cell-inner\"><div class=\"jet-table__cell-content\"><div class=\"jet-table__cell-text\">45%<\/div><\/div><\/div><\/td><\/tr><tr class=\"jet-table__body-row elementor-repeater-item-d6b3f84\"><td class=\"jet-table__cell elementor-repeater-item-d7dd65c jet-table__body-cell\"><div class=\"jet-table__cell-inner\"><div class=\"jet-table__cell-content\"><div class=\"jet-table__cell-text\">L\u00ed\u00admite de deducci\u00f3n<\/div><\/div><\/div><\/td><td class=\"jet-table__cell elementor-repeater-item-c9543d9 jet-table__body-cell\"><div class=\"jet-table__cell-inner\"><div class=\"jet-table__cell-content\"><div class=\"jet-table__cell-text\">10% de la base liquidable<\/div><\/div><\/div><\/td><\/tr><\/tbody>\n\t\t\t<\/table>\n\t\t<\/div>\n\n\t\t<\/div>\t\t\t\t<\/div>\n\t\t\t\t<\/div>\n\t\t\t\t<div class=\"elementor-element elementor-element-ec61bd9 elementor-widget elementor-widget-jet-table\" data-id=\"ec61bd9\" data-element_type=\"widget\" data-e-type=\"widget\" data-widget_type=\"jet-table.default\">\n\t\t\t\t<div class=\"elementor-widget-container\">\n\t\t\t\t\t<div class=\"elementor-jet-table jet-elements\">\n\t\t<div class=\"jet-table-wrapper\">\n\t\t\t<table class=\"jet-table jet-table--fa5-compat\">\n\t\t\t\t<thead class=\"jet-table__head\"><tr class=\"jet-table__head-row\"><th class=\"jet-table__cell elementor-repeater-item-44eac1e jet-table__head-cell\" scope=\"col\"><div class=\"jet-table__cell-inner\"><div class=\"jet-table__cell-content\"><div class=\"jet-table__cell-text\">Deducciones para donaciones de personas f\u00edsicas no residentes en la cuota del Impuesto sobre la Renta <\/div><\/div><\/div><\/th><th class=\"jet-table__cell elementor-repeater-item-aae7bae jet-table__head-cell\" scope=\"col\"><div class=\"jet-table__cell-inner\"><div class=\"jet-table__cell-content\"><div class=\"jet-table__cell-text\">A partir de 2024<\/div><\/div><\/div><\/th><\/tr><\/thead>\n\t\t\t\t\t\t\t\t<tbody class=\"jet-table__body\"><tr class=\"jet-table__body-row elementor-repeater-item-3f4b101\"><td class=\"jet-table__cell elementor-repeater-item-4fd9d3d jet-table__body-cell\"><div class=\"jet-table__cell-inner\"><div class=\"jet-table__cell-content\"><div class=\"jet-table__cell-text\">Hasta 250 \u20ac<\/div><\/div><\/div><\/td><td class=\"jet-table__cell elementor-repeater-item-bc17463 jet-table__body-cell\"><div class=\"jet-table__cell-inner\"><div class=\"jet-table__cell-content\"><div class=\"jet-table__cell-text\">80%<\/div><\/div><\/div><\/td><\/tr><tr class=\"jet-table__body-row elementor-repeater-item-4781dd2\"><td class=\"jet-table__cell elementor-repeater-item-41302d8 jet-table__body-cell\"><div class=\"jet-table__cell-inner\"><div class=\"jet-table__cell-content\"><div class=\"jet-table__cell-text\">A partir de 250 \u20ac<\/div><\/div><\/div><\/td><td class=\"jet-table__cell elementor-repeater-item-3b19027 jet-table__body-cell\"><div class=\"jet-table__cell-inner\"><div class=\"jet-table__cell-content\"><div class=\"jet-table__cell-text\">40%<\/div><\/div><\/div><\/td><\/tr><tr class=\"jet-table__body-row elementor-repeater-item-d6fd3b5\"><td class=\"jet-table__cell elementor-repeater-item-17ca09f jet-table__body-cell\"><div class=\"jet-table__cell-inner\"><div class=\"jet-table__cell-content\"><div class=\"jet-table__cell-text\">Donaciones plurianuales (realizadas a partir del tercer a\u00f1o a la misma entidad, en la cantidad que exceda de 250 \u20ac)<\/div><\/div><\/div><\/td><td class=\"jet-table__cell elementor-repeater-item-e456704 jet-table__body-cell\"><div class=\"jet-table__cell-inner\"><div class=\"jet-table__cell-content\"><div class=\"jet-table__cell-text\">45%<\/div><\/div><\/div><\/td><\/tr><tr class=\"jet-table__body-row elementor-repeater-item-d6b3f84\"><td class=\"jet-table__cell elementor-repeater-item-d7dd65c jet-table__body-cell\"><div class=\"jet-table__cell-inner\"><div class=\"jet-table__cell-content\"><div class=\"jet-table__cell-text\">L\u00ed\u00admite de deducci\u00f3n<\/div><\/div><\/div><\/td><td class=\"jet-table__cell elementor-repeater-item-c9543d9 jet-table__body-cell\"><div class=\"jet-table__cell-inner\"><div class=\"jet-table__cell-content\"><div class=\"jet-table__cell-text\">15% de la base liquidable<\/div><\/div><\/div><\/td><\/tr><\/tbody>\n\t\t\t<\/table>\n\t\t<\/div>\n\n\t\t<\/div>\t\t\t\t<\/div>\n\t\t\t\t<\/div>\n\t\t\t\t<div class=\"elementor-element elementor-element-3213516 elementor-widget elementor-widget-jet-table\" data-id=\"3213516\" data-element_type=\"widget\" data-e-type=\"widget\" data-widget_type=\"jet-table.default\">\n\t\t\t\t<div class=\"elementor-widget-container\">\n\t\t\t\t\t<div class=\"elementor-jet-table jet-elements\">\n\t\t<div class=\"jet-table-wrapper\">\n\t\t\t<table class=\"jet-table jet-table--fa5-compat\">\n\t\t\t\t<thead class=\"jet-table__head\"><tr class=\"jet-table__head-row\"><th class=\"jet-table__cell elementor-repeater-item-44eac1e jet-table__head-cell\" scope=\"col\"><div class=\"jet-table__cell-inner\"><div class=\"jet-table__cell-content\"><div class=\"jet-table__cell-text\">Deducciones para donaciones de personas jur\u00eddicas en la cuota del Impuesto sobre Sociedades<\/div><\/div><\/div><\/th><th class=\"jet-table__cell elementor-repeater-item-aae7bae jet-table__head-cell\" scope=\"col\"><div class=\"jet-table__cell-inner\"><div class=\"jet-table__cell-content\"><div class=\"jet-table__cell-text\">A partir de 2024<\/div><\/div><\/div><\/th><\/tr><\/thead>\n\t\t\t\t\t\t\t\t<tbody class=\"jet-table__body\"><tr class=\"jet-table__body-row elementor-repeater-item-3f4b101\"><td class=\"jet-table__cell elementor-repeater-item-4fd9d3d jet-table__body-cell\"><div class=\"jet-table__cell-inner\"><div class=\"jet-table__cell-content\"><div class=\"jet-table__cell-text\">Donaciones<\/div><\/div><\/div><\/td><td class=\"jet-table__cell elementor-repeater-item-a6372da jet-table__body-cell\"><div class=\"jet-table__cell-inner\"><div class=\"jet-table__cell-content\"><div class=\"jet-table__cell-text\">40%<\/div><\/div><\/div><\/td><\/tr><tr class=\"jet-table__body-row elementor-repeater-item-e4558e9\"><td class=\"jet-table__cell elementor-repeater-item-337a418 jet-table__body-cell\"><div class=\"jet-table__cell-inner\"><div class=\"jet-table__cell-content\"><div class=\"jet-table__cell-text\">Donaciones plurianuales (las realizadas a partir del tercer a\u00f1o a la misma entidad)<\/div><\/div><\/div><\/td><td class=\"jet-table__cell elementor-repeater-item-c210fc2 jet-table__body-cell\"><div class=\"jet-table__cell-inner\"><div class=\"jet-table__cell-content\"><div class=\"jet-table__cell-text\">50%<\/div><\/div><\/div><\/td><\/tr><tr class=\"jet-table__body-row elementor-repeater-item-e9d9b83\"><td class=\"jet-table__cell elementor-repeater-item-2ab8b20 jet-table__body-cell\"><div class=\"jet-table__cell-inner\"><div class=\"jet-table__cell-content\"><div class=\"jet-table__cell-text\">L\u00edmite de deducci\u00f3n<\/div><\/div><\/div><\/td><td class=\"jet-table__cell elementor-repeater-item-78ed017 jet-table__body-cell\"><div class=\"jet-table__cell-inner\"><div class=\"jet-table__cell-content\"><div class=\"jet-table__cell-text\">15% de la base imponible<\/div><\/div><\/div><\/td><\/tr><\/tbody>\n\t\t\t<\/table>\n\t\t<\/div>\n\n\t\t<\/div>\t\t\t\t<\/div>\n\t\t\t\t<\/div>\n\t\t\t\t\t<\/div>\n\t\t<\/div>\n\t\t\t\t\t<\/div>\n\t\t<\/section>\n\t\t\t\t<\/div>\n\t\t","protected":false},"excerpt":{"rendered":"<p>Toda aportaci\u00f3n es importante. La suya, tambi\u00e9n. Al hacer una donaci\u00f3n no solo estar\u00e1 contribuyendo econ\u00f3micamente, sino que estar\u00e1 haciendo posible el desarrollo de proyectos que permiten ofrecer oportunidades a cientos de ni\u00f1os y ni\u00f1as, promover el esp\u00edritu de respeto y tolerancia a trav\u00e9s de la m\u00fasica y fomentar la multiculturalidad y el di\u00e1logo.\u00a0 Si [&hellip;]<\/p>\n","protected":false},"author":6,"featured_media":0,"parent":0,"menu_order":0,"comment_status":"closed","ping_status":"closed","template":"","meta":{"footnotes":""},"class_list":["post-27084","page","type-page","status-publish","hentry"],"_links":{"self":[{"href":"https:\/\/barenboim-said.org\/es\/wp-json\/wp\/v2\/pages\/27084","targetHints":{"allow":["GET"]}}],"collection":[{"href":"https:\/\/barenboim-said.org\/es\/wp-json\/wp\/v2\/pages"}],"about":[{"href":"https:\/\/barenboim-said.org\/es\/wp-json\/wp\/v2\/types\/page"}],"author":[{"embeddable":true,"href":"https:\/\/barenboim-said.org\/es\/wp-json\/wp\/v2\/users\/6"}],"replies":[{"embeddable":true,"href":"https:\/\/barenboim-said.org\/es\/wp-json\/wp\/v2\/comments?post=27084"}],"version-history":[{"count":3,"href":"https:\/\/barenboim-said.org\/es\/wp-json\/wp\/v2\/pages\/27084\/revisions"}],"predecessor-version":[{"id":44343,"href":"https:\/\/barenboim-said.org\/es\/wp-json\/wp\/v2\/pages\/27084\/revisions\/44343"}],"wp:attachment":[{"href":"https:\/\/barenboim-said.org\/es\/wp-json\/wp\/v2\/media?parent=27084"}],"curies":[{"name":"wp","href":"https:\/\/api.w.org\/{rel}","templated":true}]}}