{"id":24728,"date":"2021-04-28T15:55:08","date_gmt":"2021-04-28T13:55:08","guid":{"rendered":"https:\/\/barenboim-said.org\/?page_id=24728"},"modified":"2024-11-04T12:33:53","modified_gmt":"2024-11-04T11:33:53","slug":"publicaciones-literarias","status":"publish","type":"page","link":"https:\/\/barenboim-said.org\/es\/publicacionespage\/publicaciones-literarias\/","title":{"rendered":"Publicaciones literarias"},"content":{"rendered":"\t\t<div data-elementor-type=\"wp-page\" data-elementor-id=\"24728\" class=\"elementor elementor-24728\" data-elementor-post-type=\"page\">\n\t\t\t\t\t\t<section class=\"elementor-section elementor-top-section elementor-element elementor-element-6f4054e elementor-section-boxed elementor-section-height-default elementor-section-height-default\" data-id=\"6f4054e\" data-element_type=\"section\" data-e-type=\"section\" data-settings=\"{&quot;jet_parallax_layout_list&quot;:[{&quot;jet_parallax_layout_image&quot;:{&quot;url&quot;:&quot;&quot;,&quot;id&quot;:&quot;&quot;,&quot;size&quot;:&quot;&quot;},&quot;_id&quot;:&quot;21978f6&quot;,&quot;jet_parallax_layout_image_tablet&quot;:{&quot;url&quot;:&quot;&quot;,&quot;id&quot;:&quot;&quot;,&quot;size&quot;:&quot;&quot;},&quot;jet_parallax_layout_image_mobile&quot;:{&quot;url&quot;:&quot;&quot;,&quot;id&quot;:&quot;&quot;,&quot;size&quot;:&quot;&quot;},&quot;jet_parallax_layout_speed&quot;:{&quot;unit&quot;:&quot;%&quot;,&quot;size&quot;:50,&quot;sizes&quot;:[]},&quot;jet_parallax_layout_type&quot;:&quot;scroll&quot;,&quot;jet_parallax_layout_direction&quot;:&quot;1&quot;,&quot;jet_parallax_layout_fx_direction&quot;:null,&quot;jet_parallax_layout_z_index&quot;:&quot;&quot;,&quot;jet_parallax_layout_bg_x&quot;:50,&quot;jet_parallax_layout_bg_x_tablet&quot;:&quot;&quot;,&quot;jet_parallax_layout_bg_x_mobile&quot;:&quot;&quot;,&quot;jet_parallax_layout_bg_y&quot;:50,&quot;jet_parallax_layout_bg_y_tablet&quot;:&quot;&quot;,&quot;jet_parallax_layout_bg_y_mobile&quot;:&quot;&quot;,&quot;jet_parallax_layout_bg_size&quot;:&quot;auto&quot;,&quot;jet_parallax_layout_bg_size_tablet&quot;:&quot;&quot;,&quot;jet_parallax_layout_bg_size_mobile&quot;:&quot;&quot;,&quot;jet_parallax_layout_animation_prop&quot;:&quot;transform&quot;,&quot;jet_parallax_layout_on&quot;:[&quot;desktop&quot;,&quot;tablet&quot;]}]}\">\n\t\t\t\t\t\t<div class=\"elementor-container elementor-column-gap-default\">\n\t\t\t\t\t<div class=\"elementor-column elementor-col-100 elementor-top-column elementor-element elementor-element-a799ebd\" data-id=\"a799ebd\" data-element_type=\"column\" data-e-type=\"column\">\n\t\t\t<div class=\"elementor-widget-wrap elementor-element-populated\">\n\t\t\t\t\t\t<div class=\"elementor-element elementor-element-0cc55f2 elementor-grid-3 elementor-grid-tablet-2 elementor-grid-mobile-1 elementor-posts--thumbnail-top elementor-card-shadow-yes elementor-posts__hover-gradient elementor-widget elementor-widget-posts\" data-id=\"0cc55f2\" data-element_type=\"widget\" data-e-type=\"widget\" data-settings=\"{&quot;pagination_type&quot;:&quot;numbers&quot;,&quot;cards_columns&quot;:&quot;3&quot;,&quot;cards_columns_tablet&quot;:&quot;2&quot;,&quot;cards_columns_mobile&quot;:&quot;1&quot;,&quot;cards_row_gap&quot;:{&quot;unit&quot;:&quot;px&quot;,&quot;size&quot;:35,&quot;sizes&quot;:[]},&quot;cards_row_gap_tablet&quot;:{&quot;unit&quot;:&quot;px&quot;,&quot;size&quot;:&quot;&quot;,&quot;sizes&quot;:[]},&quot;cards_row_gap_mobile&quot;:{&quot;unit&quot;:&quot;px&quot;,&quot;size&quot;:&quot;&quot;,&quot;sizes&quot;:[]}}\" data-widget_type=\"posts.cards\">\n\t\t\t\t<div class=\"elementor-widget-container\">\n\t\t\t\t\t\t\t<div class=\"elementor-posts-container elementor-posts elementor-posts--skin-cards elementor-grid\" role=\"list\">\n\t\t\t\t<article class=\"elementor-post elementor-grid-item post-25514 publicaciones type-publicaciones status-publish has-post-thumbnail hentry tipos-de-publicaciones-publicaciones-literarias\" role=\"listitem\">\n\t\t\t<div class=\"elementor-post__card\">\n\t\t\t\t<a class=\"elementor-post__thumbnail__link\" href=\"https:\/\/barenboim-said.org\/es\/publicaciones\/paralelismos-y-paradojas-de-edward-w-said-y-daniel-barenboim\/\" tabindex=\"-1\" ><div class=\"elementor-post__thumbnail\"><img fetchpriority=\"high\" decoding=\"async\" width=\"200\" height=\"333\" src=\"https:\/\/barenboim-said.org\/wp-content\/uploads\/2021\/05\/portadaParalelismosHebreo.jpg_1010867058.jpg\" class=\"attachment-full size-full wp-image-25515\" alt=\"\" srcset=\"https:\/\/barenboim-said.org\/wp-content\/uploads\/2021\/05\/portadaParalelismosHebreo.jpg_1010867058.jpg 200w, https:\/\/barenboim-said.org\/wp-content\/uploads\/2021\/05\/portadaParalelismosHebreo.jpg_1010867058-180x300.jpg 180w\" sizes=\"(max-width: 200px) 100vw, 200px\" \/><\/div><\/a>\n\t\t\t\t<div class=\"elementor-post__text\">\n\t\t\t\t<h3 class=\"elementor-post__title\">\n\t\t\t<a href=\"https:\/\/barenboim-said.org\/es\/publicaciones\/paralelismos-y-paradojas-de-edward-w-said-y-daniel-barenboim\/\" >\n\t\t\t\t&#8216;PARALELISMOS Y PARADOJAS&#8217; DE EDWARD W. SAID Y DANIEL BARENBOIM\t\t\t<\/a>\n\t\t<\/h3>\n\t\t\t\t<\/div>\n\t\t\t\t\t<\/div>\n\t\t<\/article>\n\t\t\t\t<article class=\"elementor-post elementor-grid-item post-25511 publicaciones type-publicaciones status-publish has-post-thumbnail hentry tipos-de-publicaciones-publicaciones-literarias\" role=\"listitem\">\n\t\t\t<div class=\"elementor-post__card\">\n\t\t\t\t<a class=\"elementor-post__thumbnail__link\" href=\"https:\/\/barenboim-said.org\/es\/publicaciones\/humanismo-y-critica-democratica-de-edward-w-said\/\" tabindex=\"-1\" ><div class=\"elementor-post__thumbnail\"><img decoding=\"async\" width=\"200\" height=\"293\" src=\"https:\/\/barenboim-said.org\/wp-content\/uploads\/2021\/05\/humanismo_critica_democratica.jpg_1010866283.jpg\" class=\"attachment-full size-full wp-image-25512\" alt=\"\" \/><\/div><\/a>\n\t\t\t\t<div class=\"elementor-post__text\">\n\t\t\t\t<h3 class=\"elementor-post__title\">\n\t\t\t<a href=\"https:\/\/barenboim-said.org\/es\/publicaciones\/humanismo-y-critica-democratica-de-edward-w-said\/\" >\n\t\t\t\t&#8216;HUMANISMO Y CR\u00cdTICA DEMOCR\u00c1TICA&#8217; DE EDWARD W. SAID\t\t\t<\/a>\n\t\t<\/h3>\n\t\t\t\t<\/div>\n\t\t\t\t\t<\/div>\n\t\t<\/article>\n\t\t\t\t<article class=\"elementor-post elementor-grid-item post-25508 publicaciones type-publicaciones status-publish has-post-thumbnail hentry tipos-de-publicaciones-publicaciones-literarias\" role=\"listitem\">\n\t\t\t<div class=\"elementor-post__card\">\n\t\t\t\t<a class=\"elementor-post__thumbnail__link\" href=\"https:\/\/barenboim-said.org\/es\/publicaciones\/representaciones-del-intelectual-de-edward-w-said\/\" tabindex=\"-1\" ><div class=\"elementor-post__thumbnail\"><img decoding=\"async\" width=\"200\" height=\"309\" src=\"https:\/\/barenboim-said.org\/wp-content\/uploads\/2021\/05\/representaciones_intelectual.jpg_1010866971.jpg\" class=\"attachment-full size-full wp-image-25509\" alt=\"\" srcset=\"https:\/\/barenboim-said.org\/wp-content\/uploads\/2021\/05\/representaciones_intelectual.jpg_1010866971.jpg 200w, https:\/\/barenboim-said.org\/wp-content\/uploads\/2021\/05\/representaciones_intelectual.jpg_1010866971-194x300.jpg 194w\" sizes=\"(max-width: 200px) 100vw, 200px\" \/><\/div><\/a>\n\t\t\t\t<div class=\"elementor-post__text\">\n\t\t\t\t<h3 class=\"elementor-post__title\">\n\t\t\t<a href=\"https:\/\/barenboim-said.org\/es\/publicaciones\/representaciones-del-intelectual-de-edward-w-said\/\" >\n\t\t\t\t&#8216;REPRESENTACIONES DEL INTELECTUAL&#8217;, DE EDWARD W. SAID\t\t\t<\/a>\n\t\t<\/h3>\n\t\t\t\t<\/div>\n\t\t\t\t\t<\/div>\n\t\t<\/article>\n\t\t\t\t<article class=\"elementor-post elementor-grid-item post-25505 publicaciones type-publicaciones status-publish has-post-thumbnail hentry tipos-de-publicaciones-publicaciones-literarias\" role=\"listitem\">\n\t\t\t<div class=\"elementor-post__card\">\n\t\t\t\t<a class=\"elementor-post__thumbnail__link\" href=\"https:\/\/barenboim-said.org\/es\/publicaciones\/elaboraciones-musicales-de-edward-w-said\/\" tabindex=\"-1\" ><div class=\"elementor-post__thumbnail\"><img loading=\"lazy\" decoding=\"async\" width=\"200\" height=\"300\" src=\"https:\/\/barenboim-said.org\/wp-content\/uploads\/2021\/05\/elaboraciones_musicales.jpg_1010866962.jpg\" class=\"attachment-full size-full wp-image-25506\" alt=\"\" \/><\/div><\/a>\n\t\t\t\t<div class=\"elementor-post__text\">\n\t\t\t\t<h3 class=\"elementor-post__title\">\n\t\t\t<a href=\"https:\/\/barenboim-said.org\/es\/publicaciones\/elaboraciones-musicales-de-edward-w-said\/\" >\n\t\t\t\t&#8216;ELABORACIONES MUSICALES&#8217;, DE EDWARD W. SAID\t\t\t<\/a>\n\t\t<\/h3>\n\t\t\t\t<\/div>\n\t\t\t\t\t<\/div>\n\t\t<\/article>\n\t\t\t\t<article class=\"elementor-post elementor-grid-item post-25502 publicaciones type-publicaciones status-publish has-post-thumbnail hentry tipos-de-publicaciones-publicaciones-literarias\" role=\"listitem\">\n\t\t\t<div class=\"elementor-post__card\">\n\t\t\t\t<a class=\"elementor-post__thumbnail__link\" href=\"https:\/\/barenboim-said.org\/es\/publicaciones\/sobre-el-estilo-tardio-musica-y-literatura-a-contracorriente-de-edward-w-said\/\" tabindex=\"-1\" ><div class=\"elementor-post__thumbnail\"><img loading=\"lazy\" decoding=\"async\" width=\"200\" height=\"310\" src=\"https:\/\/barenboim-said.org\/wp-content\/uploads\/2021\/05\/sobre_estilo_tardio-1.jpg_1010866993-1.jpg\" class=\"attachment-full size-full wp-image-25503\" alt=\"\" srcset=\"https:\/\/barenboim-said.org\/wp-content\/uploads\/2021\/05\/sobre_estilo_tardio-1.jpg_1010866993-1.jpg 200w, https:\/\/barenboim-said.org\/wp-content\/uploads\/2021\/05\/sobre_estilo_tardio-1.jpg_1010866993-1-194x300.jpg 194w\" sizes=\"(max-width: 200px) 100vw, 200px\" \/><\/div><\/a>\n\t\t\t\t<div class=\"elementor-post__text\">\n\t\t\t\t<h3 class=\"elementor-post__title\">\n\t\t\t<a href=\"https:\/\/barenboim-said.org\/es\/publicaciones\/sobre-el-estilo-tardio-musica-y-literatura-a-contracorriente-de-edward-w-said\/\" >\n\t\t\t\t&#8216;SOBRE EL ESTILO TARD\u00cdO: M\u00daSICA Y LITERATURA A CONTRACORRIENTE&#8217;, DE EDWARD W. SAID\t\t\t<\/a>\n\t\t<\/h3>\n\t\t\t\t<\/div>\n\t\t\t\t\t<\/div>\n\t\t<\/article>\n\t\t\t\t<article class=\"elementor-post elementor-grid-item post-25499 publicaciones type-publicaciones status-publish has-post-thumbnail hentry tipos-de-publicaciones-publicaciones-literarias\" role=\"listitem\">\n\t\t\t<div class=\"elementor-post__card\">\n\t\t\t\t<a class=\"elementor-post__thumbnail__link\" href=\"https:\/\/barenboim-said.org\/es\/publicaciones\/musica-al-limite-tres-decadas-de-ensayos-y-articulos-musicales-de-edward-w-said\/\" tabindex=\"-1\" ><div class=\"elementor-post__thumbnail\"><img loading=\"lazy\" decoding=\"async\" width=\"200\" height=\"309\" src=\"https:\/\/barenboim-said.org\/wp-content\/uploads\/2021\/05\/musica_al_limite.jpg_1010866971.jpg\" class=\"attachment-full size-full wp-image-25500\" alt=\"\" srcset=\"https:\/\/barenboim-said.org\/wp-content\/uploads\/2021\/05\/musica_al_limite.jpg_1010866971.jpg 200w, https:\/\/barenboim-said.org\/wp-content\/uploads\/2021\/05\/musica_al_limite.jpg_1010866971-194x300.jpg 194w\" sizes=\"(max-width: 200px) 100vw, 200px\" \/><\/div><\/a>\n\t\t\t\t<div class=\"elementor-post__text\">\n\t\t\t\t<h3 class=\"elementor-post__title\">\n\t\t\t<a href=\"https:\/\/barenboim-said.org\/es\/publicaciones\/musica-al-limite-tres-decadas-de-ensayos-y-articulos-musicales-de-edward-w-said\/\" >\n\t\t\t\t&#8216;M\u00daSICA AL L\u00cdMITE. TRES D\u00c9CADAS DE ENSAYOS Y ART\u00cdCULOS MUSICALES&#8217;, DE EDWARD W. SAID\t\t\t<\/a>\n\t\t<\/h3>\n\t\t\t\t<\/div>\n\t\t\t\t\t<\/div>\n\t\t<\/article>\n\t\t\t\t<article class=\"elementor-post elementor-grid-item post-25496 publicaciones type-publicaciones status-publish has-post-thumbnail hentry tipos-de-publicaciones-publicaciones-literarias\" role=\"listitem\">\n\t\t\t<div class=\"elementor-post__card\">\n\t\t\t\t<a class=\"elementor-post__thumbnail__link\" href=\"https:\/\/barenboim-said.org\/es\/publicaciones\/paralelismos-y-paradojas-reflexiones-sobre-musica-y-sociedad-de-edward-w-said-y-daniel-barenboim\/\" tabindex=\"-1\" ><div class=\"elementor-post__thumbnail\"><img loading=\"lazy\" decoding=\"async\" width=\"200\" height=\"287\" src=\"https:\/\/barenboim-said.org\/wp-content\/uploads\/2021\/05\/paraleismo_paradoja.jpg_1010866256.jpg\" class=\"attachment-full size-full wp-image-25497\" alt=\"\" \/><\/div><\/a>\n\t\t\t\t<div class=\"elementor-post__text\">\n\t\t\t\t<h3 class=\"elementor-post__title\">\n\t\t\t<a href=\"https:\/\/barenboim-said.org\/es\/publicaciones\/paralelismos-y-paradojas-reflexiones-sobre-musica-y-sociedad-de-edward-w-said-y-daniel-barenboim\/\" >\n\t\t\t\t&#8216;PARALELISMOS Y PARADOJAS. REFLEXIONES SOBRE M\u00daSICA Y SOCIEDAD&#8217; DE EDWARD W. SAID Y DANIEL BARENBOIM\t\t\t<\/a>\n\t\t<\/h3>\n\t\t\t\t<\/div>\n\t\t\t\t\t<\/div>\n\t\t<\/article>\n\t\t\t\t<article class=\"elementor-post elementor-grid-item post-25493 publicaciones type-publicaciones status-publish has-post-thumbnail hentry tipos-de-publicaciones-publicaciones-literarias\" role=\"listitem\">\n\t\t\t<div class=\"elementor-post__card\">\n\t\t\t\t<a class=\"elementor-post__thumbnail__link\" href=\"https:\/\/barenboim-said.org\/es\/publicaciones\/la-cuestion-palestina-de-edward-w-said\/\" tabindex=\"-1\" ><div class=\"elementor-post__thumbnail\"><img loading=\"lazy\" decoding=\"async\" width=\"200\" height=\"304\" src=\"https:\/\/barenboim-said.org\/wp-content\/uploads\/2021\/05\/lacuestionpalestina.png_1010866966.png\" class=\"attachment-full size-full wp-image-25494\" alt=\"\" srcset=\"https:\/\/barenboim-said.org\/wp-content\/uploads\/2021\/05\/lacuestionpalestina.png_1010866966.png 200w, https:\/\/barenboim-said.org\/wp-content\/uploads\/2021\/05\/lacuestionpalestina.png_1010866966-197x300.png 197w\" sizes=\"(max-width: 200px) 100vw, 200px\" \/><\/div><\/a>\n\t\t\t\t<div class=\"elementor-post__text\">\n\t\t\t\t<h3 class=\"elementor-post__title\">\n\t\t\t<a href=\"https:\/\/barenboim-said.org\/es\/publicaciones\/la-cuestion-palestina-de-edward-w-said\/\" >\n\t\t\t\t&#8216;LA CUESTI\u00d3N PALESTINA&#8217;, DE EDWARD W. SAID\t\t\t<\/a>\n\t\t<\/h3>\n\t\t\t\t<\/div>\n\t\t\t\t\t<\/div>\n\t\t<\/article>\n\t\t\t\t<\/div>\n\t\t\n\t\t\t\t\t\t<\/div>\n\t\t\t\t<\/div>\n\t\t\t\t\t<\/div>\n\t\t<\/div>\n\t\t\t\t\t<\/div>\n\t\t<\/section>\n\t\t\t\t<\/div>\n\t\t","protected":false},"excerpt":{"rendered":"","protected":false},"author":1,"featured_media":0,"parent":24726,"menu_order":0,"comment_status":"closed","ping_status":"closed","template":"","meta":{"footnotes":""},"class_list":["post-24728","page","type-page","status-publish","hentry"],"_links":{"self":[{"href":"https:\/\/barenboim-said.org\/es\/wp-json\/wp\/v2\/pages\/24728","targetHints":{"allow":["GET"]}}],"collection":[{"href":"https:\/\/barenboim-said.org\/es\/wp-json\/wp\/v2\/pages"}],"about":[{"href":"https:\/\/barenboim-said.org\/es\/wp-json\/wp\/v2\/types\/page"}],"author":[{"embeddable":true,"href":"https:\/\/barenboim-said.org\/es\/wp-json\/wp\/v2\/users\/1"}],"replies":[{"embeddable":true,"href":"https:\/\/barenboim-said.org\/es\/wp-json\/wp\/v2\/comments?post=24728"}],"version-history":[{"count":0,"href":"https:\/\/barenboim-said.org\/es\/wp-json\/wp\/v2\/pages\/24728\/revisions"}],"up":[{"embeddable":true,"href":"https:\/\/barenboim-said.org\/es\/wp-json\/wp\/v2\/pages\/24726"}],"wp:attachment":[{"href":"https:\/\/barenboim-said.org\/es\/wp-json\/wp\/v2\/media?parent=24728"}],"curies":[{"name":"wp","href":"https:\/\/api.w.org\/{rel}","templated":true}]}}