{"id":24704,"date":"2021-04-28T15:48:47","date_gmt":"2021-04-28T13:48:47","guid":{"rendered":"https:\/\/barenboim-said.org\/?page_id=24704"},"modified":"2025-10-20T18:05:14","modified_gmt":"2025-10-20T16:05:14","slug":"educacion-musical-en-andalucia","status":"publish","type":"page","link":"https:\/\/barenboim-said.org\/es\/educacion-musical-en-andalucia\/","title":{"rendered":"Educaci\u00f3n Musical en Andaluc\u00eda"},"content":{"rendered":"\t\t<div data-elementor-type=\"wp-page\" data-elementor-id=\"24704\" class=\"elementor elementor-24704\" data-elementor-post-type=\"page\">\n\t\t\t\t\t\t<section class=\"elementor-section elementor-top-section elementor-element elementor-element-86e9605 elementor-section-full_width elementor-section-height-default elementor-section-height-default\" data-id=\"86e9605\" data-element_type=\"section\" data-e-type=\"section\" data-settings=\"{&quot;jet_parallax_layout_list&quot;:[{&quot;jet_parallax_layout_image&quot;:{&quot;url&quot;:&quot;&quot;,&quot;id&quot;:&quot;&quot;,&quot;size&quot;:&quot;&quot;},&quot;_id&quot;:&quot;59affc8&quot;,&quot;jet_parallax_layout_image_tablet&quot;:{&quot;url&quot;:&quot;&quot;,&quot;id&quot;:&quot;&quot;,&quot;size&quot;:&quot;&quot;},&quot;jet_parallax_layout_image_mobile&quot;:{&quot;url&quot;:&quot;&quot;,&quot;id&quot;:&quot;&quot;,&quot;size&quot;:&quot;&quot;},&quot;jet_parallax_layout_speed&quot;:{&quot;unit&quot;:&quot;%&quot;,&quot;size&quot;:50,&quot;sizes&quot;:[]},&quot;jet_parallax_layout_type&quot;:&quot;scroll&quot;,&quot;jet_parallax_layout_direction&quot;:&quot;1&quot;,&quot;jet_parallax_layout_fx_direction&quot;:null,&quot;jet_parallax_layout_z_index&quot;:&quot;&quot;,&quot;jet_parallax_layout_bg_x&quot;:50,&quot;jet_parallax_layout_bg_x_tablet&quot;:&quot;&quot;,&quot;jet_parallax_layout_bg_x_mobile&quot;:&quot;&quot;,&quot;jet_parallax_layout_bg_y&quot;:50,&quot;jet_parallax_layout_bg_y_tablet&quot;:&quot;&quot;,&quot;jet_parallax_layout_bg_y_mobile&quot;:&quot;&quot;,&quot;jet_parallax_layout_bg_size&quot;:&quot;auto&quot;,&quot;jet_parallax_layout_bg_size_tablet&quot;:&quot;&quot;,&quot;jet_parallax_layout_bg_size_mobile&quot;:&quot;&quot;,&quot;jet_parallax_layout_animation_prop&quot;:&quot;transform&quot;,&quot;jet_parallax_layout_on&quot;:[&quot;desktop&quot;,&quot;tablet&quot;]}]}\">\n\t\t\t\t\t\t<div class=\"elementor-container elementor-column-gap-no\">\n\t\t\t\t\t<div class=\"elementor-column elementor-col-100 elementor-top-column elementor-element elementor-element-4ce24cf\" data-id=\"4ce24cf\" data-element_type=\"column\" data-e-type=\"column\">\n\t\t\t<div class=\"elementor-widget-wrap elementor-element-populated\">\n\t\t\t\t\t\t<div class=\"elementor-element elementor-element-4efbe70 elementor-widget elementor-widget-template\" data-id=\"4efbe70\" data-element_type=\"widget\" data-e-type=\"widget\" data-widget_type=\"template.default\">\n\t\t\t\t<div class=\"elementor-widget-container\">\n\t\t\t\t\t\t\t<div class=\"elementor-template\">\n\t\t\t\t\t<div data-elementor-type=\"section\" data-elementor-id=\"24370\" class=\"elementor elementor-24370\" data-elementor-post-type=\"elementor_library\">\n\t\t\t\t\t<section class=\"elementor-section elementor-top-section elementor-element elementor-element-376c33ee elementor-section-height-min-height elementor-section-items-stretch elementor-section-boxed elementor-section-height-default\" data-id=\"376c33ee\" data-element_type=\"section\" data-e-type=\"section\" data-settings=\"{&quot;jet_parallax_layout_list&quot;:[{&quot;jet_parallax_layout_image&quot;:{&quot;url&quot;:&quot;&quot;,&quot;id&quot;:&quot;&quot;,&quot;size&quot;:&quot;&quot;},&quot;_id&quot;:&quot;49bad7b&quot;,&quot;jet_parallax_layout_image_tablet&quot;:{&quot;url&quot;:&quot;&quot;,&quot;id&quot;:&quot;&quot;,&quot;size&quot;:&quot;&quot;},&quot;jet_parallax_layout_image_mobile&quot;:{&quot;url&quot;:&quot;&quot;,&quot;id&quot;:&quot;&quot;,&quot;size&quot;:&quot;&quot;},&quot;jet_parallax_layout_speed&quot;:{&quot;unit&quot;:&quot;%&quot;,&quot;size&quot;:50,&quot;sizes&quot;:[]},&quot;jet_parallax_layout_type&quot;:&quot;scroll&quot;,&quot;jet_parallax_layout_direction&quot;:&quot;1&quot;,&quot;jet_parallax_layout_fx_direction&quot;:null,&quot;jet_parallax_layout_z_index&quot;:&quot;&quot;,&quot;jet_parallax_layout_bg_x&quot;:50,&quot;jet_parallax_layout_bg_x_tablet&quot;:&quot;&quot;,&quot;jet_parallax_layout_bg_x_mobile&quot;:&quot;&quot;,&quot;jet_parallax_layout_bg_y&quot;:50,&quot;jet_parallax_layout_bg_y_tablet&quot;:&quot;&quot;,&quot;jet_parallax_layout_bg_y_mobile&quot;:&quot;&quot;,&quot;jet_parallax_layout_bg_size&quot;:&quot;auto&quot;,&quot;jet_parallax_layout_bg_size_tablet&quot;:&quot;&quot;,&quot;jet_parallax_layout_bg_size_mobile&quot;:&quot;&quot;,&quot;jet_parallax_layout_animation_prop&quot;:&quot;transform&quot;,&quot;jet_parallax_layout_on&quot;:[&quot;desktop&quot;,&quot;tablet&quot;]}],&quot;background_background&quot;:&quot;classic&quot;}\">\n\t\t\t\t\t\t\t<div class=\"elementor-background-overlay\"><\/div>\n\t\t\t\t\t\t\t<div class=\"elementor-container elementor-column-gap-default\">\n\t\t\t\t\t<div class=\"elementor-column elementor-col-100 elementor-top-column elementor-element elementor-element-3f8c9368\" data-id=\"3f8c9368\" data-element_type=\"column\" data-e-type=\"column\">\n\t\t\t<div class=\"elementor-widget-wrap elementor-element-populated\">\n\t\t\t\t\t\t<div class=\"elementor-element elementor-element-6a25fdae elementor-widget elementor-widget-heading\" data-id=\"6a25fdae\" data-element_type=\"widget\" data-e-type=\"widget\" data-widget_type=\"heading.default\">\n\t\t\t\t\t<h1 class=\"elementor-heading-title elementor-size-default\">Educaci\u00f3n Musical en Andaluc\u00eda<\/h1>\t\t\t\t<\/div>\n\t\t\t\t\t<\/div>\n\t\t<\/div>\n\t\t\t\t\t<\/div>\n\t\t<\/section>\n\t\t\t\t<\/div>\n\t\t\t\t<\/div>\n\t\t\t\t\t\t<\/div>\n\t\t\t\t<\/div>\n\t\t\t\t\t<\/div>\n\t\t<\/div>\n\t\t\t\t\t<\/div>\n\t\t<\/section>\n\t\t\t\t<section class=\"elementor-section elementor-top-section elementor-element elementor-element-715b842 elementor-section-boxed elementor-section-height-default elementor-section-height-default\" data-id=\"715b842\" data-element_type=\"section\" data-e-type=\"section\" data-settings=\"{&quot;jet_parallax_layout_list&quot;:[{&quot;jet_parallax_layout_image&quot;:{&quot;url&quot;:&quot;&quot;,&quot;id&quot;:&quot;&quot;,&quot;size&quot;:&quot;&quot;},&quot;_id&quot;:&quot;589bafb&quot;,&quot;jet_parallax_layout_image_tablet&quot;:{&quot;url&quot;:&quot;&quot;,&quot;id&quot;:&quot;&quot;,&quot;size&quot;:&quot;&quot;},&quot;jet_parallax_layout_image_mobile&quot;:{&quot;url&quot;:&quot;&quot;,&quot;id&quot;:&quot;&quot;,&quot;size&quot;:&quot;&quot;},&quot;jet_parallax_layout_speed&quot;:{&quot;unit&quot;:&quot;%&quot;,&quot;size&quot;:50,&quot;sizes&quot;:[]},&quot;jet_parallax_layout_type&quot;:&quot;scroll&quot;,&quot;jet_parallax_layout_direction&quot;:&quot;1&quot;,&quot;jet_parallax_layout_fx_direction&quot;:null,&quot;jet_parallax_layout_z_index&quot;:&quot;&quot;,&quot;jet_parallax_layout_bg_x&quot;:50,&quot;jet_parallax_layout_bg_x_tablet&quot;:&quot;&quot;,&quot;jet_parallax_layout_bg_x_mobile&quot;:&quot;&quot;,&quot;jet_parallax_layout_bg_y&quot;:50,&quot;jet_parallax_layout_bg_y_tablet&quot;:&quot;&quot;,&quot;jet_parallax_layout_bg_y_mobile&quot;:&quot;&quot;,&quot;jet_parallax_layout_bg_size&quot;:&quot;auto&quot;,&quot;jet_parallax_layout_bg_size_tablet&quot;:&quot;&quot;,&quot;jet_parallax_layout_bg_size_mobile&quot;:&quot;&quot;,&quot;jet_parallax_layout_animation_prop&quot;:&quot;transform&quot;,&quot;jet_parallax_layout_on&quot;:[&quot;desktop&quot;,&quot;tablet&quot;]}]}\">\n\t\t\t\t\t\t<div class=\"elementor-container elementor-column-gap-default\">\n\t\t\t\t\t<div class=\"elementor-column elementor-col-50 elementor-top-column elementor-element elementor-element-3b53a0c\" data-id=\"3b53a0c\" data-element_type=\"column\" data-e-type=\"column\">\n\t\t\t<div class=\"elementor-widget-wrap elementor-element-populated\">\n\t\t\t\t\t\t<div class=\"elementor-element elementor-element-8746d59 elementor-widget elementor-widget-heading\" data-id=\"8746d59\" data-element_type=\"widget\" data-e-type=\"widget\" data-widget_type=\"heading.default\">\n\t\t\t\t\t<h2 class=\"elementor-heading-title elementor-size-default\">HACIA LA M\u00daSICA A TRAV\u00c9S DE LA M\u00daSICA<\/h2>\t\t\t\t<\/div>\n\t\t\t\t<div class=\"elementor-element elementor-element-dc9252c elementor-widget elementor-widget-text-editor\" data-id=\"dc9252c\" data-element_type=\"widget\" data-e-type=\"widget\" data-widget_type=\"text-editor.default\">\n\t\t\t\t\t\t\t\t\t<div class=\"wpb_column vc_column_container col-md-6 col-xs-mobile-fullwidth col-sm-6 padding-three-bottom\"><div class=\"vc-column-innner-wrapper\"><p>Inspirados en la idea del maestro Daniel Barenboim de \u201ceducar a trav\u00e9s de la m\u00fasica\u201d la Fundaci\u00f3n P\u00fablica Andaluza Barenboim-Said desarrolla varias iniciativas de educaci\u00f3n musical en Andaluc\u00eda que se caracterizan por ser propuestas educativas innovadoras. Con estas actividades de educaci\u00f3n musical pretendemos fomentar la m\u00fasica como elemento fundamental en la formaci\u00f3n integral y para la transmisi\u00f3n de valores human\u00edsticos, ofreciendo programas y proyectos de educaci\u00f3n musical abiertos a un amplio n\u00famero de ni\u00f1os y ni\u00f1as andaluces.<\/p><p>Todos los proyectos de educaci\u00f3n musical de la Fundaci\u00f3n Barenboim-Said comparten el mismo ideario seg\u00fan el cual hacer m\u00fasica es una forma de expresi\u00f3n natural y un aspecto imprescindible en el proceso de desarrollo durante los primeros a\u00f1os de vida. Queremos que los ni\u00f1os y ni\u00f1as disfruten de la alegr\u00eda que hacer m\u00fasica les puede proporcionar y, al mismo tiempo, aprendan a trav\u00e9s de la m\u00fasica respetando su capacidad de asimilaci\u00f3n y cuidando la motivaci\u00f3n como elemento fundamental de los procesos de aprendizaje.<\/p><p>M\u00e1s informaci\u00f3n:\u00a0<a role=\"link\" href=\"mailto:info.emi@juntadeandalucia.es\">info.emi@juntadeandalucia.es<\/a>\u00a0| Tel: 954 71 29 94<\/p><p>Sigue todas nuestras actividades en nuestro canal p\u00fablico de WhatsApp <a href=\"https:\/\/whatsapp.com\/channel\/0029VbB8TUN8F2pLNuBHCT40\"><span style=\"color: #00ccff;\"><strong>Educaci\u00f3n Musical Barenboim-Said<\/strong><\/span><\/a><\/p><\/div><\/div>\t\t\t\t\t\t\t\t<\/div>\n\t\t\t\t\t<\/div>\n\t\t<\/div>\n\t\t\t\t<div class=\"elementor-column elementor-col-50 elementor-top-column elementor-element elementor-element-90ad2e8\" data-id=\"90ad2e8\" data-element_type=\"column\" data-e-type=\"column\">\n\t\t\t<div class=\"elementor-widget-wrap elementor-element-populated\">\n\t\t\t\t\t\t<div class=\"elementor-element elementor-element-198f9a8 elementor-widget elementor-widget-image\" data-id=\"198f9a8\" data-element_type=\"widget\" data-e-type=\"widget\" data-widget_type=\"image.default\">\n\t\t\t\t\t\t\t\t\t\t\t\t\t\t\t<img fetchpriority=\"high\" decoding=\"async\" width=\"500\" height=\"330\" src=\"https:\/\/barenboim-said.org\/wp-content\/uploads\/2022\/01\/6-marzo.jpg\" class=\"attachment-medium_large size-medium_large wp-image-30252\" alt=\"\" srcset=\"https:\/\/barenboim-said.org\/wp-content\/uploads\/2022\/01\/6-marzo.jpg 500w, https:\/\/barenboim-said.org\/wp-content\/uploads\/2022\/01\/6-marzo-300x198.jpg 300w\" sizes=\"(max-width: 500px) 100vw, 500px\" \/>\t\t\t\t\t\t\t\t\t\t\t\t\t\t\t<\/div>\n\t\t\t\t\t<\/div>\n\t\t<\/div>\n\t\t\t\t\t<\/div>\n\t\t<\/section>\n\t\t\t\t<section class=\"elementor-section elementor-top-section elementor-element elementor-element-fa77abd elementor-section-boxed elementor-section-height-default elementor-section-height-default\" data-id=\"fa77abd\" data-element_type=\"section\" data-e-type=\"section\" data-settings=\"{&quot;jet_parallax_layout_list&quot;:[]}\">\n\t\t\t\t\t\t<div class=\"elementor-container elementor-column-gap-default\">\n\t\t\t\t\t<div class=\"elementor-column elementor-col-100 elementor-top-column elementor-element elementor-element-31bdea1\" data-id=\"31bdea1\" data-element_type=\"column\" data-e-type=\"column\">\n\t\t\t<div class=\"elementor-widget-wrap elementor-element-populated\">\n\t\t\t\t\t\t<div class=\"elementor-element elementor-element-26f3223 elementor-widget elementor-widget-heading\" data-id=\"26f3223\" data-element_type=\"widget\" data-e-type=\"widget\" data-widget_type=\"heading.default\">\n\t\t\t\t\t<h2 class=\"elementor-heading-title elementor-size-default\">Actividades principales <\/h2>\t\t\t\t<\/div>\n\t\t\t\t\t<\/div>\n\t\t<\/div>\n\t\t\t\t\t<\/div>\n\t\t<\/section>\n\t\t\t\t<section class=\"elementor-section elementor-top-section elementor-element elementor-element-eb3ecd9 elementor-section-boxed elementor-section-height-default elementor-section-height-default\" data-id=\"eb3ecd9\" data-element_type=\"section\" data-e-type=\"section\" data-settings=\"{&quot;jet_parallax_layout_list&quot;:[]}\">\n\t\t\t\t\t\t<div class=\"elementor-container elementor-column-gap-default\">\n\t\t\t\t\t<div class=\"elementor-column elementor-col-25 elementor-top-column elementor-element elementor-element-c8eb5a3\" data-id=\"c8eb5a3\" data-element_type=\"column\" data-e-type=\"column\">\n\t\t\t<div class=\"elementor-widget-wrap elementor-element-populated\">\n\t\t\t\t\t\t<div class=\"elementor-element elementor-element-3b3835f elementor-widget elementor-widget-hotspot\" data-id=\"3b3835f\" data-element_type=\"widget\" data-e-type=\"widget\" data-settings=\"{&quot;hotspot&quot;:[{&quot;_id&quot;:&quot;d65dd30&quot;,&quot;hotspot_label&quot;:&quot;Proyecto de Educaci\\u00f3n Musical Infantil&quot;,&quot;hotspot_link&quot;:{&quot;url&quot;:&quot;https:\\\/\\\/barenboim-said.org\\\/educacion-musical-en-andalucia\\\/educacion-musical-infantil\\\/&quot;,&quot;is_external&quot;:&quot;&quot;,&quot;nofollow&quot;:&quot;&quot;,&quot;custom_attributes&quot;:&quot;&quot;},&quot;hotspot_tooltip_content&quot;:&quot;&lt;p&gt;El Proyecto de Educaci\\u00f3n Musical Infantil naci\\u00f3 en 2005 y est\\u00e1 dirigido a ni\\u00f1os y ni\\u00f1as de 3 a 5 a\\u00f1os que cursan el segundo ciclo de Educaci\\u00f3n Infantil en colegios p\\u00fablicos andaluces.\\u00a0&lt;\\\/p&gt;&quot;,&quot;hotspot_offset_x&quot;:{&quot;unit&quot;:&quot;%&quot;,&quot;size&quot;:11,&quot;sizes&quot;:[]},&quot;hotspot_offset_y&quot;:{&quot;unit&quot;:&quot;%&quot;,&quot;size&quot;:76,&quot;sizes&quot;:[]},&quot;__dynamic__&quot;:null,&quot;hotspot_icon&quot;:{&quot;value&quot;:&quot;&quot;,&quot;library&quot;:&quot;&quot;},&quot;hotspot_custom_size&quot;:&quot;no&quot;,&quot;hotspot_horizontal&quot;:&quot;left&quot;,&quot;hotspot_vertical&quot;:&quot;top&quot;,&quot;hotspot_tooltip_position&quot;:&quot;no&quot;,&quot;hotspot_position&quot;:null}],&quot;hotspot_sequenced_animation&quot;:&quot;no&quot;,&quot;tooltip_position&quot;:&quot;top&quot;,&quot;tooltip_trigger&quot;:&quot;click&quot;,&quot;tooltip_animation&quot;:&quot;e-hotspot--fade-in-out&quot;}\" data-widget_type=\"hotspot.default\">\n\t\t\t\t<div class=\"elementor-widget-container\">\n\t\t\t\t\t<img decoding=\"async\" width=\"300\" height=\"198\" src=\"https:\/\/barenboim-said.org\/wp-content\/uploads\/2022\/09\/4-Percusion-corporal-y-creativa-con-instrumentos-reciclados500X330-300x198.jpg\" class=\"attachment-medium size-medium wp-image-32459\" alt=\"\" srcset=\"https:\/\/barenboim-said.org\/wp-content\/uploads\/2022\/09\/4-Percusion-corporal-y-creativa-con-instrumentos-reciclados500X330-300x198.jpg 300w, https:\/\/barenboim-said.org\/wp-content\/uploads\/2022\/09\/4-Percusion-corporal-y-creativa-con-instrumentos-reciclados500X330.jpg 500w\" sizes=\"(max-width: 300px) 100vw, 300px\" \/>\n\t\t\t\t\t\t<a class=\"e-hotspot elementor-repeater-item-d65dd30  e-hotspot--position-left e-hotspot--position-top e-hotspot--link e-hotspot--no-tooltip\" href=\"https:\/\/barenboim-said.org\/educacion-musical-en-andalucia\/educacion-musical-infantil\/\">\n\n\t\t\t\t\t\t\t\t<div class=\"e-hotspot__button e-hotspot--expand\">\n\t\t\t\t\t\t\t\t\t\t\t\t\t\t\t\t\t\t\t\t\t\t\t\t<div class=\"e-hotspot__label\">Proyecto de Educaci\u00f3n Musical Infantil<\/div>\n\t\t\t\t\t\t\t\t\t\t\t\t\t\t\t<\/div>\n\n\t\t\t\t\t\t\t\t\n\t\t\t<\/a>\n\n\t\n\t\t\t\t\t\t<\/div>\n\t\t\t\t<\/div>\n\t\t\t\t\t<\/div>\n\t\t<\/div>\n\t\t\t\t<div class=\"elementor-column elementor-col-25 elementor-top-column elementor-element elementor-element-252f08f\" data-id=\"252f08f\" data-element_type=\"column\" data-e-type=\"column\">\n\t\t\t<div class=\"elementor-widget-wrap elementor-element-populated\">\n\t\t\t\t\t\t<div class=\"elementor-element elementor-element-32a59e2 elementor-widget elementor-widget-hotspot\" data-id=\"32a59e2\" data-element_type=\"widget\" data-e-type=\"widget\" data-settings=\"{&quot;hotspot&quot;:[{&quot;_id&quot;:&quot;d65dd30&quot;,&quot;hotspot_label&quot;:&quot;Proyecto de Orquesta en Primaria&quot;,&quot;hotspot_link&quot;:{&quot;url&quot;:&quot;https:\\\/\\\/barenboim-said.org\\\/educacion-musical-en-andalucia\\\/proyecto-de-orquesta-en-primaria\\\/&quot;,&quot;is_external&quot;:&quot;&quot;,&quot;nofollow&quot;:&quot;&quot;,&quot;custom_attributes&quot;:&quot;&quot;},&quot;hotspot_offset_x&quot;:{&quot;unit&quot;:&quot;%&quot;,&quot;size&quot;:7,&quot;sizes&quot;:[]},&quot;hotspot_offset_y&quot;:{&quot;unit&quot;:&quot;%&quot;,&quot;size&quot;:72,&quot;sizes&quot;:[]},&quot;__dynamic__&quot;:null,&quot;hotspot_icon&quot;:{&quot;value&quot;:&quot;&quot;,&quot;library&quot;:&quot;&quot;},&quot;hotspot_custom_size&quot;:&quot;no&quot;,&quot;hotspot_tooltip_content&quot;:&quot;A\\u00f1ade aqu\\u00ed tu texto de informaci\\u00f3n emergente&quot;,&quot;hotspot_horizontal&quot;:&quot;left&quot;,&quot;hotspot_vertical&quot;:&quot;top&quot;,&quot;hotspot_tooltip_position&quot;:&quot;no&quot;,&quot;hotspot_position&quot;:null}],&quot;hotspot_sequenced_animation&quot;:&quot;no&quot;,&quot;tooltip_position&quot;:&quot;top&quot;,&quot;tooltip_trigger&quot;:&quot;click&quot;,&quot;tooltip_animation&quot;:&quot;e-hotspot--fade-in-out&quot;}\" data-widget_type=\"hotspot.default\">\n\t\t\t\t<div class=\"elementor-widget-container\">\n\t\t\t\t\t<img decoding=\"async\" width=\"300\" height=\"200\" src=\"https:\/\/barenboim-said.org\/wp-content\/uploads\/2023\/03\/FBS-e1706092235682-300x200.jpg\" class=\"attachment-medium size-medium wp-image-34515\" alt=\"\" srcset=\"https:\/\/barenboim-said.org\/wp-content\/uploads\/2023\/03\/FBS-e1706092235682-300x200.jpg 300w, https:\/\/barenboim-said.org\/wp-content\/uploads\/2023\/03\/FBS-e1706092235682.jpg 500w\" sizes=\"(max-width: 300px) 100vw, 300px\" \/>\n\t\t\t\t\t\t<a class=\"e-hotspot elementor-repeater-item-d65dd30  e-hotspot--position-left e-hotspot--position-top e-hotspot--link e-hotspot--no-tooltip\" href=\"https:\/\/barenboim-said.org\/educacion-musical-en-andalucia\/proyecto-de-orquesta-en-primaria\/\">\n\n\t\t\t\t\t\t\t\t<div class=\"e-hotspot__button e-hotspot--expand\">\n\t\t\t\t\t\t\t\t\t\t\t\t\t\t\t\t\t\t\t\t\t\t\t\t<div class=\"e-hotspot__label\">Proyecto de Orquesta en Primaria<\/div>\n\t\t\t\t\t\t\t\t\t\t\t\t\t\t\t<\/div>\n\n\t\t\t\t\t\t\t\t\n\t\t\t<\/a>\n\n\t\n\t\t\t\t\t\t<\/div>\n\t\t\t\t<\/div>\n\t\t\t\t\t<\/div>\n\t\t<\/div>\n\t\t\t\t<div class=\"elementor-column elementor-col-25 elementor-top-column elementor-element elementor-element-c3cbdbc\" data-id=\"c3cbdbc\" data-element_type=\"column\" data-e-type=\"column\">\n\t\t\t<div class=\"elementor-widget-wrap elementor-element-populated\">\n\t\t\t\t\t\t<div class=\"elementor-element elementor-element-6808883 elementor-widget elementor-widget-hotspot\" data-id=\"6808883\" data-element_type=\"widget\" data-e-type=\"widget\" data-settings=\"{&quot;hotspot&quot;:[{&quot;_id&quot;:&quot;d65dd30&quot;,&quot;hotspot_label&quot;:&quot;Talleres Musicales Barenboim-Said&quot;,&quot;hotspot_link&quot;:{&quot;url&quot;:&quot;https:\\\/\\\/barenboim-said.org\\\/educacion-musical-en-andalucia\\\/talleres-musicales\\\/&quot;,&quot;is_external&quot;:&quot;&quot;,&quot;nofollow&quot;:&quot;&quot;,&quot;custom_attributes&quot;:&quot;&quot;},&quot;hotspot_offset_x&quot;:{&quot;unit&quot;:&quot;%&quot;,&quot;size&quot;:7,&quot;sizes&quot;:[]},&quot;hotspot_offset_y&quot;:{&quot;unit&quot;:&quot;%&quot;,&quot;size&quot;:72,&quot;sizes&quot;:[]},&quot;__dynamic__&quot;:null,&quot;hotspot_icon&quot;:{&quot;value&quot;:&quot;&quot;,&quot;library&quot;:&quot;&quot;},&quot;hotspot_custom_size&quot;:&quot;no&quot;,&quot;hotspot_tooltip_content&quot;:&quot;A\\u00f1ade aqu\\u00ed tu texto de informaci\\u00f3n emergente&quot;,&quot;hotspot_horizontal&quot;:&quot;left&quot;,&quot;hotspot_vertical&quot;:&quot;top&quot;,&quot;hotspot_tooltip_position&quot;:&quot;no&quot;,&quot;hotspot_position&quot;:null}],&quot;hotspot_sequenced_animation&quot;:&quot;no&quot;,&quot;tooltip_position&quot;:&quot;top&quot;,&quot;tooltip_trigger&quot;:&quot;click&quot;,&quot;tooltip_animation&quot;:&quot;e-hotspot--fade-in-out&quot;}\" data-widget_type=\"hotspot.default\">\n\t\t\t\t<div class=\"elementor-widget-container\">\n\t\t\t\t\t<img loading=\"lazy\" decoding=\"async\" width=\"300\" height=\"200\" src=\"https:\/\/barenboim-said.org\/wp-content\/uploads\/2023\/07\/4-Ritmo-y-compas_AJP-scaled-e1706092885748-300x200.jpeg\" class=\"attachment-medium size-medium wp-image-35614\" alt=\"\" srcset=\"https:\/\/barenboim-said.org\/wp-content\/uploads\/2023\/07\/4-Ritmo-y-compas_AJP-scaled-e1706092885748-300x200.jpeg 300w, https:\/\/barenboim-said.org\/wp-content\/uploads\/2023\/07\/4-Ritmo-y-compas_AJP-scaled-e1706092885748.jpeg 500w\" sizes=\"(max-width: 300px) 100vw, 300px\" \/>\n\t\t\t\t\t\t<a class=\"e-hotspot elementor-repeater-item-d65dd30  e-hotspot--position-left e-hotspot--position-top e-hotspot--link e-hotspot--no-tooltip\" href=\"https:\/\/barenboim-said.org\/educacion-musical-en-andalucia\/talleres-musicales\/\">\n\n\t\t\t\t\t\t\t\t<div class=\"e-hotspot__button e-hotspot--expand\">\n\t\t\t\t\t\t\t\t\t\t\t\t\t\t\t\t\t\t\t\t\t\t\t\t<div class=\"e-hotspot__label\">Talleres Musicales Barenboim-Said<\/div>\n\t\t\t\t\t\t\t\t\t\t\t\t\t\t\t<\/div>\n\n\t\t\t\t\t\t\t\t\n\t\t\t<\/a>\n\n\t\n\t\t\t\t\t\t<\/div>\n\t\t\t\t<\/div>\n\t\t\t\t\t<\/div>\n\t\t<\/div>\n\t\t\t\t<div class=\"elementor-column elementor-col-25 elementor-top-column elementor-element elementor-element-80c7a48\" data-id=\"80c7a48\" data-element_type=\"column\" data-e-type=\"column\">\n\t\t\t<div class=\"elementor-widget-wrap elementor-element-populated\">\n\t\t\t\t\t\t<div class=\"elementor-element elementor-element-e3ab096 elementor-widget elementor-widget-hotspot\" data-id=\"e3ab096\" data-element_type=\"widget\" data-e-type=\"widget\" data-settings=\"{&quot;hotspot&quot;:[{&quot;_id&quot;:&quot;d65dd30&quot;,&quot;hotspot_label&quot;:&quot;Cursos de Iniciaci\\u00f3n a la M\\u00fasica&quot;,&quot;hotspot_link&quot;:{&quot;url&quot;:&quot;https:\\\/\\\/barenboim-said.org\\\/educacion-musical-en-andalucia\\\/cursos-de-iniciacion\\\/&quot;,&quot;is_external&quot;:&quot;&quot;,&quot;nofollow&quot;:&quot;&quot;,&quot;custom_attributes&quot;:&quot;&quot;},&quot;hotspot_offset_x&quot;:{&quot;unit&quot;:&quot;%&quot;,&quot;size&quot;:7,&quot;sizes&quot;:[]},&quot;hotspot_offset_y&quot;:{&quot;unit&quot;:&quot;%&quot;,&quot;size&quot;:72,&quot;sizes&quot;:[]},&quot;__dynamic__&quot;:null,&quot;hotspot_icon&quot;:{&quot;value&quot;:&quot;&quot;,&quot;library&quot;:&quot;&quot;},&quot;hotspot_custom_size&quot;:&quot;no&quot;,&quot;hotspot_tooltip_content&quot;:&quot;A\\u00f1ade aqu\\u00ed tu texto de informaci\\u00f3n emergente&quot;,&quot;hotspot_horizontal&quot;:&quot;left&quot;,&quot;hotspot_vertical&quot;:&quot;top&quot;,&quot;hotspot_tooltip_position&quot;:&quot;no&quot;,&quot;hotspot_position&quot;:null}],&quot;hotspot_sequenced_animation&quot;:&quot;no&quot;,&quot;tooltip_position&quot;:&quot;top&quot;,&quot;tooltip_trigger&quot;:&quot;click&quot;,&quot;tooltip_animation&quot;:&quot;e-hotspot--fade-in-out&quot;}\" data-widget_type=\"hotspot.default\">\n\t\t\t\t<div class=\"elementor-widget-container\">\n\t\t\t\t\t<img loading=\"lazy\" decoding=\"async\" width=\"300\" height=\"198\" src=\"https:\/\/barenboim-said.org\/wp-content\/uploads\/2022\/01\/5-febrero-300x198.jpg\" class=\"attachment-medium size-medium wp-image-29577\" alt=\"\" srcset=\"https:\/\/barenboim-said.org\/wp-content\/uploads\/2022\/01\/5-febrero-300x198.jpg 300w, https:\/\/barenboim-said.org\/wp-content\/uploads\/2022\/01\/5-febrero.jpg 500w\" sizes=\"(max-width: 300px) 100vw, 300px\" \/>\n\t\t\t\t\t\t<a class=\"e-hotspot elementor-repeater-item-d65dd30  e-hotspot--position-left e-hotspot--position-top e-hotspot--link e-hotspot--no-tooltip\" href=\"https:\/\/barenboim-said.org\/educacion-musical-en-andalucia\/cursos-de-iniciacion\/\">\n\n\t\t\t\t\t\t\t\t<div class=\"e-hotspot__button e-hotspot--expand\">\n\t\t\t\t\t\t\t\t\t\t\t\t\t\t\t\t\t\t\t\t\t\t\t\t<div class=\"e-hotspot__label\">Cursos de Iniciaci\u00f3n a la M\u00fasica<\/div>\n\t\t\t\t\t\t\t\t\t\t\t\t\t\t\t<\/div>\n\n\t\t\t\t\t\t\t\t\n\t\t\t<\/a>\n\n\t\n\t\t\t\t\t\t<\/div>\n\t\t\t\t<\/div>\n\t\t\t\t\t<\/div>\n\t\t<\/div>\n\t\t\t\t\t<\/div>\n\t\t<\/section>\n\t\t\t\t<\/div>\n\t\t","protected":false},"excerpt":{"rendered":"<p>HACIA LA M\u00daSICA A TRAV\u00c9S DE LA M\u00daSICA Inspirados en la idea del maestro Daniel Barenboim de \u201ceducar a trav\u00e9s de la m\u00fasica\u201d la Fundaci\u00f3n P\u00fablica Andaluza Barenboim-Said desarrolla varias iniciativas de educaci\u00f3n musical en Andaluc\u00eda que se caracterizan por ser propuestas educativas innovadoras. Con estas actividades de educaci\u00f3n musical pretendemos fomentar la m\u00fasica como [&hellip;]<\/p>\n","protected":false},"author":1,"featured_media":25049,"parent":0,"menu_order":0,"comment_status":"closed","ping_status":"closed","template":"","meta":{"footnotes":""},"class_list":["post-24704","page","type-page","status-publish","has-post-thumbnail","hentry"],"_links":{"self":[{"href":"https:\/\/barenboim-said.org\/es\/wp-json\/wp\/v2\/pages\/24704","targetHints":{"allow":["GET"]}}],"collection":[{"href":"https:\/\/barenboim-said.org\/es\/wp-json\/wp\/v2\/pages"}],"about":[{"href":"https:\/\/barenboim-said.org\/es\/wp-json\/wp\/v2\/types\/page"}],"author":[{"embeddable":true,"href":"https:\/\/barenboim-said.org\/es\/wp-json\/wp\/v2\/users\/1"}],"replies":[{"embeddable":true,"href":"https:\/\/barenboim-said.org\/es\/wp-json\/wp\/v2\/comments?post=24704"}],"version-history":[{"count":10,"href":"https:\/\/barenboim-said.org\/es\/wp-json\/wp\/v2\/pages\/24704\/revisions"}],"predecessor-version":[{"id":43816,"href":"https:\/\/barenboim-said.org\/es\/wp-json\/wp\/v2\/pages\/24704\/revisions\/43816"}],"wp:featuredmedia":[{"embeddable":true,"href":"https:\/\/barenboim-said.org\/es\/wp-json\/wp\/v2\/media\/25049"}],"wp:attachment":[{"href":"https:\/\/barenboim-said.org\/es\/wp-json\/wp\/v2\/media?parent=24704"}],"curies":[{"name":"wp","href":"https:\/\/api.w.org\/{rel}","templated":true}]}}