{"id":24219,"date":"2021-04-23T12:57:45","date_gmt":"2021-04-23T10:57:45","guid":{"rendered":"https:\/\/barenboim-said.org\/?page_id=24219"},"modified":"2025-06-27T10:54:25","modified_gmt":"2025-06-27T08:54:25","slug":"perfil-del-contratante","status":"publish","type":"page","link":"https:\/\/barenboim-said.org\/es\/perfil-del-contratante\/","title":{"rendered":"Perfil del contratante"},"content":{"rendered":"\t\t<div data-elementor-type=\"wp-page\" data-elementor-id=\"24219\" class=\"elementor elementor-24219\" data-elementor-post-type=\"page\">\n\t\t\t\t\t\t<section class=\"elementor-section elementor-top-section elementor-element elementor-element-477327c6 elementor-section-height-min-height elementor-section-items-stretch elementor-section-boxed elementor-section-height-default\" data-id=\"477327c6\" data-element_type=\"section\" data-e-type=\"section\" data-settings=\"{&quot;jet_parallax_layout_list&quot;:[{&quot;jet_parallax_layout_image&quot;:{&quot;url&quot;:&quot;&quot;,&quot;id&quot;:&quot;&quot;,&quot;size&quot;:&quot;&quot;},&quot;_id&quot;:&quot;49bad7b&quot;,&quot;jet_parallax_layout_image_tablet&quot;:{&quot;url&quot;:&quot;&quot;,&quot;id&quot;:&quot;&quot;,&quot;size&quot;:&quot;&quot;},&quot;jet_parallax_layout_image_mobile&quot;:{&quot;url&quot;:&quot;&quot;,&quot;id&quot;:&quot;&quot;,&quot;size&quot;:&quot;&quot;},&quot;jet_parallax_layout_speed&quot;:{&quot;unit&quot;:&quot;%&quot;,&quot;size&quot;:50,&quot;sizes&quot;:[]},&quot;jet_parallax_layout_type&quot;:&quot;scroll&quot;,&quot;jet_parallax_layout_direction&quot;:&quot;1&quot;,&quot;jet_parallax_layout_fx_direction&quot;:null,&quot;jet_parallax_layout_z_index&quot;:&quot;&quot;,&quot;jet_parallax_layout_bg_x&quot;:50,&quot;jet_parallax_layout_bg_x_tablet&quot;:&quot;&quot;,&quot;jet_parallax_layout_bg_x_mobile&quot;:&quot;&quot;,&quot;jet_parallax_layout_bg_y&quot;:50,&quot;jet_parallax_layout_bg_y_tablet&quot;:&quot;&quot;,&quot;jet_parallax_layout_bg_y_mobile&quot;:&quot;&quot;,&quot;jet_parallax_layout_bg_size&quot;:&quot;auto&quot;,&quot;jet_parallax_layout_bg_size_tablet&quot;:&quot;&quot;,&quot;jet_parallax_layout_bg_size_mobile&quot;:&quot;&quot;,&quot;jet_parallax_layout_animation_prop&quot;:&quot;transform&quot;,&quot;jet_parallax_layout_on&quot;:[&quot;desktop&quot;,&quot;tablet&quot;]}],&quot;background_background&quot;:&quot;classic&quot;}\">\n\t\t\t\t\t\t<div class=\"elementor-container elementor-column-gap-default\">\n\t\t\t\t\t<div class=\"elementor-column elementor-col-100 elementor-top-column elementor-element elementor-element-5b6062ed\" data-id=\"5b6062ed\" data-element_type=\"column\" data-e-type=\"column\">\n\t\t\t<div class=\"elementor-widget-wrap elementor-element-populated\">\n\t\t\t\t\t\t<div class=\"elementor-element elementor-element-4d188aa3 elementor-widget elementor-widget-heading\" data-id=\"4d188aa3\" data-element_type=\"widget\" data-e-type=\"widget\" data-widget_type=\"heading.default\">\n\t\t\t\t\t<h2 class=\"elementor-heading-title elementor-size-default\">Perfil del contratante<\/h2>\t\t\t\t<\/div>\n\t\t\t\t\t<\/div>\n\t\t<\/div>\n\t\t\t\t\t<\/div>\n\t\t<\/section>\n\t\t\t\t<section class=\"elementor-section elementor-top-section elementor-element elementor-element-a009e09 elementor-section-boxed elementor-section-height-default elementor-section-height-default\" data-id=\"a009e09\" data-element_type=\"section\" data-e-type=\"section\" data-settings=\"{&quot;jet_parallax_layout_list&quot;:[{&quot;jet_parallax_layout_image&quot;:{&quot;url&quot;:&quot;&quot;,&quot;id&quot;:&quot;&quot;,&quot;size&quot;:&quot;&quot;},&quot;_id&quot;:&quot;a4f94a5&quot;,&quot;jet_parallax_layout_image_tablet&quot;:{&quot;url&quot;:&quot;&quot;,&quot;id&quot;:&quot;&quot;,&quot;size&quot;:&quot;&quot;},&quot;jet_parallax_layout_image_mobile&quot;:{&quot;url&quot;:&quot;&quot;,&quot;id&quot;:&quot;&quot;,&quot;size&quot;:&quot;&quot;},&quot;jet_parallax_layout_speed&quot;:{&quot;unit&quot;:&quot;%&quot;,&quot;size&quot;:50,&quot;sizes&quot;:[]},&quot;jet_parallax_layout_type&quot;:&quot;scroll&quot;,&quot;jet_parallax_layout_direction&quot;:&quot;1&quot;,&quot;jet_parallax_layout_fx_direction&quot;:null,&quot;jet_parallax_layout_z_index&quot;:&quot;&quot;,&quot;jet_parallax_layout_bg_x&quot;:50,&quot;jet_parallax_layout_bg_x_tablet&quot;:&quot;&quot;,&quot;jet_parallax_layout_bg_x_mobile&quot;:&quot;&quot;,&quot;jet_parallax_layout_bg_y&quot;:50,&quot;jet_parallax_layout_bg_y_tablet&quot;:&quot;&quot;,&quot;jet_parallax_layout_bg_y_mobile&quot;:&quot;&quot;,&quot;jet_parallax_layout_bg_size&quot;:&quot;auto&quot;,&quot;jet_parallax_layout_bg_size_tablet&quot;:&quot;&quot;,&quot;jet_parallax_layout_bg_size_mobile&quot;:&quot;&quot;,&quot;jet_parallax_layout_animation_prop&quot;:&quot;transform&quot;,&quot;jet_parallax_layout_on&quot;:[&quot;desktop&quot;,&quot;tablet&quot;]}]}\">\n\t\t\t\t\t\t<div class=\"elementor-container elementor-column-gap-default\">\n\t\t\t\t\t<div class=\"elementor-column elementor-col-100 elementor-top-column elementor-element elementor-element-8156830\" data-id=\"8156830\" data-element_type=\"column\" data-e-type=\"column\">\n\t\t\t<div class=\"elementor-widget-wrap elementor-element-populated\">\n\t\t\t\t\t\t<div class=\"elementor-element elementor-element-e16d038 elementor-widget elementor-widget-text-editor\" data-id=\"e16d038\" data-element_type=\"widget\" data-e-type=\"widget\" data-widget_type=\"text-editor.default\">\n\t\t\t\t\t\t\t\t\t<p>Con el fin de asegurar la transparencia y el acceso p\u00fablico a la informaci\u00f3n relativa a su actividad contractual, la Fundaci\u00f3n P\u00fablica Andaluza Barenboim-Said, conforme a las instrucciones internas aprobadas en materia de contrataci\u00f3n, publica los procedimientos de contrataci\u00f3n que tramita seg\u00fan\u00a0lo previsto en la legislaci\u00f3n vigente\u00a0en el Perfil del Contratante de la Junta de Andaluc\u00eda.<\/p><p>Si desea m\u00e1s informaci\u00f3n, puede acceder al perfil de la Fundaci\u00f3n P\u00fablica Andaluza Barenboim-Said dentro de la web del <u><a href=\"https:\/\/www.ceh.junta-andalucia.es\/haciendayadministracionpublica\/apl\/pdc_sirec\/perfiles-licitaciones\/detalle-perfil.jsf?perfilContratante=PEI09&amp;organismo=CCYD\">Perfil del Contratante de la Junta de Andaluc\u00eda<\/a>.<\/u><\/p><section><h3>PROCEDIMIENTOS ABIERTOS<\/h3><p><a href=\"https:\/\/barenboim-said.org\/wp-content\/uploads\/2025\/06\/Anuncio-de-licitacion-1.pdf\">Servicios de alojamiento, manutenci\u00f3n y cesi\u00f3n de espacios para encuentro orquestal (Anuncio Licitaci\u00f3n)<\/a><\/p><p><a href=\"https:\/\/barenboim-said.org\/wp-content\/uploads\/2025\/06\/Resolucion-de-designacion-de-Mesa-de-contratacionF-.pdf\">Servicios de alojamiento, manutenci\u00f3n y cesi\u00f3n de espacios para encuentro orquestal (Mesa de contrataci\u00f3n)<\/a><\/p><p>\u00a0<\/p><hr \/><h3>PROCEDIMIENTO PARA LA CONTRATACI\u00d3N DE SERVICIOS DOCENTES<\/h3><p><strong>Procesos finalizados:<\/strong><\/p><p><a href=\"https:\/\/barenboim-said.org\/wp-content\/uploads\/2025\/03\/Anuncio-de-licitacion-nuevas-fechas-apertura-ofertas.pdf\">Servicios de agencia de viajes (Sevilla). <\/a>Septiembre 2024<\/p><p><a href=\"https:\/\/barenboim-said.org\/wp-content\/uploads\/2023\/09\/Anuncio_proceso-seleccion_profesor-violin-23-24.pdf\" target=\"_blank\" rel=\"noopener\">Docente de viol\u00edn\/viola en el Centro Musical Barenboim-Said de Ramala (Palestina). <\/a>Septiembre 2023.\u00a0<\/p><p><a href=\"https:\/\/barenboim-said.org\/wp-content\/uploads\/2022\/01\/Convocatoria-docente-chelo-POP.pdf\" target=\"_blank\" rel=\"noopener\">Servicios profesionales para docentes de violonchelo<\/a>. Enero 2022.\u00a0<\/p><p><a role=\"link\" href=\"https:\/\/barenboim-said.org\/wp-content\/uploads\/2021\/05\/Anuncio-docente-clarinete-Ramala-2020-2021-ESP.pdf\" target=\"_blank\" rel=\"noopener noreferrer\">Docente de clarinete en el Centro Musical Barenboim-Said de Ramala (Palestina).<\/a>\u00a0Julio 2020.<\/p><p><a role=\"link\" href=\"https:\/\/barenboim-said.org\/wp-content\/uploads\/2021\/05\/Flute-teacher-Musical-Education-Palestine-Feb2020-June2020-ENG.pdf\" target=\"_blank\" rel=\"noopener noreferrer\">Docente de flauta en el Centro Musical Barenboim-Said de Ramala (Palestina).<\/a>\u00a0Enero 2020.<\/p><p><a role=\"link\" href=\"https:\/\/barenboim-said.org\/wp-content\/uploads\/2021\/05\/Anuncio-docente-violi\u0301n-viola-Ramala-enero-junio-2020-ESP.pdf\" target=\"_blank\" rel=\"noopener noreferrer\">Docente de viol\u00edn en el Centro Musical Barenboim-Said de Ramala (Palestina)<\/a>.\u00a0Octubre 2019.<\/p><p><a role=\"link\" href=\"https:\/\/barenboim-said.org\/wp-content\/uploads\/2021\/05\/Anuncio-docente-flauta-Ramala-septiembre-2019-junio-2020-ESP.pdf\" target=\"_blank\" rel=\"noopener noreferrer\">Docente de flauta en el Centro Musical Barenboim-Said de Ramala (Palestina).<\/a>\u00a0Agosto 2019.<\/p><\/section>\t\t\t\t\t\t\t\t<\/div>\n\t\t\t\t\t<\/div>\n\t\t<\/div>\n\t\t\t\t\t<\/div>\n\t\t<\/section>\n\t\t\t\t<\/div>\n\t\t","protected":false},"excerpt":{"rendered":"<p>Con el fin de asegurar la transparencia y el acceso p\u00fablico a la informaci\u00f3n relativa a su actividad contractual, la Fundaci\u00f3n P\u00fablica Andaluza Barenboim-Said, conforme a las instrucciones internas aprobadas en materia de contrataci\u00f3n, publica los procedimientos de contrataci\u00f3n que tramita seg\u00fan\u00a0lo previsto en la legislaci\u00f3n vigente\u00a0en el Perfil del Contratante de la Junta de [&hellip;]<\/p>\n","protected":false},"author":1,"featured_media":0,"parent":0,"menu_order":0,"comment_status":"closed","ping_status":"closed","template":"","meta":{"footnotes":""},"class_list":["post-24219","page","type-page","status-publish","hentry"],"_links":{"self":[{"href":"https:\/\/barenboim-said.org\/es\/wp-json\/wp\/v2\/pages\/24219","targetHints":{"allow":["GET"]}}],"collection":[{"href":"https:\/\/barenboim-said.org\/es\/wp-json\/wp\/v2\/pages"}],"about":[{"href":"https:\/\/barenboim-said.org\/es\/wp-json\/wp\/v2\/types\/page"}],"author":[{"embeddable":true,"href":"https:\/\/barenboim-said.org\/es\/wp-json\/wp\/v2\/users\/1"}],"replies":[{"embeddable":true,"href":"https:\/\/barenboim-said.org\/es\/wp-json\/wp\/v2\/comments?post=24219"}],"version-history":[{"count":5,"href":"https:\/\/barenboim-said.org\/es\/wp-json\/wp\/v2\/pages\/24219\/revisions"}],"predecessor-version":[{"id":43444,"href":"https:\/\/barenboim-said.org\/es\/wp-json\/wp\/v2\/pages\/24219\/revisions\/43444"}],"wp:attachment":[{"href":"https:\/\/barenboim-said.org\/es\/wp-json\/wp\/v2\/media?parent=24219"}],"curies":[{"name":"wp","href":"https:\/\/api.w.org\/{rel}","templated":true}]}}