{"id":24217,"date":"2021-04-23T12:57:31","date_gmt":"2021-04-23T10:57:31","guid":{"rendered":"https:\/\/barenboim-said.org\/?page_id=24217"},"modified":"2026-03-13T09:54:27","modified_gmt":"2026-03-13T08:54:27","slug":"bolsa-de-trabajo","status":"publish","type":"page","link":"https:\/\/barenboim-said.org\/es\/bolsa-de-trabajo\/","title":{"rendered":"Bolsa de trabajo"},"content":{"rendered":"\t\t<div data-elementor-type=\"wp-page\" data-elementor-id=\"24217\" class=\"elementor elementor-24217\" data-elementor-post-type=\"page\">\n\t\t\t\t\t\t<section class=\"elementor-section elementor-top-section elementor-element elementor-element-7c8f5c44 elementor-section-height-min-height elementor-section-items-stretch elementor-section-boxed elementor-section-height-default\" data-id=\"7c8f5c44\" data-element_type=\"section\" data-e-type=\"section\" data-settings=\"{&quot;jet_parallax_layout_list&quot;:[{&quot;jet_parallax_layout_image&quot;:{&quot;url&quot;:&quot;&quot;,&quot;id&quot;:&quot;&quot;,&quot;size&quot;:&quot;&quot;},&quot;_id&quot;:&quot;49bad7b&quot;,&quot;jet_parallax_layout_image_tablet&quot;:{&quot;url&quot;:&quot;&quot;,&quot;id&quot;:&quot;&quot;,&quot;size&quot;:&quot;&quot;},&quot;jet_parallax_layout_image_mobile&quot;:{&quot;url&quot;:&quot;&quot;,&quot;id&quot;:&quot;&quot;,&quot;size&quot;:&quot;&quot;},&quot;jet_parallax_layout_speed&quot;:{&quot;unit&quot;:&quot;%&quot;,&quot;size&quot;:50,&quot;sizes&quot;:[]},&quot;jet_parallax_layout_type&quot;:&quot;scroll&quot;,&quot;jet_parallax_layout_direction&quot;:&quot;1&quot;,&quot;jet_parallax_layout_fx_direction&quot;:null,&quot;jet_parallax_layout_z_index&quot;:&quot;&quot;,&quot;jet_parallax_layout_bg_x&quot;:50,&quot;jet_parallax_layout_bg_x_tablet&quot;:&quot;&quot;,&quot;jet_parallax_layout_bg_x_mobile&quot;:&quot;&quot;,&quot;jet_parallax_layout_bg_y&quot;:50,&quot;jet_parallax_layout_bg_y_tablet&quot;:&quot;&quot;,&quot;jet_parallax_layout_bg_y_mobile&quot;:&quot;&quot;,&quot;jet_parallax_layout_bg_size&quot;:&quot;auto&quot;,&quot;jet_parallax_layout_bg_size_tablet&quot;:&quot;&quot;,&quot;jet_parallax_layout_bg_size_mobile&quot;:&quot;&quot;,&quot;jet_parallax_layout_animation_prop&quot;:&quot;transform&quot;,&quot;jet_parallax_layout_on&quot;:[&quot;desktop&quot;,&quot;tablet&quot;]}],&quot;background_background&quot;:&quot;classic&quot;}\">\n\t\t\t\t\t\t<div class=\"elementor-container elementor-column-gap-default\">\n\t\t\t\t\t<div class=\"elementor-column elementor-col-100 elementor-top-column elementor-element elementor-element-481493c7\" data-id=\"481493c7\" data-element_type=\"column\" data-e-type=\"column\">\n\t\t\t<div class=\"elementor-widget-wrap elementor-element-populated\">\n\t\t\t\t\t\t<div class=\"elementor-element elementor-element-5c637f50 elementor-widget elementor-widget-heading\" data-id=\"5c637f50\" data-element_type=\"widget\" data-e-type=\"widget\" data-widget_type=\"heading.default\">\n\t\t\t\t\t<h2 class=\"elementor-heading-title elementor-size-default\">Bolsa de trabajo<\/h2>\t\t\t\t<\/div>\n\t\t\t\t\t<\/div>\n\t\t<\/div>\n\t\t\t\t\t<\/div>\n\t\t<\/section>\n\t\t\t\t<section class=\"elementor-section elementor-top-section elementor-element elementor-element-f702054 elementor-section-boxed elementor-section-height-default elementor-section-height-default\" data-id=\"f702054\" data-element_type=\"section\" data-e-type=\"section\" data-settings=\"{&quot;jet_parallax_layout_list&quot;:[{&quot;jet_parallax_layout_image&quot;:{&quot;url&quot;:&quot;&quot;,&quot;id&quot;:&quot;&quot;,&quot;size&quot;:&quot;&quot;},&quot;_id&quot;:&quot;1d05d87&quot;,&quot;jet_parallax_layout_image_tablet&quot;:{&quot;url&quot;:&quot;&quot;,&quot;id&quot;:&quot;&quot;,&quot;size&quot;:&quot;&quot;},&quot;jet_parallax_layout_image_mobile&quot;:{&quot;url&quot;:&quot;&quot;,&quot;id&quot;:&quot;&quot;,&quot;size&quot;:&quot;&quot;},&quot;jet_parallax_layout_speed&quot;:{&quot;unit&quot;:&quot;%&quot;,&quot;size&quot;:50,&quot;sizes&quot;:[]},&quot;jet_parallax_layout_type&quot;:&quot;scroll&quot;,&quot;jet_parallax_layout_direction&quot;:&quot;1&quot;,&quot;jet_parallax_layout_fx_direction&quot;:null,&quot;jet_parallax_layout_z_index&quot;:&quot;&quot;,&quot;jet_parallax_layout_bg_x&quot;:50,&quot;jet_parallax_layout_bg_x_tablet&quot;:&quot;&quot;,&quot;jet_parallax_layout_bg_x_mobile&quot;:&quot;&quot;,&quot;jet_parallax_layout_bg_y&quot;:50,&quot;jet_parallax_layout_bg_y_tablet&quot;:&quot;&quot;,&quot;jet_parallax_layout_bg_y_mobile&quot;:&quot;&quot;,&quot;jet_parallax_layout_bg_size&quot;:&quot;auto&quot;,&quot;jet_parallax_layout_bg_size_tablet&quot;:&quot;&quot;,&quot;jet_parallax_layout_bg_size_mobile&quot;:&quot;&quot;,&quot;jet_parallax_layout_animation_prop&quot;:&quot;transform&quot;,&quot;jet_parallax_layout_on&quot;:[&quot;desktop&quot;,&quot;tablet&quot;]}]}\">\n\t\t\t\t\t\t<div class=\"elementor-container elementor-column-gap-default\">\n\t\t\t\t\t<div class=\"elementor-column elementor-col-50 elementor-top-column elementor-element elementor-element-9d6e90e\" data-id=\"9d6e90e\" data-element_type=\"column\" data-e-type=\"column\">\n\t\t\t<div class=\"elementor-widget-wrap elementor-element-populated\">\n\t\t\t\t\t\t<div class=\"elementor-element elementor-element-25b3174 elementor-widget elementor-widget-heading\" data-id=\"25b3174\" data-element_type=\"widget\" data-e-type=\"widget\" data-widget_type=\"heading.default\">\n\t\t\t\t\t<h2 class=\"elementor-heading-title elementor-size-default\">Procesos abiertos<\/h2>\t\t\t\t<\/div>\n\t\t\t\t<div class=\"elementor-element elementor-element-339ba24 elementor-widget elementor-widget-text-editor\" data-id=\"339ba24\" data-element_type=\"widget\" data-e-type=\"widget\" data-widget_type=\"text-editor.default\">\n\t\t\t\t\t\t\t\t\t<p><strong><span style=\"color: #00ccff;\">Bolsa de trabajo para docentes especialistas en educaci\u00f3n musical<\/span><\/strong><\/p><ul><li><p><a href=\"https:\/\/barenboim-said.org\/wp-content\/uploads\/2026\/03\/Orden-de-prelacion-Bolsa-de-trabajo-EM-Sevilla-2026F.pdf\"><span style=\"text-decoration: underline;\"><span style=\"color: #00ccff; text-decoration: underline;\">Resoluci\u00f3n de la Bolsa de Trabajo de docentes especialistas en educaci\u00f3n musical infantil \u2013 Sevilla. <\/span><\/span><\/a>Se publica la Resoluci\u00f3n de la Fundaci\u00f3n P\u00fablica <span style=\"color: #000000;\">Andaluza <\/span>Barenboim-Said por la que se aprueba el orden de prelaci\u00f3n de las personas admitidas en la Bolsa de Trabajo de docentes especialistas en educaci\u00f3n musical infantil para la provincia de Sevilla, constituida conforme a la convocatoria publicada el 26 de enero de 2026. Pueden consultar el contenido completo de la resoluci\u00f3n <a href=\"https:\/\/barenboim-said.org\/wp-content\/uploads\/2026\/03\/Orden-de-prelacion-Bolsa-de-trabajo-EM-Sevilla-2026F.pdf\"><span style=\"text-decoration: underline;\"><span style=\"color: #00ccff; text-decoration: underline;\">aqu\u00ed.<\/span><\/span><\/a><\/p><\/li><li><p><a href=\"https:\/\/barenboim-said.org\/wp-content\/uploads\/2026\/01\/Reglamento-Bolsa-de-trabajo-Proytecto-Educacion-Musical-Infantil-2026F.pdf\"><span style=\"text-decoration: underline; color: #00ccff;\">Reglamento<\/span> de funcionamiento de la bolsa de trabajo para docente especialistas en educaci\u00f3n musical.<\/a><\/p><\/li><\/ul><ul><li><strong><span style=\"color: #00ccff;\"><a style=\"color: #00ccff;\" href=\"https:\/\/barenboim-said.org\/wp-content\/uploads\/2026\/01\/BOJA-Bolsa-de-trabajo-EMI-30_01_2026.pdf\" target=\"_blank\" rel=\"noopener\"><span style=\"text-decoration: underline;\">Convocatoria<\/span> <\/a><\/span><\/strong>de acceso a la bolsa de trabajo para docentes especialistas en educaci\u00f3n musical con contrato de interinidad.\u00a0<span style=\"text-decoration: underline;\"><span style=\"color: #000000; text-decoration: underline;\">El plazo de recepci\u00f3n de las solicitudes ha finalizado. El proceso de selecci\u00f3n se encuentra en curso<\/span><\/span><br \/><hr \/><\/li><\/ul>\t\t\t\t\t\t\t\t<\/div>\n\t\t\t\t<div class=\"elementor-element elementor-element-7fd5d2d elementor-widget elementor-widget-heading\" data-id=\"7fd5d2d\" data-element_type=\"widget\" data-e-type=\"widget\" data-widget_type=\"heading.default\">\n\t\t\t\t\t<h2 class=\"elementor-heading-title elementor-size-default\">Procesos finalizados<\/h2>\t\t\t\t<\/div>\n\t\t\t\t<div class=\"elementor-element elementor-element-37a76d6 elementor-widget elementor-widget-text-editor\" data-id=\"37a76d6\" data-element_type=\"widget\" data-e-type=\"widget\" data-widget_type=\"text-editor.default\">\n\t\t\t\t\t\t\t\t\t<p>Estos son los \u00faltimos <strong>procesos de selecci\u00f3n ya finalizados<\/strong>:<\/p>\t\t\t\t\t\t\t\t<\/div>\n\t\t\t\t<div class=\"elementor-element elementor-element-8a62ad0 elementor-widget elementor-widget-text-editor\" data-id=\"8a62ad0\" data-element_type=\"widget\" data-e-type=\"widget\" data-widget_type=\"text-editor.default\">\n\t\t\t\t\t\t\t\t\t<ul><li><b><span style=\"color: #00ccff;\">Convocatoria<\/span> <\/b>para la recepci\u00f3n de propuestas de servicios profesionales para docentes de violonchelo.<br \/><hr \/><\/li><\/ul>\t\t\t\t\t\t\t\t<\/div>\n\t\t\t\t<div class=\"elementor-element elementor-element-575bf20 elementor-widget elementor-widget-text-editor\" data-id=\"575bf20\" data-element_type=\"widget\" data-e-type=\"widget\" data-widget_type=\"text-editor.default\">\n\t\t\t\t\t\t\t\t\t<ul><li><strong><span style=\"color: #00ccff;\">DGSPI-CF-00021\/2025<\/span><\/strong>: docente especialista en educaci\u00f3n musical infantil con contrato fijo discontinuo a tiempo parcial en Sevilla.<br \/>Para participar en este proceso de selecci\u00f3n es necesario rellenar el siguiente <span style=\"color: #00ccff;\">formulario. <\/span><br \/><hr \/><\/li><\/ul>\t\t\t\t\t\t\t\t<\/div>\n\t\t\t\t<div class=\"elementor-element elementor-element-e0110b5 elementor-widget elementor-widget-text-editor\" data-id=\"e0110b5\" data-element_type=\"widget\" data-e-type=\"widget\" data-widget_type=\"text-editor.default\">\n\t\t\t\t\t\t\t\t\t<ul><li><strong><span style=\"color: #00ccff;\">Convocatoria<\/span><\/strong> para la recepci\u00f3n de propuestas de servicios profesionales para docentes de viol\u00edn.<br \/><hr \/><\/li><\/ul>\t\t\t\t\t\t\t\t<\/div>\n\t\t\t\t<div class=\"elementor-element elementor-element-b139743 elementor-widget elementor-widget-text-editor\" data-id=\"b139743\" data-element_type=\"widget\" data-e-type=\"widget\" data-widget_type=\"text-editor.default\">\n\t\t\t\t\t\t\t\t\t<ul><li><strong><span style=\"background-color: transparent;\"><span style=\"color: #00ccff;\">CT-00308\/2024<\/span><\/span><\/strong>: <span style=\"background-color: transparent;\">docente especialista en educaci\u00f3n musical infantil con contrato temporal de interinidad a tiempo par<\/span><span style=\"background-color: transparent;\">cial en Sevilla<\/span><span style=\"background-color: transparent;\"><span style=\"background-color: transparent;\">.<\/span><\/span><hr \/><\/li><\/ul>\t\t\t\t\t\t\t\t<\/div>\n\t\t\t\t<div class=\"elementor-element elementor-element-d56ae45 elementor-widget elementor-widget-text-editor\" data-id=\"d56ae45\" data-element_type=\"widget\" data-e-type=\"widget\" data-widget_type=\"text-editor.default\">\n\t\t\t\t\t\t\t\t\t<ul><li><strong><span style=\"background-color: transparent;\"><span style=\"color: #00ccff;\">CT-00252\/2024<\/span><\/span><\/strong>: <span style=\"background-color: transparent;\">docente especialista en educaci\u00f3n musical infantil con contrato temporal de interinidad a tiempo par<\/span><span style=\"background-color: transparent;\">cial en Sevilla<\/span><span style=\"background-color: transparent;\"><span style=\"background-color: transparent;\">.<\/span><\/span><hr \/><\/li><\/ul>\t\t\t\t\t\t\t\t<\/div>\n\t\t\t\t<div class=\"elementor-element elementor-element-6cd2c3b elementor-widget elementor-widget-text-editor\" data-id=\"6cd2c3b\" data-element_type=\"widget\" data-e-type=\"widget\" data-widget_type=\"text-editor.default\">\n\t\t\t\t\t\t\t\t\t<ul><li><p>\u00a0<strong><span style=\"background-color: transparent;\"><span style=\"color: #00ccff;\">CF<\/span><\/span><span style=\"background-color: transparent;\"><span style=\"color: #00ccff;\">-00177\/2023<\/span><\/span><\/strong>:\u00a0<span style=\"background-color: transparent;\">docente especialista en educaci\u00f3n musical infantil con contrato fijo discontinuo a\u00a0<\/span><span style=\"background-color: transparent;\">tiempo parcial en Sevilla<\/span><span style=\"background-color: transparent;\">.<\/span><\/p><hr \/><\/li><\/ul>\t\t\t\t\t\t\t\t<\/div>\n\t\t\t\t<div class=\"elementor-element elementor-element-2206333 elementor-widget elementor-widget-text-editor\" data-id=\"2206333\" data-element_type=\"widget\" data-e-type=\"widget\" data-widget_type=\"text-editor.default\">\n\t\t\t\t\t\t\t\t\t<ul><li><p><strong><span style=\"color: #00ccff;\">CF-00097\/2024<\/span><\/strong>: responsable de comunicaci\u00f3n con contrato indefinido a tiempo completo en Sevilla.<\/p><hr \/><\/li><\/ul>\t\t\t\t\t\t\t\t<\/div>\n\t\t\t\t<div class=\"elementor-element elementor-element-e3af7f4 elementor-widget elementor-widget-text-editor\" data-id=\"e3af7f4\" data-element_type=\"widget\" data-e-type=\"widget\" data-widget_type=\"text-editor.default\">\n\t\t\t\t\t\t\t\t\t<ul><li><p><a href=\"https:\/\/juntadeandalucia.es\/boja\/2024\/16\/BOJA24-016-00002-40189-01_00295760.pdf\" target=\"_blank\" rel=\"noopener\"><span style=\"color: #00ccff;\">CF-00204\/2023<\/span><\/a>: coordinador\/a musical para la Academia de Estudios Orquestales con contrato indefinido a tiempo completo en Sevilla.<\/p><hr \/><\/li><\/ul>\t\t\t\t\t\t\t\t<\/div>\n\t\t\t\t<div class=\"elementor-element elementor-element-1f2db56 elementor-widget elementor-widget-text-editor\" data-id=\"1f2db56\" data-element_type=\"widget\" data-e-type=\"widget\" data-widget_type=\"text-editor.default\">\n\t\t\t\t\t\t\t\t\t<ul><li><p><a href=\"https:\/\/barenboim-said.org\/wp-content\/uploads\/2024\/01\/BOJA24-004-00002-40002-01_00294960.pdf\" target=\"_blank\" rel=\"noopener\"><span style=\"color: #00ccff;\">CT-00300\/2023<\/span><\/a>: docente especialista en educaci\u00f3n musical infantil con contrato temporal de interinidad a tiempo parcial en Sevilla para la cobertura de vacante por periodo de tres meses.<\/p><hr \/><\/li><\/ul>\t\t\t\t\t\t\t\t<\/div>\n\t\t\t\t<div class=\"elementor-element elementor-element-285cb73 elementor-widget elementor-widget-text-editor\" data-id=\"285cb73\" data-element_type=\"widget\" data-e-type=\"widget\" data-widget_type=\"text-editor.default\">\n\t\t\t\t\t\t\t\t\t<ul><li><p><a href=\"https:\/\/barenboim-said.org\/wp-content\/uploads\/2023\/10\/BOJA23-206-00001-16444-01_00291423.pdf\" target=\"_blank\" rel=\"noopener\"><span style=\"color: #00ccff;\">CT-00170\/2023<\/span>:<\/a> coordinador\/a de educaci\u00f3n musical con contrato temporal de interinidad por sustituci\u00f3n a tiempo completo en Sevilla.<\/p><hr \/><\/li><\/ul>\t\t\t\t\t\t\t\t<\/div>\n\t\t\t\t<div class=\"elementor-element elementor-element-2dda973 elementor-widget elementor-widget-text-editor\" data-id=\"2dda973\" data-element_type=\"widget\" data-e-type=\"widget\" data-widget_type=\"text-editor.default\">\n\t\t\t\t\t\t\t\t\t<ul><li><a href=\"https:\/\/barenboim-said.org\/wp-content\/uploads\/2023\/10\/BOJA23-207-00001-16481-01_00291455.pdf\" target=\"_blank\" rel=\"noopener\"><span style=\"color: #00ccff;\">CT-00189\/2023<\/span><\/a>: t\u00e9cnico\/a de producci\u00f3n con contrato temporal a tiempo completo del 21 al 31 de diciembre de 2023 en Sevilla.<hr \/><\/li><\/ul>\t\t\t\t\t\t\t\t<\/div>\n\t\t\t\t<div class=\"elementor-element elementor-element-2155d15 elementor-widget elementor-widget-text-editor\" data-id=\"2155d15\" data-element_type=\"widget\" data-e-type=\"widget\" data-widget_type=\"text-editor.default\">\n\t\t\t\t\t\t\t\t\t<ul><li><a href=\"https:\/\/barenboim-said.org\/wp-content\/uploads\/2023\/04\/BOJA23-078-00002-7299-01_00282335.pdf\" target=\"_blank\" rel=\"noopener\"><span style=\"color: #00ccff;\">CT-00060\/2023<\/span><\/a>: docente especialista en educaci\u00f3n musical infantil (Sevilla) para la cobertura de vacante con reserva de puesto de trabajo.<hr \/><\/li><\/ul>\t\t\t\t\t\t\t\t<\/div>\n\t\t\t\t<div class=\"elementor-element elementor-element-e455356 elementor-widget elementor-widget-text-editor\" data-id=\"e455356\" data-element_type=\"widget\" data-e-type=\"widget\" data-widget_type=\"text-editor.default\">\n\t\t\t\t\t\t\t\t\t<ul><li><a href=\"https:\/\/barenboim-said.org\/wp-content\/uploads\/2023\/01\/BOJA23-012-00020_00005354.pdf\"><span style=\"color: #00ccff;\">CF-00244\/2022<\/span><\/a>: docente especialista en educaci\u00f3n musical (C\u00f3rdoba).\u00a0<\/li><li><a href=\"https:\/\/barenboim-said.org\/wp-content\/uploads\/2023\/01\/BOJA23-007-00002-248-01_00275314.pdf\"><span style=\"color: #00ccff;\">CT-00164\/2022<\/span><\/a>: docente especialista en educaci\u00f3n musical infantil (Sevilla).<\/li><li><span style=\"color: #00ccff;\"><a style=\"color: #00ccff;\" href=\"https:\/\/barenboim-said.org\/wp-content\/uploads\/2022\/03\/BOJA22-049-00002-3993-01_00257262.pdf\" target=\"_blank\" rel=\"noopener\">CF-00012\/2022<\/a><\/span>: docente especialista en educaci\u00f3n musical infantil (Sevilla).<\/li><li><a href=\"https:\/\/barenboim-said.org\/wp-content\/uploads\/2023\/01\/BOJA23-007-00002-277-01_00275359.pdf\"><span style=\"color: #00ccff;\">CF-00068\/2021<\/span><\/a>: docente especialista en educaci\u00f3n musical infantil (Granada).\u00a0<\/li><li><a href=\"https:\/\/barenboim-said.org\/wp-content\/uploads\/2021\/11\/BOJA21-217-00002-17848-01_00201582-Publicado-11.11.2021.pdf\" target=\"_blank\" rel=\"noopener\"><span style=\"color: #00ccff;\">CT-00214\/2021<\/span>\u00a0<\/a>(M\u00e1laga) y\u00a0<a href=\"https:\/\/barenboim-said.org\/wp-content\/uploads\/2021\/11\/BOJA21-217-00002-17850-01_00201585-Publicado-11.11.2021.pdf\" target=\"_blank\" rel=\"noopener\"><span style=\"color: #00ccff;\">CT-00217\/2021<\/span><\/a> (Sevilla).\u00a0<\/li><li><a href=\"https:\/\/www.barenboim-said.es\/es\/wp-content\/uploads\/2020\/11\/AnuncioSeleccionEspecialistasEduMusicalInf_2020.pdf\" target=\"_blank\" rel=\"noopener noreferrer\"><span style=\"color: #00ccff;\">CF-0001\/2020 y CF-0002\/2020<\/span>: <\/a>docente especialista en educaci\u00f3n musical infantil.<\/li><li><a href=\"http:\/\/www.barenboim-said.es\/es\/wp-content\/uploads\/2019\/08\/Anuncio-proceso-de-selecci\u00f3n-especialista-EMI-2019-2020.pdf\" target=\"_blank\" rel=\"noopener noreferrer\"><span style=\"color: #00ccff;\">CF-0001\/2019:\u00a0<\/span><\/a>contrato fijo discontinuo a tiempo parcial en Sevilla.<\/li><li><a href=\"http:\/\/www.barenboim-said.es\/es\/wp-content\/uploads\/2019\/08\/Anuncio-proceso-de-selecci\u00f3n-especialista-EMI-2019-2020-INTERINIDAD-1.pdf\" target=\"_blank\" rel=\"noopener noreferrer\"><span style=\"color: #00ccff;\">CI-0003\/2019: <\/span><\/a>contrato de interinidad a tiempo parcial en Sevilla.<\/li><li><a href=\"http:\/\/www.barenboim-said.es\/es\/wp-content\/uploads\/2019\/08\/Anuncio-proceso-de-selecci\u00f3n-especialista-EMI-2019-2020-INTERINIDAD-1.pdf\" target=\"_blank\" rel=\"noopener noreferrer\"><span style=\"color: #00ccff;\">CI-0004\/2019:\u00a0<\/span><\/a>contrato de interinidad a tiempo parcial en M\u00e1laga.<\/li><li><a href=\"https:\/\/barenboim-said.org\/wp-content\/uploads\/2023\/02\/Anuncio-seleccion-POP-violin-2023.pdf\"><span style=\"color: #00ccff;\">Convocatoria <\/span>para la recepci\u00f3n de propuestas de servicios profesionales para docentes de viol\u00edn<\/a>.\u00a0<\/li><\/ul>\t\t\t\t\t\t\t\t<\/div>\n\t\t\t\t\t<\/div>\n\t\t<\/div>\n\t\t\t\t<div class=\"elementor-column elementor-col-50 elementor-top-column elementor-element elementor-element-8824438\" data-id=\"8824438\" data-element_type=\"column\" data-e-type=\"column\">\n\t\t\t<div class=\"elementor-widget-wrap elementor-element-populated\">\n\t\t\t\t\t\t<div class=\"elementor-element elementor-element-27f372f elementor-widget elementor-widget-image\" data-id=\"27f372f\" data-element_type=\"widget\" data-e-type=\"widget\" data-widget_type=\"image.default\">\n\t\t\t\t\t\t\t\t\t\t\t\t\t\t\t<img fetchpriority=\"high\" decoding=\"async\" width=\"800\" height=\"421\" src=\"https:\/\/barenboim-said.org\/wp-content\/uploads\/2020\/02\/SEVILLA_01_2020_425-crop-1024x539.jpg\" class=\"attachment-large size-large wp-image-23187\" alt=\"\" srcset=\"https:\/\/barenboim-said.org\/wp-content\/uploads\/2020\/02\/SEVILLA_01_2020_425-crop-1024x539.jpg 1024w, https:\/\/barenboim-said.org\/wp-content\/uploads\/2020\/02\/SEVILLA_01_2020_425-crop-500x263.jpg 500w, https:\/\/barenboim-said.org\/wp-content\/uploads\/2020\/02\/SEVILLA_01_2020_425-crop-300x158.jpg 300w, https:\/\/barenboim-said.org\/wp-content\/uploads\/2020\/02\/SEVILLA_01_2020_425-crop-768x404.jpg 768w, https:\/\/barenboim-said.org\/wp-content\/uploads\/2020\/02\/SEVILLA_01_2020_425-crop-600x316.jpg 600w, https:\/\/barenboim-said.org\/wp-content\/uploads\/2020\/02\/SEVILLA_01_2020_425-crop.jpg 1140w\" sizes=\"(max-width: 800px) 100vw, 800px\" \/>\t\t\t\t\t\t\t\t\t\t\t\t\t\t\t<\/div>\n\t\t\t\t<div class=\"elementor-element elementor-element-c7c8302 elementor-widget elementor-widget-image\" data-id=\"c7c8302\" data-element_type=\"widget\" data-e-type=\"widget\" data-widget_type=\"image.default\">\n\t\t\t\t\t\t\t\t\t\t\t\t\t\t\t<img decoding=\"async\" width=\"800\" height=\"533\" src=\"https:\/\/barenboim-said.org\/wp-content\/uploads\/2023\/02\/Concierto-VENTOSSET_16.jpg\" class=\"attachment-large size-large wp-image-34201\" alt=\"\" srcset=\"https:\/\/barenboim-said.org\/wp-content\/uploads\/2023\/02\/Concierto-VENTOSSET_16.jpg 993w, https:\/\/barenboim-said.org\/wp-content\/uploads\/2023\/02\/Concierto-VENTOSSET_16-300x200.jpg 300w, https:\/\/barenboim-said.org\/wp-content\/uploads\/2023\/02\/Concierto-VENTOSSET_16-768x512.jpg 768w, https:\/\/barenboim-said.org\/wp-content\/uploads\/2023\/02\/Concierto-VENTOSSET_16-500x333.jpg 500w\" sizes=\"(max-width: 800px) 100vw, 800px\" \/>\t\t\t\t\t\t\t\t\t\t\t\t\t\t\t<\/div>\n\t\t\t\t<div class=\"elementor-element elementor-element-a7f5d48 elementor-widget elementor-widget-image\" data-id=\"a7f5d48\" data-element_type=\"widget\" data-e-type=\"widget\" data-widget_type=\"image.default\">\n\t\t\t\t\t\t\t\t\t\t\t\t\t\t\t<img decoding=\"async\" width=\"800\" height=\"551\" src=\"https:\/\/barenboim-said.org\/wp-content\/uploads\/2023\/02\/pd_PSE_ramallah_29_H-1024x705.jpg\" class=\"attachment-large size-large wp-image-34209\" alt=\"\" srcset=\"https:\/\/barenboim-said.org\/wp-content\/uploads\/2023\/02\/pd_PSE_ramallah_29_H-1024x705.jpg 1024w, https:\/\/barenboim-said.org\/wp-content\/uploads\/2023\/02\/pd_PSE_ramallah_29_H-300x206.jpg 300w, https:\/\/barenboim-said.org\/wp-content\/uploads\/2023\/02\/pd_PSE_ramallah_29_H-768x528.jpg 768w, https:\/\/barenboim-said.org\/wp-content\/uploads\/2023\/02\/pd_PSE_ramallah_29_H-1536x1057.jpg 1536w, https:\/\/barenboim-said.org\/wp-content\/uploads\/2023\/02\/pd_PSE_ramallah_29_H-2048x1409.jpg 2048w, https:\/\/barenboim-said.org\/wp-content\/uploads\/2023\/02\/pd_PSE_ramallah_29_H-500x344.jpg 500w\" sizes=\"(max-width: 800px) 100vw, 800px\" \/>\t\t\t\t\t\t\t\t\t\t\t\t\t\t\t<\/div>\n\t\t\t\t\t<\/div>\n\t\t<\/div>\n\t\t\t\t\t<\/div>\n\t\t<\/section>\n\t\t\t\t<section class=\"elementor-section elementor-top-section elementor-element elementor-element-c4ac35d elementor-section-boxed elementor-section-height-default elementor-section-height-default\" data-id=\"c4ac35d\" data-element_type=\"section\" data-e-type=\"section\" data-settings=\"{&quot;jet_parallax_layout_list&quot;:[{&quot;jet_parallax_layout_image&quot;:{&quot;url&quot;:&quot;&quot;,&quot;id&quot;:&quot;&quot;,&quot;size&quot;:&quot;&quot;},&quot;_id&quot;:&quot;1d05d87&quot;,&quot;jet_parallax_layout_image_tablet&quot;:{&quot;url&quot;:&quot;&quot;,&quot;id&quot;:&quot;&quot;,&quot;size&quot;:&quot;&quot;},&quot;jet_parallax_layout_image_mobile&quot;:{&quot;url&quot;:&quot;&quot;,&quot;id&quot;:&quot;&quot;,&quot;size&quot;:&quot;&quot;},&quot;jet_parallax_layout_speed&quot;:{&quot;unit&quot;:&quot;%&quot;,&quot;size&quot;:50,&quot;sizes&quot;:[]},&quot;jet_parallax_layout_type&quot;:&quot;scroll&quot;,&quot;jet_parallax_layout_direction&quot;:&quot;1&quot;,&quot;jet_parallax_layout_fx_direction&quot;:null,&quot;jet_parallax_layout_z_index&quot;:&quot;&quot;,&quot;jet_parallax_layout_bg_x&quot;:50,&quot;jet_parallax_layout_bg_x_tablet&quot;:&quot;&quot;,&quot;jet_parallax_layout_bg_x_mobile&quot;:&quot;&quot;,&quot;jet_parallax_layout_bg_y&quot;:50,&quot;jet_parallax_layout_bg_y_tablet&quot;:&quot;&quot;,&quot;jet_parallax_layout_bg_y_mobile&quot;:&quot;&quot;,&quot;jet_parallax_layout_bg_size&quot;:&quot;auto&quot;,&quot;jet_parallax_layout_bg_size_tablet&quot;:&quot;&quot;,&quot;jet_parallax_layout_bg_size_mobile&quot;:&quot;&quot;,&quot;jet_parallax_layout_animation_prop&quot;:&quot;transform&quot;,&quot;jet_parallax_layout_on&quot;:[&quot;desktop&quot;,&quot;tablet&quot;]}]}\">\n\t\t\t\t\t\t<div class=\"elementor-container elementor-column-gap-default\">\n\t\t\t\t\t<div class=\"elementor-column elementor-col-100 elementor-top-column elementor-element elementor-element-1ef8de3\" data-id=\"1ef8de3\" data-element_type=\"column\" data-e-type=\"column\">\n\t\t\t<div class=\"elementor-widget-wrap elementor-element-populated\">\n\t\t\t\t\t\t<div class=\"elementor-element elementor-element-398ff29 elementor-widget elementor-widget-text-editor\" data-id=\"398ff29\" data-element_type=\"widget\" data-e-type=\"widget\" data-widget_type=\"text-editor.default\">\n\t\t\t\t\t\t\t\t\t<p>Para la contrataci\u00f3n de servicios docentes por favor <a role=\"link\" href=\"https:\/\/barenboim-said.org\/perfil-del-contratante\/\">compruebe nuestra p\u00e1gina Perfil del Contratante.<\/a><\/p>\t\t\t\t\t\t\t\t<\/div>\n\t\t\t\t\t<\/div>\n\t\t<\/div>\n\t\t\t\t\t<\/div>\n\t\t<\/section>\n\t\t\t\t<\/div>\n\t\t","protected":false},"excerpt":{"rendered":"<p>Procesos abiertos Bolsa de trabajo para docentes especialistas en educaci\u00f3n musical Resoluci\u00f3n de la Bolsa de Trabajo de docentes especialistas en educaci\u00f3n musical infantil \u2013 Sevilla. Se publica la Resoluci\u00f3n de la Fundaci\u00f3n P\u00fablica Andaluza Barenboim-Said por la que se aprueba el orden de prelaci\u00f3n de las personas admitidas en la Bolsa de Trabajo de [&hellip;]<\/p>\n","protected":false},"author":1,"featured_media":0,"parent":0,"menu_order":0,"comment_status":"closed","ping_status":"closed","template":"","meta":{"footnotes":""},"class_list":["post-24217","page","type-page","status-publish","hentry"],"_links":{"self":[{"href":"https:\/\/barenboim-said.org\/es\/wp-json\/wp\/v2\/pages\/24217","targetHints":{"allow":["GET"]}}],"collection":[{"href":"https:\/\/barenboim-said.org\/es\/wp-json\/wp\/v2\/pages"}],"about":[{"href":"https:\/\/barenboim-said.org\/es\/wp-json\/wp\/v2\/types\/page"}],"author":[{"embeddable":true,"href":"https:\/\/barenboim-said.org\/es\/wp-json\/wp\/v2\/users\/1"}],"replies":[{"embeddable":true,"href":"https:\/\/barenboim-said.org\/es\/wp-json\/wp\/v2\/comments?post=24217"}],"version-history":[{"count":47,"href":"https:\/\/barenboim-said.org\/es\/wp-json\/wp\/v2\/pages\/24217\/revisions"}],"predecessor-version":[{"id":44734,"href":"https:\/\/barenboim-said.org\/es\/wp-json\/wp\/v2\/pages\/24217\/revisions\/44734"}],"wp:attachment":[{"href":"https:\/\/barenboim-said.org\/es\/wp-json\/wp\/v2\/media?parent=24217"}],"curies":[{"name":"wp","href":"https:\/\/api.w.org\/{rel}","templated":true}]}}