{"id":31500,"date":"2022-05-23T13:44:34","date_gmt":"2022-05-23T11:44:34","guid":{"rendered":"https:\/\/barenboim-said.org\/?post_type=product&#038;p=31500"},"modified":"2025-06-13T14:19:27","modified_gmt":"2025-06-13T12:19:27","slug":"matricula-aeo","status":"publish","type":"product","link":"https:\/\/barenboim-said.org\/en\/colaboracion\/matricula-aeo\/","title":{"rendered":"Matr\u00edcula Academia Estudios Orquestales 2025\/26"},"content":{"rendered":"","protected":false},"excerpt":{"rendered":"<p>En este enlace puedes hacer el ingreso de la matr\u00edcula tras haber sido aceptado como alumnado de la Academia de Estudios Orquestales de la Fundaci\u00f3n P\u00fablica Andaluza Barenboim-Said para el curso 2025\/26.<\/p>\n","protected":false},"featured_media":43304,"template":"","meta":[],"product_brand":[],"product_cat":[103],"product_tag":[],"class_list":{"0":"post-31500","1":"product","2":"type-product","3":"status-publish","4":"has-post-thumbnail","6":"product_cat-matricula-academia","8":"first","9":"instock","10":"virtual","11":"sold-individually","12":"purchasable","13":"product-type-simple"},"_links":{"self":[{"href":"https:\/\/barenboim-said.org\/en\/wp-json\/wp\/v2\/product\/31500","targetHints":{"allow":["GET"]}}],"collection":[{"href":"https:\/\/barenboim-said.org\/en\/wp-json\/wp\/v2\/product"}],"about":[{"href":"https:\/\/barenboim-said.org\/en\/wp-json\/wp\/v2\/types\/product"}],"version-history":[{"count":2,"href":"https:\/\/barenboim-said.org\/en\/wp-json\/wp\/v2\/product\/31500\/revisions"}],"predecessor-version":[{"id":43306,"href":"https:\/\/barenboim-said.org\/en\/wp-json\/wp\/v2\/product\/31500\/revisions\/43306"}],"wp:featuredmedia":[{"embeddable":true,"href":"https:\/\/barenboim-said.org\/en\/wp-json\/wp\/v2\/media\/43304"}],"wp:attachment":[{"href":"https:\/\/barenboim-said.org\/en\/wp-json\/wp\/v2\/media?parent=31500"}],"wp:term":[{"taxonomy":"product_brand","embeddable":true,"href":"https:\/\/barenboim-said.org\/en\/wp-json\/wp\/v2\/product_brand?post=31500"},{"taxonomy":"product_cat","embeddable":true,"href":"https:\/\/barenboim-said.org\/en\/wp-json\/wp\/v2\/product_cat?post=31500"},{"taxonomy":"product_tag","embeddable":true,"href":"https:\/\/barenboim-said.org\/en\/wp-json\/wp\/v2\/product_tag?post=31500"}],"curies":[{"name":"wp","href":"https:\/\/api.w.org\/{rel}","templated":true}]}}