{"id":28823,"date":"2021-11-15T12:03:10","date_gmt":"2021-11-15T11:03:10","guid":{"rendered":"https:\/\/barenboim-said.org\/accesibilidad\/"},"modified":"2021-11-15T12:03:11","modified_gmt":"2021-11-15T11:03:11","slug":"accesibilidad","status":"publish","type":"page","link":"https:\/\/barenboim-said.org\/en\/accesibilidad\/","title":{"rendered":"Accesibilidad"},"content":{"rendered":"\t\t<div data-elementor-type=\"wp-page\" data-elementor-id=\"28823\" class=\"elementor elementor-28823 elementor-24223\" data-elementor-post-type=\"page\">\n\t\t\t\t\t\t<section class=\"elementor-section elementor-top-section elementor-element elementor-element-4eaac3ee elementor-section-height-min-height elementor-section-items-stretch elementor-section-boxed elementor-section-height-default\" data-id=\"4eaac3ee\" data-element_type=\"section\" data-e-type=\"section\" data-settings=\"{&quot;jet_parallax_layout_list&quot;:[{&quot;jet_parallax_layout_image&quot;:{&quot;url&quot;:&quot;&quot;,&quot;id&quot;:&quot;&quot;,&quot;size&quot;:&quot;&quot;},&quot;_id&quot;:&quot;49bad7b&quot;,&quot;jet_parallax_layout_image_tablet&quot;:{&quot;url&quot;:&quot;&quot;,&quot;id&quot;:&quot;&quot;,&quot;size&quot;:&quot;&quot;},&quot;jet_parallax_layout_image_mobile&quot;:{&quot;url&quot;:&quot;&quot;,&quot;id&quot;:&quot;&quot;,&quot;size&quot;:&quot;&quot;},&quot;jet_parallax_layout_speed&quot;:{&quot;unit&quot;:&quot;%&quot;,&quot;size&quot;:50,&quot;sizes&quot;:[]},&quot;jet_parallax_layout_type&quot;:&quot;scroll&quot;,&quot;jet_parallax_layout_direction&quot;:&quot;1&quot;,&quot;jet_parallax_layout_fx_direction&quot;:null,&quot;jet_parallax_layout_z_index&quot;:&quot;&quot;,&quot;jet_parallax_layout_bg_x&quot;:50,&quot;jet_parallax_layout_bg_x_tablet&quot;:&quot;&quot;,&quot;jet_parallax_layout_bg_x_mobile&quot;:&quot;&quot;,&quot;jet_parallax_layout_bg_y&quot;:50,&quot;jet_parallax_layout_bg_y_tablet&quot;:&quot;&quot;,&quot;jet_parallax_layout_bg_y_mobile&quot;:&quot;&quot;,&quot;jet_parallax_layout_bg_size&quot;:&quot;auto&quot;,&quot;jet_parallax_layout_bg_size_tablet&quot;:&quot;&quot;,&quot;jet_parallax_layout_bg_size_mobile&quot;:&quot;&quot;,&quot;jet_parallax_layout_animation_prop&quot;:&quot;transform&quot;,&quot;jet_parallax_layout_on&quot;:[&quot;desktop&quot;,&quot;tablet&quot;]}],&quot;background_background&quot;:&quot;classic&quot;}\">\n\t\t\t\t\t\t<div class=\"elementor-container elementor-column-gap-default\">\n\t\t\t\t\t<div class=\"elementor-column elementor-col-100 elementor-top-column elementor-element elementor-element-627a2fed\" data-id=\"627a2fed\" data-element_type=\"column\" data-e-type=\"column\">\n\t\t\t<div class=\"elementor-widget-wrap elementor-element-populated\">\n\t\t\t\t\t\t<div class=\"elementor-element elementor-element-2afc38b7 elementor-widget elementor-widget-heading\" data-id=\"2afc38b7\" data-element_type=\"widget\" data-e-type=\"widget\" data-widget_type=\"heading.default\">\n\t\t\t\t\t<h2 class=\"elementor-heading-title elementor-size-default\">Accesibilidad<\/h2>\t\t\t\t<\/div>\n\t\t\t\t\t<\/div>\n\t\t<\/div>\n\t\t\t\t\t<\/div>\n\t\t<\/section>\n\t\t\t\t<section class=\"elementor-section elementor-top-section elementor-element elementor-element-e239040 elementor-section-boxed elementor-section-height-default elementor-section-height-default\" data-id=\"e239040\" data-element_type=\"section\" data-e-type=\"section\" data-settings=\"{&quot;jet_parallax_layout_list&quot;:[{&quot;jet_parallax_layout_image&quot;:{&quot;url&quot;:&quot;&quot;,&quot;id&quot;:&quot;&quot;,&quot;size&quot;:&quot;&quot;},&quot;_id&quot;:&quot;0aa72c8&quot;,&quot;jet_parallax_layout_image_tablet&quot;:{&quot;url&quot;:&quot;&quot;,&quot;id&quot;:&quot;&quot;,&quot;size&quot;:&quot;&quot;},&quot;jet_parallax_layout_image_mobile&quot;:{&quot;url&quot;:&quot;&quot;,&quot;id&quot;:&quot;&quot;,&quot;size&quot;:&quot;&quot;},&quot;jet_parallax_layout_speed&quot;:{&quot;unit&quot;:&quot;%&quot;,&quot;size&quot;:50,&quot;sizes&quot;:[]},&quot;jet_parallax_layout_type&quot;:&quot;scroll&quot;,&quot;jet_parallax_layout_direction&quot;:&quot;1&quot;,&quot;jet_parallax_layout_fx_direction&quot;:null,&quot;jet_parallax_layout_z_index&quot;:&quot;&quot;,&quot;jet_parallax_layout_bg_x&quot;:50,&quot;jet_parallax_layout_bg_x_tablet&quot;:&quot;&quot;,&quot;jet_parallax_layout_bg_x_mobile&quot;:&quot;&quot;,&quot;jet_parallax_layout_bg_y&quot;:50,&quot;jet_parallax_layout_bg_y_tablet&quot;:&quot;&quot;,&quot;jet_parallax_layout_bg_y_mobile&quot;:&quot;&quot;,&quot;jet_parallax_layout_bg_size&quot;:&quot;auto&quot;,&quot;jet_parallax_layout_bg_size_tablet&quot;:&quot;&quot;,&quot;jet_parallax_layout_bg_size_mobile&quot;:&quot;&quot;,&quot;jet_parallax_layout_animation_prop&quot;:&quot;transform&quot;,&quot;jet_parallax_layout_on&quot;:[&quot;desktop&quot;,&quot;tablet&quot;]}]}\">\n\t\t\t\t\t\t<div class=\"elementor-container elementor-column-gap-default\">\n\t\t\t\t\t<div class=\"elementor-column elementor-col-100 elementor-top-column elementor-element elementor-element-383c3ba\" data-id=\"383c3ba\" data-element_type=\"column\" data-e-type=\"column\">\n\t\t\t<div class=\"elementor-widget-wrap elementor-element-populated\">\n\t\t\t\t\t\t<div class=\"elementor-element elementor-element-405d80e elementor-widget elementor-widget-text-editor\" data-id=\"405d80e\" data-element_type=\"widget\" data-e-type=\"widget\" data-widget_type=\"text-editor.default\">\n\t\t\t\t\t\t\t\t\t<h2>Declaraci\u00f3n de accesibilidad del sitio www.barenboim-said.org<\/h2>\n<p>La Consejer\u00eda de la Presidencia, Administraci\u00f3n P\u00fablica e Interior de la Junta de Andaluc\u00eda se ha comprometido a hacer accesibles sus sitios web y sus aplicaciones para dispositivos m\u00f3viles, de conformidad con el Real Decreto 1112\/2018 sobre Accesibilidad de los Sitios Web y Aplicaciones M\u00f3viles del Sector P\u00fablico, que traspone la Directiva (UE) 2016\/2102 del Parlamento Europeo y del Consejo (en adelante RD 1112\/2018).<\/p>\n<p>La presente declaraci\u00f3n de accesibilidad se aplica al sitio web de la Fundaci\u00f3n Barenboim-Said.<\/p>\n<p><strong>Situaci\u00f3n de cumplimiento<\/strong><\/p>\n<p>Este sitio web es\u00a0<strong>parcialmente conforme<\/strong>\u00a0con el RD 1112\/2018 debido a la falta de conformidad de los aspectos que se indican a continuaci\u00f3n.<\/p>\n<p><strong>Contenido no accesible<\/strong><\/p>\n<p>El contenido que se recoge a continuaci\u00f3n no es accesible por lo siguiente:<\/p>\n<p>a) Falta de conformidad con el Real Decreto 1112\/2018<\/p>\n<ul>\n<li>Existen algunos problemas con los atributos obligatorios de los formularios.<\/li>\n<li>Existen errores con el contraste entre los enlaces y el texto.<\/li>\n<li>Existen errores con el contraste con el contenido no textual.<\/li>\n<li>Existen algunos problemas con el contenido en desplazamiento.<\/li>\n<li>Existen problemas con el foco de la p\u00e1gina.<\/li>\n<li>Existen errores de edici\u00f3n en algunas p\u00e1ginas web.<\/li>\n<li style=\"list-style-type: none;\">\u00a0<\/li>\n<\/ul>\n<p>b) Carga desproporcionada<\/p>\n<p>No aplica.<\/p>\n<p>c) El contenido no entra dentro del \u00e1mbito de la legislaci\u00f3n aplicable<\/p>\n<p>No aplica.<\/p>\n<p><strong>Preparaci\u00f3n de la presente declaraci\u00f3n de accesibilidad<\/strong><\/p>\n<p>La presente declaraci\u00f3n fue preparada el 17\/09\/2020.<\/p>\n<p>La presente declaraci\u00f3n ha sido elaborada en base a una revisi\u00f3n del nivel de accesibilidad de este sitio web, llevada a cabo por el Servicio de Inform\u00e1tica a trav\u00e9s de su Oficina de Calidad.<\/p>\n<p>Se ha realizado la verificaci\u00f3n aplicando el siguiente procedimiento:<\/p>\n<ul>\n<li>Se han analizado p\u00e1ginas significativas del sitio web haciendo uso del servicio online b\u00e1sico de diagn\u00f3stico de la accesibilidad web del Observatorio de Accesibilidad del Ministerio de Asuntos Econ\u00f3micos y Transformaci\u00f3n Digital, que valida solo algunas de las pautas exigibles en cuanto a lo que a la accesibilidad se refiere. Tras ello, se han comprobado manualmente todas las verificaciones que autom\u00e1ticamente se hab\u00edan dado por v\u00e1lidas haciendo uso de esta herramienta.<\/li>\n<li>Se han analizado manualmente todas las pautas que no son cubiertas por el servicio online b\u00e1sico de diagn\u00f3stico de la accesibilidad citado anteriormente.<\/li>\n<li>Se han unificado los resultados obtenidos, indicando en el contenido NO accesible de este documento los incumplimientos a la Norma.<\/li>\n<\/ul>\n<p>\u00a0<\/p>\n<p>[\u00daltima revisi\u00f3n de la declaraci\u00f3n: 17\/09\/2020].<\/p>\n<h2>Observaciones y datos de contacto<\/h2>\n<p>Puede realizar comunicaciones sobre requisitos de accesibilidad (art\u00edculo 10.2.a) del RD 1112\/2018, como por ejemplo:<\/p>\n<ul>\n<li>informar sobre cualquier posible incumplimiento por parte de este sitio web.<\/li>\n<li>transmitir otras dificultades de acceso al contenido.<\/li>\n<li>formular cualquier otra consulta o sugerencia de mejora relativa a la accesibilidad del sitio web.<\/li>\n<\/ul>\n<p>\u00a0<\/p>\n<p>a trav\u00e9s de los siguientes medios:<\/p>\n<ul>\n<li>enviar un correo electr\u00f3nico a la direcci\u00f3n\u00a0<a role=\"link\" href=\"mailto:accesibilidad.cpai@juntadeandalucia.es\">cpai@juntadeandalucia.es<\/a>.<\/li>\n<li>presentar un escrito por cualquiera de los medios establecidos en el art\u00edculo 16.4 de la Ley 39\/2015, de 1 de octubre, del Procedimiento Administrativo Com\u00fan de las Administraciones P\u00fablicas. En particular, las personas f\u00edsicas podr\u00e1n presentarlo en cualquier oficina de asistencia en materia de registro. Este escrito deber\u00e1 ir dirigido a la Secretar\u00eda General T\u00e9cnica. Consejer\u00eda de la Presidencia, Administraci\u00f3n P\u00fablica e Interior. Avda. de Roma (s\/n) (Palacio de San Telmo) 41013 \u2013 Sevilla.<\/li>\n<\/ul>\n<p>\u00a0<\/p>\n<p>Las comunicaciones ser\u00e1n recibidas y tratadas por la Secretar\u00eda General T\u00e9cnica. Consejer\u00eda de la Presidencia, Administraci\u00f3n P\u00fablica e Interior.<\/p>\n<p>Tambi\u00e9n puede presentar solicitudes de informaci\u00f3n accesible y quejas, como por ejemplo:<\/p>\n<ul>\n<li>formular quejas relativas al cumplimiento de los requisitos del RD 1112\/2018.<\/li>\n<li>solicitar informaci\u00f3n relativa a contenidos que est\u00e1n excluidos del \u00e1mbito de aplicaci\u00f3n del RD 1112\/2018 seg\u00fan lo establecido por el art\u00edculo 3, apartado 4, o exentos del cumplimiento de los requisitos de accesibilidad por imponer una carga desproporcionada. En este caso deber\u00e1 concretar, con toda claridad, los hechos, razones y petici\u00f3n que permitan constatar que se trata de una solicitud razonable y leg\u00edtima.<\/li>\n<\/ul>\n<p>\u00a0<\/p>\n<p>Para ello puede utilizar los siguientes medios:<\/p>\n<ul>\n<li>presentar un escrito por cualquiera de los medios establecidos en el art\u00edculo 16.4 de la Ley 39\/2015, de 1 de octubre, del Procedimiento Administrativo Com\u00fan de las Administraciones P\u00fablicas. En particular, podr\u00e1 presentarse utilizando certificado electr\u00f3nico a trav\u00e9s del formulario web de Presentaci\u00f3n Electr\u00f3nica General disponible en\u00a0<a role=\"link\" href=\"https:\/\/ws094.juntadeandalucia.es\/V_virtual\/SolicitarTicket?v=PEG\" target=\"_blank\" rel=\"noopener noreferrer\">https:\/\/ws094.juntadeandalucia.es\/V_virtual\/SolicitarTicket?v=PEG<\/a>. Las personas f\u00edsicas tambi\u00e9n podr\u00e1n presentarlo en cualquier oficina de asistencia en materia de registro. Este escrito deber\u00e1 ir dirigido a la Secretar\u00eda General T\u00e9cnica. Consejer\u00eda de la Presidencia, Administraci\u00f3n P\u00fablica e Interior, Junta de Andaluc\u00eda.<\/li>\n<\/ul>\n<p>\u00a0<\/p>\n<p><strong>Procedimiento de aplicaci\u00f3n<\/strong><\/p>\n<p>Puede realizar reclamaciones sobre sus solicitudes de informaci\u00f3n accesible o quejas (art\u00edculo 13 del RD 1112\/2018) a trav\u00e9s del\u00a0<a role=\"link\" href=\"https:\/\/www.juntadeandalucia.es\/servicios\/procedimientos\/detalle\/14637\/datos-basicos.html\" target=\"_blank\" rel=\"noopener noreferrer\">Libro de Sugerencias y Reclamaciones<\/a>, mediante la\u00a0<a role=\"link\" href=\"https:\/\/www.juntadeandalucia.es\/lsr\/lsr\/inicio.jsp\" target=\"_blank\" rel=\"noopener noreferrer\">solicitud en l\u00ednea<\/a>\u00a0o bien rellenando los\u00a0<a role=\"link\" href=\"https:\/\/www.juntadeandalucia.es\/haciendayadministracionpublica\/rpa-icms-doc\/icmsDescargaDoc.do?tipo=4b40ba71bf0bae77c7a9e6765035191a&amp;id=6c408e43867f920423fa717a2e096d99\" target=\"_blank\" rel=\"noopener noreferrer\">formularios<\/a>\u00a0y present\u00e1ndolos en los Registros de Documentos, indicando la materia \u201cAccesibilidad de sitio web o aplicaci\u00f3n m\u00f3vil\u201d.<\/p>\n\t\t\t\t\t\t\t\t<\/div>\n\t\t\t\t\t<\/div>\n\t\t<\/div>\n\t\t\t\t\t<\/div>\n\t\t<\/section>\n\t\t\t\t<section class=\"elementor-section elementor-top-section elementor-element elementor-element-acd1af6 elementor-section-boxed elementor-section-height-default elementor-section-height-default\" data-id=\"acd1af6\" data-element_type=\"section\" data-e-type=\"section\" data-settings=\"{&quot;jet_parallax_layout_list&quot;:[{&quot;jet_parallax_layout_image&quot;:{&quot;url&quot;:&quot;&quot;,&quot;id&quot;:&quot;&quot;,&quot;size&quot;:&quot;&quot;},&quot;_id&quot;:&quot;0aa72c8&quot;,&quot;jet_parallax_layout_image_tablet&quot;:{&quot;url&quot;:&quot;&quot;,&quot;id&quot;:&quot;&quot;,&quot;size&quot;:&quot;&quot;},&quot;jet_parallax_layout_image_mobile&quot;:{&quot;url&quot;:&quot;&quot;,&quot;id&quot;:&quot;&quot;,&quot;size&quot;:&quot;&quot;},&quot;jet_parallax_layout_speed&quot;:{&quot;unit&quot;:&quot;%&quot;,&quot;size&quot;:50,&quot;sizes&quot;:[]},&quot;jet_parallax_layout_type&quot;:&quot;scroll&quot;,&quot;jet_parallax_layout_direction&quot;:&quot;1&quot;,&quot;jet_parallax_layout_fx_direction&quot;:null,&quot;jet_parallax_layout_z_index&quot;:&quot;&quot;,&quot;jet_parallax_layout_bg_x&quot;:50,&quot;jet_parallax_layout_bg_x_tablet&quot;:&quot;&quot;,&quot;jet_parallax_layout_bg_x_mobile&quot;:&quot;&quot;,&quot;jet_parallax_layout_bg_y&quot;:50,&quot;jet_parallax_layout_bg_y_tablet&quot;:&quot;&quot;,&quot;jet_parallax_layout_bg_y_mobile&quot;:&quot;&quot;,&quot;jet_parallax_layout_bg_size&quot;:&quot;auto&quot;,&quot;jet_parallax_layout_bg_size_tablet&quot;:&quot;&quot;,&quot;jet_parallax_layout_bg_size_mobile&quot;:&quot;&quot;,&quot;jet_parallax_layout_animation_prop&quot;:&quot;transform&quot;,&quot;jet_parallax_layout_on&quot;:[&quot;desktop&quot;,&quot;tablet&quot;]}]}\">\n\t\t\t\t\t\t<div class=\"elementor-container elementor-column-gap-default\">\n\t\t\t\t\t<div class=\"elementor-column elementor-col-100 elementor-top-column elementor-element elementor-element-59c0249\" data-id=\"59c0249\" data-element_type=\"column\" data-e-type=\"column\">\n\t\t\t<div class=\"elementor-widget-wrap elementor-element-populated\">\n\t\t\t\t\t\t<div class=\"elementor-element elementor-element-74a4890 elementor-widget elementor-widget-text-editor\" data-id=\"74a4890\" data-element_type=\"widget\" data-e-type=\"widget\" data-widget_type=\"text-editor.default\">\n\t\t\t\t\t\t\t\t\t<p><strong>Informaci\u00f3n b\u00e1sica sobre protecci\u00f3n de datos:\u00a0<\/strong><\/p>\n<p>En cumplimiento de lo dispuesto en el Reglamento General de Protecci\u00f3n de Datos, le informamos que:\u00a0<\/p>\n<p>a) El Responsable del tratamiento de sus datos personales es la Fundaci\u00f3n P\u00fablica Andaluza Barenboim-Said cuya direcci\u00f3n es Patio de Banderas 14, Sevilla, 41004.\u00a0<\/p>\n<p>b) Podr\u00e1 contactar con el Delegado de Protecci\u00f3n de Datos en la direcci\u00f3n electr\u00f3nica <a href=\"mailto:dpd.cpai@juntadeandalucia.es\">cpai@juntadeandalucia.es<\/a> \u00a0<\/p>\n<p>c) Los datos personales que nos indica se incorporan a la actividad de tratamiento \u201c<a href=\"https:\/\/www.juntadeandalucia.es\/protecciondedatos\/detalle\/207269.html\">Sistemas de informaci\u00f3n y Telecomunicaciones<\/a>\u201d, con la finalidad de gestionar los sistemas de informaci\u00f3n y telecomunicaciones; la licitud de dicho tratamiento se basa en el cumplimiento de una obligaci\u00f3n legal del responsable y\/o en el cumplimiento de una misi\u00f3n realizada en inter\u00e9s p\u00fablico o en el ejercicio de poderes p\u00fablicos, consecuencia de lo establecido en la Ley 10\/2005, de 31 de mayo, de Fundaciones de la Comunidad Aut\u00f3noma de Andaluc\u00eda (art\u00edculo 3.1), y otras.\u00a0<\/p>\n<p>d) Puede usted ejercer sus derechos de acceso, rectificaci\u00f3n, supresi\u00f3n, portabilidad de sus datos, y la limitaci\u00f3n u oposici\u00f3n a su tratamiento y a no ser objeto de decisiones individuales automatizadas mediante una solicitud dirigida al responsable del tratamiento acompa\u00f1ada de copia de su DNI, o a trav\u00e9s del correo electr\u00f3nico <a href=\"mailto:info.fbs@juntadeandalucia.es\">info.fbs@juntadeandalucia.es<\/a>.<\/p>\n<p>La informaci\u00f3n adicional detallada se encuentra disponible en la siguiente direcci\u00f3n electr\u00f3nica:\u00a0<a href=\"https:\/\/www.juntadeandalucia.es\/protecciondedatos\/detalle\/207269.html\">https:\/\/www.juntadeandalucia.es\/protecciondedatos\/detalle\/207269.html<\/a><\/p>\n\t\t\t\t\t\t\t\t<\/div>\n\t\t\t\t\t<\/div>\n\t\t<\/div>\n\t\t\t\t\t<\/div>\n\t\t<\/section>\n\t\t\t\t<\/div>\n\t\t","protected":false},"excerpt":{"rendered":"<p>Declaraci\u00f3n de accesibilidad del sitio www.barenboim-said.org La Consejer\u00eda de la Presidencia, Administraci\u00f3n P\u00fablica e Interior de la Junta de Andaluc\u00eda se ha comprometido a hacer accesibles sus sitios web y sus aplicaciones para dispositivos m\u00f3viles, de conformidad con el Real Decreto 1112\/2018 sobre Accesibilidad de los Sitios Web y Aplicaciones M\u00f3viles del Sector P\u00fablico, que [&hellip;]<\/p>\n","protected":false},"author":1,"featured_media":0,"parent":0,"menu_order":0,"comment_status":"closed","ping_status":"closed","template":"","meta":{"footnotes":""},"class_list":["post-28823","page","type-page","status-publish","hentry"],"_links":{"self":[{"href":"https:\/\/barenboim-said.org\/en\/wp-json\/wp\/v2\/pages\/28823","targetHints":{"allow":["GET"]}}],"collection":[{"href":"https:\/\/barenboim-said.org\/en\/wp-json\/wp\/v2\/pages"}],"about":[{"href":"https:\/\/barenboim-said.org\/en\/wp-json\/wp\/v2\/types\/page"}],"author":[{"embeddable":true,"href":"https:\/\/barenboim-said.org\/en\/wp-json\/wp\/v2\/users\/1"}],"replies":[{"embeddable":true,"href":"https:\/\/barenboim-said.org\/en\/wp-json\/wp\/v2\/comments?post=28823"}],"version-history":[{"count":0,"href":"https:\/\/barenboim-said.org\/en\/wp-json\/wp\/v2\/pages\/28823\/revisions"}],"wp:attachment":[{"href":"https:\/\/barenboim-said.org\/en\/wp-json\/wp\/v2\/media?parent=28823"}],"curies":[{"name":"wp","href":"https:\/\/api.w.org\/{rel}","templated":true}]}}