{"id":28676,"date":"2021-11-15T11:12:48","date_gmt":"2021-11-15T10:12:48","guid":{"rendered":"https:\/\/barenboim-said.org\/music-education-project-in-andalusia\/"},"modified":"2024-09-16T10:04:14","modified_gmt":"2024-09-16T08:04:14","slug":"music-education-project-in-andalusia","status":"publish","type":"page","link":"https:\/\/barenboim-said.org\/en\/music-education-project-in-andalusia\/","title":{"rendered":"Music Education Project in Andalusia"},"content":{"rendered":"\t\t<div data-elementor-type=\"wp-page\" data-elementor-id=\"28676\" class=\"elementor elementor-28676 elementor-24704\" data-elementor-post-type=\"page\">\n\t\t\t\t\t\t<section class=\"elementor-section elementor-top-section elementor-element elementor-element-86e9605 elementor-section-full_width elementor-section-height-default elementor-section-height-default\" data-id=\"86e9605\" data-element_type=\"section\" data-e-type=\"section\" data-settings=\"{&quot;jet_parallax_layout_list&quot;:[{&quot;jet_parallax_layout_image&quot;:{&quot;url&quot;:&quot;&quot;,&quot;id&quot;:&quot;&quot;,&quot;size&quot;:&quot;&quot;},&quot;_id&quot;:&quot;59affc8&quot;,&quot;jet_parallax_layout_image_tablet&quot;:{&quot;url&quot;:&quot;&quot;,&quot;id&quot;:&quot;&quot;,&quot;size&quot;:&quot;&quot;},&quot;jet_parallax_layout_image_mobile&quot;:{&quot;url&quot;:&quot;&quot;,&quot;id&quot;:&quot;&quot;,&quot;size&quot;:&quot;&quot;},&quot;jet_parallax_layout_speed&quot;:{&quot;unit&quot;:&quot;%&quot;,&quot;size&quot;:50,&quot;sizes&quot;:[]},&quot;jet_parallax_layout_type&quot;:&quot;scroll&quot;,&quot;jet_parallax_layout_direction&quot;:&quot;1&quot;,&quot;jet_parallax_layout_fx_direction&quot;:null,&quot;jet_parallax_layout_z_index&quot;:&quot;&quot;,&quot;jet_parallax_layout_bg_x&quot;:50,&quot;jet_parallax_layout_bg_x_tablet&quot;:&quot;&quot;,&quot;jet_parallax_layout_bg_x_mobile&quot;:&quot;&quot;,&quot;jet_parallax_layout_bg_y&quot;:50,&quot;jet_parallax_layout_bg_y_tablet&quot;:&quot;&quot;,&quot;jet_parallax_layout_bg_y_mobile&quot;:&quot;&quot;,&quot;jet_parallax_layout_bg_size&quot;:&quot;auto&quot;,&quot;jet_parallax_layout_bg_size_tablet&quot;:&quot;&quot;,&quot;jet_parallax_layout_bg_size_mobile&quot;:&quot;&quot;,&quot;jet_parallax_layout_animation_prop&quot;:&quot;transform&quot;,&quot;jet_parallax_layout_on&quot;:[&quot;desktop&quot;,&quot;tablet&quot;]}]}\">\n\t\t\t\t\t\t<div class=\"elementor-container elementor-column-gap-no\">\n\t\t\t\t\t<div class=\"elementor-column elementor-col-100 elementor-top-column elementor-element elementor-element-4ce24cf\" data-id=\"4ce24cf\" data-element_type=\"column\" data-e-type=\"column\">\n\t\t\t<div class=\"elementor-widget-wrap elementor-element-populated\">\n\t\t\t\t\t\t<div class=\"elementor-element elementor-element-4efbe70 elementor-widget elementor-widget-template\" data-id=\"4efbe70\" data-element_type=\"widget\" data-e-type=\"widget\" data-widget_type=\"template.default\">\n\t\t\t\t<div class=\"elementor-widget-container\">\n\t\t\t\t\t\t\t<div class=\"elementor-template\">\n\t\t\t\t\t<div data-elementor-type=\"section\" data-elementor-id=\"24370\" class=\"elementor elementor-24370\" data-elementor-post-type=\"elementor_library\">\n\t\t\t\t\t<section class=\"elementor-section elementor-top-section elementor-element elementor-element-376c33ee elementor-section-height-min-height elementor-section-items-stretch elementor-section-boxed elementor-section-height-default\" data-id=\"376c33ee\" data-element_type=\"section\" data-e-type=\"section\" data-settings=\"{&quot;jet_parallax_layout_list&quot;:[{&quot;jet_parallax_layout_image&quot;:{&quot;url&quot;:&quot;&quot;,&quot;id&quot;:&quot;&quot;,&quot;size&quot;:&quot;&quot;},&quot;_id&quot;:&quot;49bad7b&quot;,&quot;jet_parallax_layout_image_tablet&quot;:{&quot;url&quot;:&quot;&quot;,&quot;id&quot;:&quot;&quot;,&quot;size&quot;:&quot;&quot;},&quot;jet_parallax_layout_image_mobile&quot;:{&quot;url&quot;:&quot;&quot;,&quot;id&quot;:&quot;&quot;,&quot;size&quot;:&quot;&quot;},&quot;jet_parallax_layout_speed&quot;:{&quot;unit&quot;:&quot;%&quot;,&quot;size&quot;:50,&quot;sizes&quot;:[]},&quot;jet_parallax_layout_type&quot;:&quot;scroll&quot;,&quot;jet_parallax_layout_direction&quot;:&quot;1&quot;,&quot;jet_parallax_layout_fx_direction&quot;:null,&quot;jet_parallax_layout_z_index&quot;:&quot;&quot;,&quot;jet_parallax_layout_bg_x&quot;:50,&quot;jet_parallax_layout_bg_x_tablet&quot;:&quot;&quot;,&quot;jet_parallax_layout_bg_x_mobile&quot;:&quot;&quot;,&quot;jet_parallax_layout_bg_y&quot;:50,&quot;jet_parallax_layout_bg_y_tablet&quot;:&quot;&quot;,&quot;jet_parallax_layout_bg_y_mobile&quot;:&quot;&quot;,&quot;jet_parallax_layout_bg_size&quot;:&quot;auto&quot;,&quot;jet_parallax_layout_bg_size_tablet&quot;:&quot;&quot;,&quot;jet_parallax_layout_bg_size_mobile&quot;:&quot;&quot;,&quot;jet_parallax_layout_animation_prop&quot;:&quot;transform&quot;,&quot;jet_parallax_layout_on&quot;:[&quot;desktop&quot;,&quot;tablet&quot;]}],&quot;background_background&quot;:&quot;classic&quot;}\">\n\t\t\t\t\t\t\t<div class=\"elementor-background-overlay\"><\/div>\n\t\t\t\t\t\t\t<div class=\"elementor-container elementor-column-gap-default\">\n\t\t\t\t\t<div class=\"elementor-column elementor-col-100 elementor-top-column elementor-element elementor-element-3f8c9368\" data-id=\"3f8c9368\" data-element_type=\"column\" data-e-type=\"column\">\n\t\t\t<div class=\"elementor-widget-wrap elementor-element-populated\">\n\t\t\t\t\t\t<div class=\"elementor-element elementor-element-6a25fdae elementor-widget elementor-widget-heading\" data-id=\"6a25fdae\" data-element_type=\"widget\" data-e-type=\"widget\" data-widget_type=\"heading.default\">\n\t\t\t\t\t<h1 class=\"elementor-heading-title elementor-size-default\">Music Education Project in Andalusia<\/h1>\t\t\t\t<\/div>\n\t\t\t\t\t<\/div>\n\t\t<\/div>\n\t\t\t\t\t<\/div>\n\t\t<\/section>\n\t\t\t\t<\/div>\n\t\t\t\t<\/div>\n\t\t\t\t\t\t<\/div>\n\t\t\t\t<\/div>\n\t\t\t\t\t<\/div>\n\t\t<\/div>\n\t\t\t\t\t<\/div>\n\t\t<\/section>\n\t\t\t\t<section class=\"elementor-section elementor-top-section elementor-element elementor-element-715b842 elementor-section-boxed elementor-section-height-default elementor-section-height-default\" data-id=\"715b842\" data-element_type=\"section\" data-e-type=\"section\" data-settings=\"{&quot;jet_parallax_layout_list&quot;:[{&quot;jet_parallax_layout_image&quot;:{&quot;url&quot;:&quot;&quot;,&quot;id&quot;:&quot;&quot;,&quot;size&quot;:&quot;&quot;},&quot;_id&quot;:&quot;589bafb&quot;,&quot;jet_parallax_layout_image_tablet&quot;:{&quot;url&quot;:&quot;&quot;,&quot;id&quot;:&quot;&quot;,&quot;size&quot;:&quot;&quot;},&quot;jet_parallax_layout_image_mobile&quot;:{&quot;url&quot;:&quot;&quot;,&quot;id&quot;:&quot;&quot;,&quot;size&quot;:&quot;&quot;},&quot;jet_parallax_layout_speed&quot;:{&quot;unit&quot;:&quot;%&quot;,&quot;size&quot;:50,&quot;sizes&quot;:[]},&quot;jet_parallax_layout_type&quot;:&quot;scroll&quot;,&quot;jet_parallax_layout_direction&quot;:&quot;1&quot;,&quot;jet_parallax_layout_fx_direction&quot;:null,&quot;jet_parallax_layout_z_index&quot;:&quot;&quot;,&quot;jet_parallax_layout_bg_x&quot;:50,&quot;jet_parallax_layout_bg_x_tablet&quot;:&quot;&quot;,&quot;jet_parallax_layout_bg_x_mobile&quot;:&quot;&quot;,&quot;jet_parallax_layout_bg_y&quot;:50,&quot;jet_parallax_layout_bg_y_tablet&quot;:&quot;&quot;,&quot;jet_parallax_layout_bg_y_mobile&quot;:&quot;&quot;,&quot;jet_parallax_layout_bg_size&quot;:&quot;auto&quot;,&quot;jet_parallax_layout_bg_size_tablet&quot;:&quot;&quot;,&quot;jet_parallax_layout_bg_size_mobile&quot;:&quot;&quot;,&quot;jet_parallax_layout_animation_prop&quot;:&quot;transform&quot;,&quot;jet_parallax_layout_on&quot;:[&quot;desktop&quot;,&quot;tablet&quot;]}]}\">\n\t\t\t\t\t\t<div class=\"elementor-container elementor-column-gap-default\">\n\t\t\t\t\t<div class=\"elementor-column elementor-col-50 elementor-top-column elementor-element elementor-element-3b53a0c\" data-id=\"3b53a0c\" data-element_type=\"column\" data-e-type=\"column\">\n\t\t\t<div class=\"elementor-widget-wrap elementor-element-populated\">\n\t\t\t\t\t\t<div class=\"elementor-element elementor-element-8746d59 elementor-widget elementor-widget-heading\" data-id=\"8746d59\" data-element_type=\"widget\" data-e-type=\"widget\" data-widget_type=\"heading.default\">\n\t\t\t\t\t<h2 class=\"elementor-heading-title elementor-size-default\">Music Education Project in Andalusia<\/h2>\t\t\t\t<\/div>\n\t\t\t\t<div class=\"elementor-element elementor-element-dc9252c elementor-widget elementor-widget-text-editor\" data-id=\"dc9252c\" data-element_type=\"widget\" data-e-type=\"widget\" data-widget_type=\"text-editor.default\">\n\t\t\t\t\t\t\t\t\t<div><div><p>Inspired on Daniel Barenboim\u2019s idea to \u201ceducate through music\u201d, the Barenboim-Said Andalusian Public Foundation carries out, since 2005, the Music Education Project in Andalusia, which includes a series of innovative educational activities that aim to develop music education for children in Andalusia.<\/p><p>Through the activities of Music Education in the Early Childhood, Music Education Courses for Beginners and the Orchestral Project in Primary Schools, the Foundation aims to offer music as a main element for integral education based on humanistic values. To that end, the Foundation offers music education programmes and projects to a large number of Andalusian children.<\/p><h6>MUSIC EDUCATION IN THE EARLY CHILDHOOD PROJECT<\/h6><p>Created in 2005, the Music Education in the Early Childhood Project is the first project developed by the Barenboim-Said Foundation in Andalusia. Since then, more than 2,000 children from 3 to 5 years old from old from 21 schools in Andalusia (in Cordoba, Granada, Malaga and Seville) benefit every year from this project, supported by the Ministry of Education of the Regional Government of Andalusia (<a href=\"http:\/\/portals.ced.junta-andalucia.es\/educacion\/portals\/web\/ced\">Consejer\u00eda de Educaci\u00f3n de la Junta de Andaluc\u00eda<\/a>).<\/p><p>This project takes place throughout the academic year. From Monday to Thursday, children receive half an hour of music lessons, given by the Foundation\u2019s music specialists. Our music teachers develop, along with the schools&#8217; teachers, an specific music programme included in the school curriculum. Music activities are developed through games designed to stimulate children in music appreciation, interpretation and creation.<\/p><p>International renowned professionals in Music Education provide this project with didactic and scientific consultation. It is inspired in similar projects carried out in Ramallah (Palestinian Territories) and in Berlin (Germany).<\/p><h6>MUSIC EDUCATION COURSES FOR BEGINNERS<\/h6><p>These courses were created with the objective of introducing children from 5 to 12 years old to the world of music and music instruments. Throughout these courses, normally lasting from three to five days, children receive basic instrument lessons, such as piano, violin or percussion, among others, as well as choir and musical expression classes.<\/p><p>Due to the nature of this project, previous musical knowledge is not required, which allows children to get in touch -in most cases, for the first time- with different music instruments. Guided by the Foundation\u2019s music teachers, children learn, in a playful and creative way, basic notions of music interpretation, technique, etc. At the end of the course, students participate in a final performance where they show their families what they have learnt during the course.<\/p><p>Additionally, the Foundation aims to contribute to balance work and family life. Therefore, these courses take place during school holidays, normally during Summer, Christmas or Easter holidays.<\/p><h6>ORCHESTRAL PROJECT IN PRIMARY SCHOOL<\/h6><p>In 2015, the Foundation and the Ministry of Education of the Regional Government of Andalusia started the Orchestral Project in Primary School, a unique initiative in Spain, with aims to promote music education in state primary schools and to create, in the near future, a children\u2019s orchestra.\u00a0<\/p><p>This project is integrated in the school hours and includes weekly violin and cello lessons given by specialized music teachers. The Barenboim-Said Foundation provides every student with an instrument.<\/p><p>For further information about the Music Education Project in Andalusia, please contact us on <a href=\"mailto:info.emi@juntadeandalucia.es\">info.emi@juntadeandalucia.es<\/a>\u00a0or +34 954 71 29 94.<\/p><\/div><\/div>\t\t\t\t\t\t\t\t<\/div>\n\t\t\t\t\t<\/div>\n\t\t<\/div>\n\t\t\t\t<div class=\"elementor-column elementor-col-50 elementor-top-column elementor-element elementor-element-90ad2e8\" data-id=\"90ad2e8\" data-element_type=\"column\" data-e-type=\"column\">\n\t\t\t<div class=\"elementor-widget-wrap elementor-element-populated\">\n\t\t\t\t\t\t<div class=\"elementor-element elementor-element-198f9a8 elementor-widget elementor-widget-image\" data-id=\"198f9a8\" data-element_type=\"widget\" data-e-type=\"widget\" data-widget_type=\"image.default\">\n\t\t\t\t\t\t\t\t\t\t\t\t\t\t\t<img fetchpriority=\"high\" decoding=\"async\" width=\"565\" height=\"575\" src=\"https:\/\/barenboim-said.org\/wp-content\/uploads\/2021\/04\/educar_musica.jpg\" class=\"attachment-large size-large wp-image-28678\" alt=\"\" srcset=\"https:\/\/barenboim-said.org\/wp-content\/uploads\/2021\/04\/educar_musica.jpg 565w, https:\/\/barenboim-said.org\/wp-content\/uploads\/2021\/04\/educar_musica-500x509.jpg 500w, https:\/\/barenboim-said.org\/wp-content\/uploads\/2021\/04\/educar_musica-295x300.jpg 295w\" sizes=\"(max-width: 565px) 100vw, 565px\" \/>\t\t\t\t\t\t\t\t\t\t\t\t\t\t\t<\/div>\n\t\t\t\t<div class=\"elementor-element elementor-element-8ab76f5 elementor-widget elementor-widget-image\" data-id=\"8ab76f5\" data-element_type=\"widget\" data-e-type=\"widget\" data-widget_type=\"image.default\">\n\t\t\t\t\t\t\t\t\t\t\t\t\t\t\t<img decoding=\"async\" width=\"565\" height=\"430\" src=\"https:\/\/barenboim-said.org\/wp-content\/uploads\/2021\/11\/musicaleducation3.jpg\" class=\"attachment-large size-large wp-image-28682\" alt=\"\" srcset=\"https:\/\/barenboim-said.org\/wp-content\/uploads\/2021\/11\/musicaleducation3.jpg 565w, https:\/\/barenboim-said.org\/wp-content\/uploads\/2021\/11\/musicaleducation3-500x381.jpg 500w, https:\/\/barenboim-said.org\/wp-content\/uploads\/2021\/11\/musicaleducation3-300x228.jpg 300w\" sizes=\"(max-width: 565px) 100vw, 565px\" \/>\t\t\t\t\t\t\t\t\t\t\t\t\t\t\t<\/div>\n\t\t\t\t<div class=\"elementor-element elementor-element-0e006ab elementor-widget elementor-widget-image\" data-id=\"0e006ab\" data-element_type=\"widget\" data-e-type=\"widget\" data-widget_type=\"image.default\">\n\t\t\t\t\t\t\t\t\t\t\t\t\t\t\t<img decoding=\"async\" width=\"565\" height=\"420\" src=\"https:\/\/barenboim-said.org\/wp-content\/uploads\/2021\/11\/imagendos.jpg\" class=\"attachment-large size-large wp-image-28684\" alt=\"\" srcset=\"https:\/\/barenboim-said.org\/wp-content\/uploads\/2021\/11\/imagendos.jpg 565w, https:\/\/barenboim-said.org\/wp-content\/uploads\/2021\/11\/imagendos-500x372.jpg 500w, https:\/\/barenboim-said.org\/wp-content\/uploads\/2021\/11\/imagendos-300x223.jpg 300w\" sizes=\"(max-width: 565px) 100vw, 565px\" \/>\t\t\t\t\t\t\t\t\t\t\t\t\t\t\t<\/div>\n\t\t\t\t<div class=\"elementor-element elementor-element-b39ee44 elementor-widget elementor-widget-image\" data-id=\"b39ee44\" data-element_type=\"widget\" data-e-type=\"widget\" data-widget_type=\"image.default\">\n\t\t\t\t\t\t\t\t\t\t\t\t\t\t\t<img loading=\"lazy\" decoding=\"async\" width=\"565\" height=\"180\" src=\"https:\/\/barenboim-said.org\/wp-content\/uploads\/2021\/11\/chorist-andalusia.jpg\" class=\"attachment-large size-large wp-image-28686\" alt=\"\" srcset=\"https:\/\/barenboim-said.org\/wp-content\/uploads\/2021\/11\/chorist-andalusia.jpg 565w, https:\/\/barenboim-said.org\/wp-content\/uploads\/2021\/11\/chorist-andalusia-500x159.jpg 500w, https:\/\/barenboim-said.org\/wp-content\/uploads\/2021\/11\/chorist-andalusia-300x96.jpg 300w\" sizes=\"(max-width: 565px) 100vw, 565px\" \/>\t\t\t\t\t\t\t\t\t\t\t\t\t\t\t<\/div>\n\t\t\t\t\t<\/div>\n\t\t<\/div>\n\t\t\t\t\t<\/div>\n\t\t<\/section>\n\t\t\t\t<\/div>\n\t\t","protected":false},"excerpt":{"rendered":"<p>Music Education Project in Andalusia Inspired on Daniel Barenboim\u2019s idea to \u201ceducate through music\u201d, the Barenboim-Said Andalusian Public Foundation carries out, since 2005, the Music Education Project in Andalusia, which includes a series of innovative educational activities that aim to develop music education for children in Andalusia. Through the activities of Music Education in the [&hellip;]<\/p>\n","protected":false},"author":1,"featured_media":28680,"parent":0,"menu_order":0,"comment_status":"closed","ping_status":"closed","template":"","meta":{"footnotes":""},"class_list":["post-28676","page","type-page","status-publish","has-post-thumbnail","hentry"],"_links":{"self":[{"href":"https:\/\/barenboim-said.org\/en\/wp-json\/wp\/v2\/pages\/28676","targetHints":{"allow":["GET"]}}],"collection":[{"href":"https:\/\/barenboim-said.org\/en\/wp-json\/wp\/v2\/pages"}],"about":[{"href":"https:\/\/barenboim-said.org\/en\/wp-json\/wp\/v2\/types\/page"}],"author":[{"embeddable":true,"href":"https:\/\/barenboim-said.org\/en\/wp-json\/wp\/v2\/users\/1"}],"replies":[{"embeddable":true,"href":"https:\/\/barenboim-said.org\/en\/wp-json\/wp\/v2\/comments?post=28676"}],"version-history":[{"count":0,"href":"https:\/\/barenboim-said.org\/en\/wp-json\/wp\/v2\/pages\/28676\/revisions"}],"wp:featuredmedia":[{"embeddable":true,"href":"https:\/\/barenboim-said.org\/en\/wp-json\/wp\/v2\/media\/28680"}],"wp:attachment":[{"href":"https:\/\/barenboim-said.org\/en\/wp-json\/wp\/v2\/media?parent=28676"}],"curies":[{"name":"wp","href":"https:\/\/api.w.org\/{rel}","templated":true}]}}