{"id":28593,"date":"2021-11-15T10:12:35","date_gmt":"2021-11-15T09:12:35","guid":{"rendered":"https:\/\/barenboim-said.org\/fundacion-barenboim-said\/fines-y-patronato\/"},"modified":"2024-09-17T14:10:34","modified_gmt":"2024-09-17T12:10:34","slug":"fines-y-patronato","status":"publish","type":"page","link":"https:\/\/barenboim-said.org\/en\/fundacion-barenboim-said\/fines-y-patronato\/","title":{"rendered":"Objectives and Board of Trustees"},"content":{"rendered":"\t\t<div data-elementor-type=\"wp-page\" data-elementor-id=\"28593\" class=\"elementor elementor-28593 elementor-24275\" data-elementor-post-type=\"page\">\n\t\t\t\t\t\t<section class=\"elementor-section elementor-top-section elementor-element elementor-element-5df8745 elementor-section-full_width elementor-section-height-default elementor-section-height-default\" data-id=\"5df8745\" data-element_type=\"section\" data-e-type=\"section\" data-settings=\"{&quot;jet_parallax_layout_list&quot;:[{&quot;jet_parallax_layout_image&quot;:{&quot;url&quot;:&quot;&quot;,&quot;id&quot;:&quot;&quot;,&quot;size&quot;:&quot;&quot;},&quot;_id&quot;:&quot;bf84c2a&quot;,&quot;jet_parallax_layout_image_tablet&quot;:{&quot;url&quot;:&quot;&quot;,&quot;id&quot;:&quot;&quot;,&quot;size&quot;:&quot;&quot;},&quot;jet_parallax_layout_image_mobile&quot;:{&quot;url&quot;:&quot;&quot;,&quot;id&quot;:&quot;&quot;,&quot;size&quot;:&quot;&quot;},&quot;jet_parallax_layout_speed&quot;:{&quot;unit&quot;:&quot;%&quot;,&quot;size&quot;:50,&quot;sizes&quot;:[]},&quot;jet_parallax_layout_type&quot;:&quot;scroll&quot;,&quot;jet_parallax_layout_direction&quot;:&quot;1&quot;,&quot;jet_parallax_layout_fx_direction&quot;:null,&quot;jet_parallax_layout_z_index&quot;:&quot;&quot;,&quot;jet_parallax_layout_bg_x&quot;:50,&quot;jet_parallax_layout_bg_x_tablet&quot;:&quot;&quot;,&quot;jet_parallax_layout_bg_x_mobile&quot;:&quot;&quot;,&quot;jet_parallax_layout_bg_y&quot;:50,&quot;jet_parallax_layout_bg_y_tablet&quot;:&quot;&quot;,&quot;jet_parallax_layout_bg_y_mobile&quot;:&quot;&quot;,&quot;jet_parallax_layout_bg_size&quot;:&quot;auto&quot;,&quot;jet_parallax_layout_bg_size_tablet&quot;:&quot;&quot;,&quot;jet_parallax_layout_bg_size_mobile&quot;:&quot;&quot;,&quot;jet_parallax_layout_animation_prop&quot;:&quot;transform&quot;,&quot;jet_parallax_layout_on&quot;:[&quot;desktop&quot;,&quot;tablet&quot;]}]}\">\n\t\t\t\t\t\t<div class=\"elementor-container elementor-column-gap-no\">\n\t\t\t\t\t<div class=\"elementor-column elementor-col-100 elementor-top-column elementor-element elementor-element-af87549\" data-id=\"af87549\" data-element_type=\"column\" data-e-type=\"column\">\n\t\t\t<div class=\"elementor-widget-wrap elementor-element-populated\">\n\t\t\t\t\t\t<div class=\"elementor-element elementor-element-a796136 elementor-widget elementor-widget-template\" data-id=\"a796136\" data-element_type=\"widget\" data-e-type=\"widget\" data-widget_type=\"template.default\">\n\t\t\t\t<div class=\"elementor-widget-container\">\n\t\t\t\t\t\t\t<div class=\"elementor-template\">\n\t\t\t\t\t<div data-elementor-type=\"section\" data-elementor-id=\"24370\" class=\"elementor elementor-24370\" data-elementor-post-type=\"elementor_library\">\n\t\t\t\t\t<section class=\"elementor-section elementor-top-section elementor-element elementor-element-376c33ee elementor-section-height-min-height elementor-section-items-stretch elementor-section-boxed elementor-section-height-default\" data-id=\"376c33ee\" data-element_type=\"section\" data-e-type=\"section\" data-settings=\"{&quot;jet_parallax_layout_list&quot;:[{&quot;jet_parallax_layout_image&quot;:{&quot;url&quot;:&quot;&quot;,&quot;id&quot;:&quot;&quot;,&quot;size&quot;:&quot;&quot;},&quot;_id&quot;:&quot;49bad7b&quot;,&quot;jet_parallax_layout_image_tablet&quot;:{&quot;url&quot;:&quot;&quot;,&quot;id&quot;:&quot;&quot;,&quot;size&quot;:&quot;&quot;},&quot;jet_parallax_layout_image_mobile&quot;:{&quot;url&quot;:&quot;&quot;,&quot;id&quot;:&quot;&quot;,&quot;size&quot;:&quot;&quot;},&quot;jet_parallax_layout_speed&quot;:{&quot;unit&quot;:&quot;%&quot;,&quot;size&quot;:50,&quot;sizes&quot;:[]},&quot;jet_parallax_layout_type&quot;:&quot;scroll&quot;,&quot;jet_parallax_layout_direction&quot;:&quot;1&quot;,&quot;jet_parallax_layout_fx_direction&quot;:null,&quot;jet_parallax_layout_z_index&quot;:&quot;&quot;,&quot;jet_parallax_layout_bg_x&quot;:50,&quot;jet_parallax_layout_bg_x_tablet&quot;:&quot;&quot;,&quot;jet_parallax_layout_bg_x_mobile&quot;:&quot;&quot;,&quot;jet_parallax_layout_bg_y&quot;:50,&quot;jet_parallax_layout_bg_y_tablet&quot;:&quot;&quot;,&quot;jet_parallax_layout_bg_y_mobile&quot;:&quot;&quot;,&quot;jet_parallax_layout_bg_size&quot;:&quot;auto&quot;,&quot;jet_parallax_layout_bg_size_tablet&quot;:&quot;&quot;,&quot;jet_parallax_layout_bg_size_mobile&quot;:&quot;&quot;,&quot;jet_parallax_layout_animation_prop&quot;:&quot;transform&quot;,&quot;jet_parallax_layout_on&quot;:[&quot;desktop&quot;,&quot;tablet&quot;]}],&quot;background_background&quot;:&quot;classic&quot;}\">\n\t\t\t\t\t\t\t<div class=\"elementor-background-overlay\"><\/div>\n\t\t\t\t\t\t\t<div class=\"elementor-container elementor-column-gap-default\">\n\t\t\t\t\t<div class=\"elementor-column elementor-col-100 elementor-top-column elementor-element elementor-element-3f8c9368\" data-id=\"3f8c9368\" data-element_type=\"column\" data-e-type=\"column\">\n\t\t\t<div class=\"elementor-widget-wrap elementor-element-populated\">\n\t\t\t\t\t\t<div class=\"elementor-element elementor-element-6a25fdae elementor-widget elementor-widget-heading\" data-id=\"6a25fdae\" data-element_type=\"widget\" data-e-type=\"widget\" data-widget_type=\"heading.default\">\n\t\t\t\t\t<h1 class=\"elementor-heading-title elementor-size-default\">Objectives and Board of Trustees<\/h1>\t\t\t\t<\/div>\n\t\t\t\t\t<\/div>\n\t\t<\/div>\n\t\t\t\t\t<\/div>\n\t\t<\/section>\n\t\t\t\t<\/div>\n\t\t\t\t<\/div>\n\t\t\t\t\t\t<\/div>\n\t\t\t\t<\/div>\n\t\t\t\t\t<\/div>\n\t\t<\/div>\n\t\t\t\t\t<\/div>\n\t\t<\/section>\n\t\t\t\t<section class=\"elementor-section elementor-top-section elementor-element elementor-element-c6b3a82 elementor-section-boxed elementor-section-height-default elementor-section-height-default\" data-id=\"c6b3a82\" data-element_type=\"section\" data-e-type=\"section\" data-settings=\"{&quot;jet_parallax_layout_list&quot;:[{&quot;jet_parallax_layout_image&quot;:{&quot;url&quot;:&quot;&quot;,&quot;id&quot;:&quot;&quot;,&quot;size&quot;:&quot;&quot;},&quot;_id&quot;:&quot;d8ca4a5&quot;,&quot;jet_parallax_layout_image_tablet&quot;:{&quot;url&quot;:&quot;&quot;,&quot;id&quot;:&quot;&quot;,&quot;size&quot;:&quot;&quot;},&quot;jet_parallax_layout_image_mobile&quot;:{&quot;url&quot;:&quot;&quot;,&quot;id&quot;:&quot;&quot;,&quot;size&quot;:&quot;&quot;},&quot;jet_parallax_layout_speed&quot;:{&quot;unit&quot;:&quot;%&quot;,&quot;size&quot;:50,&quot;sizes&quot;:[]},&quot;jet_parallax_layout_type&quot;:&quot;scroll&quot;,&quot;jet_parallax_layout_direction&quot;:&quot;1&quot;,&quot;jet_parallax_layout_fx_direction&quot;:null,&quot;jet_parallax_layout_z_index&quot;:&quot;&quot;,&quot;jet_parallax_layout_bg_x&quot;:50,&quot;jet_parallax_layout_bg_x_tablet&quot;:&quot;&quot;,&quot;jet_parallax_layout_bg_x_mobile&quot;:&quot;&quot;,&quot;jet_parallax_layout_bg_y&quot;:50,&quot;jet_parallax_layout_bg_y_tablet&quot;:&quot;&quot;,&quot;jet_parallax_layout_bg_y_mobile&quot;:&quot;&quot;,&quot;jet_parallax_layout_bg_size&quot;:&quot;auto&quot;,&quot;jet_parallax_layout_bg_size_tablet&quot;:&quot;&quot;,&quot;jet_parallax_layout_bg_size_mobile&quot;:&quot;&quot;,&quot;jet_parallax_layout_animation_prop&quot;:&quot;transform&quot;,&quot;jet_parallax_layout_on&quot;:[&quot;desktop&quot;,&quot;tablet&quot;]}]}\">\n\t\t\t\t\t\t<div class=\"elementor-container elementor-column-gap-default\">\n\t\t\t\t\t<div class=\"elementor-column elementor-col-100 elementor-top-column elementor-element elementor-element-80387f3\" data-id=\"80387f3\" data-element_type=\"column\" data-e-type=\"column\">\n\t\t\t<div class=\"elementor-widget-wrap elementor-element-populated\">\n\t\t\t\t\t\t<div class=\"elementor-element elementor-element-0ea9baa elementor-widget elementor-widget-heading\" data-id=\"0ea9baa\" data-element_type=\"widget\" data-e-type=\"widget\" data-widget_type=\"heading.default\">\n\t\t\t\t\t<h2 class=\"elementor-heading-title elementor-size-default\">OBJECTIVES<\/h2>\t\t\t\t<\/div>\n\t\t\t\t<div class=\"elementor-element elementor-element-ca1b728 elementor-widget elementor-widget-text-editor\" data-id=\"ca1b728\" data-element_type=\"widget\" data-e-type=\"widget\" data-widget_type=\"text-editor.default\">\n\t\t\t\t\t\t\t\t\t<p>The Barenboim-Said Public Andalusian Foundation is an organization of the Andalusian public sector attached to the\u00a0Ministry of Culture and Sports of the Regional Government of Andalusia.<\/p><p>Since its establishment on July 27<sup>th<\/sup>, 2004, the Barenboim-Said Foundation is guided by a series of principles which represent the soul of the institution. The Foundation\u2019s objectives are as follows:<\/p><ul><li>To promote the spirit of peace, dialogue and reconciliation through music. The history of the peaceful coexistence of different cultures over the centuries in Andalusia is a central feature.<\/li><li>To promote formative activity in the field of music, always pursuing the objective of an integral humanistic education.<\/li><li>To elaborate, promote and implement formative and co\u2013operation projects in Andalusia, the Palestinian Territories and other Middle Eastern countries.<\/li><li>To promote music experimentation, training and research.<\/li><li>To promote the exchange of information related to human rights, fight against racism and xenophobia by guaranteeing respect to diversity and pluralism.<\/li><\/ul>\t\t\t\t\t\t\t\t<\/div>\n\t\t\t\t\t<\/div>\n\t\t<\/div>\n\t\t\t\t\t<\/div>\n\t\t<\/section>\n\t\t\t\t<section class=\"elementor-section elementor-top-section elementor-element elementor-element-bd69089 elementor-section-content-middle elementor-section-boxed elementor-section-height-default elementor-section-height-default\" data-id=\"bd69089\" data-element_type=\"section\" data-e-type=\"section\" data-settings=\"{&quot;jet_parallax_layout_list&quot;:[{&quot;jet_parallax_layout_image&quot;:{&quot;url&quot;:&quot;&quot;,&quot;id&quot;:&quot;&quot;,&quot;size&quot;:&quot;&quot;},&quot;_id&quot;:&quot;d8ca4a5&quot;,&quot;jet_parallax_layout_image_tablet&quot;:{&quot;url&quot;:&quot;&quot;,&quot;id&quot;:&quot;&quot;,&quot;size&quot;:&quot;&quot;},&quot;jet_parallax_layout_image_mobile&quot;:{&quot;url&quot;:&quot;&quot;,&quot;id&quot;:&quot;&quot;,&quot;size&quot;:&quot;&quot;},&quot;jet_parallax_layout_speed&quot;:{&quot;unit&quot;:&quot;%&quot;,&quot;size&quot;:50,&quot;sizes&quot;:[]},&quot;jet_parallax_layout_type&quot;:&quot;scroll&quot;,&quot;jet_parallax_layout_direction&quot;:&quot;1&quot;,&quot;jet_parallax_layout_fx_direction&quot;:null,&quot;jet_parallax_layout_z_index&quot;:&quot;&quot;,&quot;jet_parallax_layout_bg_x&quot;:50,&quot;jet_parallax_layout_bg_x_tablet&quot;:&quot;&quot;,&quot;jet_parallax_layout_bg_x_mobile&quot;:&quot;&quot;,&quot;jet_parallax_layout_bg_y&quot;:50,&quot;jet_parallax_layout_bg_y_tablet&quot;:&quot;&quot;,&quot;jet_parallax_layout_bg_y_mobile&quot;:&quot;&quot;,&quot;jet_parallax_layout_bg_size&quot;:&quot;auto&quot;,&quot;jet_parallax_layout_bg_size_tablet&quot;:&quot;&quot;,&quot;jet_parallax_layout_bg_size_mobile&quot;:&quot;&quot;,&quot;jet_parallax_layout_animation_prop&quot;:&quot;transform&quot;,&quot;jet_parallax_layout_on&quot;:[&quot;desktop&quot;,&quot;tablet&quot;]}]}\">\n\t\t\t\t\t\t<div class=\"elementor-container elementor-column-gap-default\">\n\t\t\t\t\t<div class=\"elementor-column elementor-col-50 elementor-top-column elementor-element elementor-element-73d63fe\" data-id=\"73d63fe\" data-element_type=\"column\" data-e-type=\"column\">\n\t\t\t<div class=\"elementor-widget-wrap elementor-element-populated\">\n\t\t\t\t\t\t<div class=\"elementor-element elementor-element-ede87e4 elementor-widget elementor-widget-heading\" data-id=\"ede87e4\" data-element_type=\"widget\" data-e-type=\"widget\" data-widget_type=\"heading.default\">\n\t\t\t\t\t<h2 class=\"elementor-heading-title elementor-size-default\">BOARD OF TRUSTEES\n<\/h2>\t\t\t\t<\/div>\n\t\t\t\t<div class=\"elementor-element elementor-element-15ab651 elementor-widget elementor-widget-text-editor\" data-id=\"15ab651\" data-element_type=\"widget\" data-e-type=\"widget\" data-widget_type=\"text-editor.default\">\n\t\t\t\t\t\t\t\t\t<p>The Board of Trustees is the Foundation\u2019s first government body, and it guarantees an efficient and organized management. The members of the Board of Trustees are designated by the Regional Government of Andalusia and by the project\u2019s founders.<\/p><p>The Board of Trustees is responsible for the Foundation\u2019s correct functioning. It is the Board\u2019s duty to comply with the Foundation\u2019s objectives and to manage diligently its resources and rights. As stated in the Foundation\u2019s Bylaws, the post of Trustee is unremunerated.<\/p>\t\t\t\t\t\t\t\t<\/div>\n\t\t\t\t\t<\/div>\n\t\t<\/div>\n\t\t\t\t<div class=\"elementor-column elementor-col-50 elementor-top-column elementor-element elementor-element-4852536\" data-id=\"4852536\" data-element_type=\"column\" data-e-type=\"column\">\n\t\t\t<div class=\"elementor-widget-wrap elementor-element-populated\">\n\t\t\t\t\t\t<div class=\"elementor-element elementor-element-d6c06b1 elementor-widget elementor-widget-image\" data-id=\"d6c06b1\" data-element_type=\"widget\" data-e-type=\"widget\" data-widget_type=\"image.default\">\n\t\t\t\t\t\t\t\t\t\t\t\t\t\t\t<img fetchpriority=\"high\" decoding=\"async\" width=\"700\" height=\"571\" src=\"https:\/\/barenboim-said.org\/wp-content\/uploads\/2021\/04\/Concierto-Sevilla-06-2019_475-crop.jpg\" class=\"attachment-medium_large size-medium_large wp-image-28595\" alt=\"\" srcset=\"https:\/\/barenboim-said.org\/wp-content\/uploads\/2021\/04\/Concierto-Sevilla-06-2019_475-crop.jpg 700w, https:\/\/barenboim-said.org\/wp-content\/uploads\/2021\/04\/Concierto-Sevilla-06-2019_475-crop-500x408.jpg 500w, https:\/\/barenboim-said.org\/wp-content\/uploads\/2021\/04\/Concierto-Sevilla-06-2019_475-crop-300x245.jpg 300w, https:\/\/barenboim-said.org\/wp-content\/uploads\/2021\/04\/Concierto-Sevilla-06-2019_475-crop-600x489.jpg 600w\" sizes=\"(max-width: 700px) 100vw, 700px\" \/>\t\t\t\t\t\t\t\t\t\t\t\t\t\t\t<\/div>\n\t\t\t\t\t<\/div>\n\t\t<\/div>\n\t\t\t\t\t<\/div>\n\t\t<\/section>\n\t\t\t\t<section class=\"elementor-section elementor-top-section elementor-element elementor-element-6acb2d1 elementor-section-boxed elementor-section-height-default elementor-section-height-default\" data-id=\"6acb2d1\" data-element_type=\"section\" data-e-type=\"section\" data-settings=\"{&quot;jet_parallax_layout_list&quot;:[{&quot;jet_parallax_layout_image&quot;:{&quot;url&quot;:&quot;&quot;,&quot;id&quot;:&quot;&quot;,&quot;size&quot;:&quot;&quot;},&quot;_id&quot;:&quot;d8ca4a5&quot;,&quot;jet_parallax_layout_image_tablet&quot;:{&quot;url&quot;:&quot;&quot;,&quot;id&quot;:&quot;&quot;,&quot;size&quot;:&quot;&quot;},&quot;jet_parallax_layout_image_mobile&quot;:{&quot;url&quot;:&quot;&quot;,&quot;id&quot;:&quot;&quot;,&quot;size&quot;:&quot;&quot;},&quot;jet_parallax_layout_speed&quot;:{&quot;unit&quot;:&quot;%&quot;,&quot;size&quot;:50,&quot;sizes&quot;:[]},&quot;jet_parallax_layout_type&quot;:&quot;scroll&quot;,&quot;jet_parallax_layout_direction&quot;:&quot;1&quot;,&quot;jet_parallax_layout_fx_direction&quot;:null,&quot;jet_parallax_layout_z_index&quot;:&quot;&quot;,&quot;jet_parallax_layout_bg_x&quot;:50,&quot;jet_parallax_layout_bg_x_tablet&quot;:&quot;&quot;,&quot;jet_parallax_layout_bg_x_mobile&quot;:&quot;&quot;,&quot;jet_parallax_layout_bg_y&quot;:50,&quot;jet_parallax_layout_bg_y_tablet&quot;:&quot;&quot;,&quot;jet_parallax_layout_bg_y_mobile&quot;:&quot;&quot;,&quot;jet_parallax_layout_bg_size&quot;:&quot;auto&quot;,&quot;jet_parallax_layout_bg_size_tablet&quot;:&quot;&quot;,&quot;jet_parallax_layout_bg_size_mobile&quot;:&quot;&quot;,&quot;jet_parallax_layout_animation_prop&quot;:&quot;transform&quot;,&quot;jet_parallax_layout_on&quot;:[&quot;desktop&quot;,&quot;tablet&quot;]}]}\">\n\t\t\t\t\t\t<div class=\"elementor-container elementor-column-gap-default\">\n\t\t\t\t\t<div class=\"elementor-column elementor-col-100 elementor-top-column elementor-element elementor-element-c4a64cd\" data-id=\"c4a64cd\" data-element_type=\"column\" data-e-type=\"column\">\n\t\t\t<div class=\"elementor-widget-wrap elementor-element-populated\">\n\t\t\t\t\t\t<div class=\"elementor-element elementor-element-288afc0 elementor-widget elementor-widget-text-editor\" data-id=\"288afc0\" data-element_type=\"widget\" data-e-type=\"widget\" data-widget_type=\"text-editor.default\">\n\t\t\t\t\t\t\t\t\t<p><strong>Honorary Presidents:<\/strong><\/p><ul><li>Mr.\u00a0<a href=\"https:\/\/juntadeandalucia.es\/organismos\/presidente\/biografia.html\" target=\"_blank\" rel=\"noopener noreferrer\">Juan Manuel Moreno Bonilla<\/a>.\u00a0President of the Junta de Andaluc\u00eda\u00a0(Regional Government of Andalusia).<\/li><li>Mrs.\u00a0<a href=\"https:\/\/en.wikipedia.org\/wiki\/Mariam_C._Said\" target=\"_blank\" rel=\"noopener\">Mariam C. Said<\/a>.<\/li><\/ul>\t\t\t\t\t\t\t\t<\/div>\n\t\t\t\t<div class=\"elementor-element elementor-element-47a19e3 elementor-widget elementor-widget-text-editor\" data-id=\"47a19e3\" data-element_type=\"widget\" data-e-type=\"widget\" data-widget_type=\"text-editor.default\">\n\t\t\t\t\t\t\t\t\t<p>The following members of the Junta de Andaluc\u00eda are trustees of the Barenboim-Said Foundation&#8217;s Board:\u00a0<\/p>\t\t\t\t\t\t\t\t<\/div>\n\t\t\t\t<div class=\"elementor-element elementor-element-7d69a0f elementor-widget elementor-widget-text-editor\" data-id=\"7d69a0f\" data-element_type=\"widget\" data-e-type=\"widget\" data-widget_type=\"text-editor.default\">\n\t\t\t\t\t\t\t\t\t<section style=\"transition-timing-function: ease-in-out; transition-duration: 0.2s; clear: both; padding: 0px !important; letter-spacing: 0.26px; font-size: 13px; font-family: Montserrat; color: #626262;\"><div style=\"transition-timing-function: ease-in-out; transition-duration: 0.2s; padding-right: 15px; padding-left: 15px; margin-right: auto; margin-left: auto; width: 1183px;\"><div style=\"transition-timing-function: ease-in-out; transition-duration: 0.2s; margin-left: -15px; margin-right: -15px;\"><section class=\" no-padding\"><div class=\"container\"><div class=\"row\"><div class=\"wpb_column hcode-column-container col-xs-mobile-fullwidth col-sm-12\"><div class=\"vc-column-innner-wrapper\"><p><strong>Board of Trustees:\u00a0<\/strong><\/p><\/div><\/div><\/div><\/div><\/section><section><div><div><div><ul><li>Mrs. <a href=\"https:\/\/www.juntadeandalucia.es\/presidencia\/portavoz\/educacion\/173935\/PatriciadelPozoFernandez\/ConsejeradeCulturayDeporte\" target=\"_blank\" rel=\"noopener\">Patricia del Pozo Fern\u00e1ndez<\/a>, Regional Minister of Culture and Sports for the Junta de Andaluc\u00eda.<\/li><li>Mr.\u00a0<a href=\"https:\/\/juntadeandalucia.es\/organismos\/presidenciainteriordialogosocialysimplificacionadministrativa\/consejeria\/viceconsejeria.html\" target=\"_blank\" rel=\"noopener\">Tom\u00e1s Burgos Gallego<\/a>,\u00a0Regional Vice-minister of the Presidency, Interior, Social Dialogue and Administrative Simplification\u00a0for the Junta de Andaluc\u00eda.<\/li><li>Mrs. <a href=\"https:\/\/juntadeandalucia.es\/organismos\/turismoculturaydeporte\/consejeria\/viceconsejeria.html%23\">Mar\u00eda Esperanza O\u00b4Neill<\/a>, Regional Vice-minister of Culture and Sports for the Junta de Andaluc\u00eda.<\/li><li>Mr.\u00a0<a href=\"https:\/\/juntadeandalucia.es\/organismos\/turismoyandaluciaexterior\/consejeria\/sgaeue.html\">Jos\u00e9 Enrique Millo Rocher<\/a>.\u00a0Secretary General of Foreign Action and, European Union.<\/li><li>Mr. <a role=\"link\" href=\"https:\/\/juntadeandalucia.es\/organismos\/turismoculturaydeporte\/consejeria\/sgpc.html\" target=\"_blank\" rel=\"noopener\">Jos\u00e9 \u00c1ngel V\u00e9lez Gonz\u00e1lez<\/a>. Secretary General for Culture.\u00a0<\/li><li>Mrs. <a href=\"https:\/\/juntadeandalucia.es\/organismos\/culturaydeporte\/consejeria\/sgt.html\">Mar\u00eda Jes\u00fas G\u00f3mez Rossi<\/a>, Technical Secretary General of the Regional Ministry of Culture and Sports\u00a0 for the Junta de Andaluc\u00eda.<\/li><\/ul><\/div><\/div><\/div><\/section><\/div><\/div><\/section><section style=\"transition-timing-function: ease-in-out; transition-duration: 0.2s; clear: both; color: #626262; font-family: Montserrat; font-size: 13px; letter-spacing: 0.26px; padding: 0px !important 0px 0px !important 0px;\"><div style=\"transition-timing-function: ease-in-out; transition-duration: 0.2s; padding-right: 15px; padding-left: 15px; margin-right: auto; margin-left: auto; width: 1183px;\">\u00a0<\/div><\/section>\t\t\t\t\t\t\t\t<\/div>\n\t\t\t\t<div class=\"elementor-element elementor-element-be072ff elementor-widget elementor-widget-text-editor\" data-id=\"be072ff\" data-element_type=\"widget\" data-e-type=\"widget\" data-widget_type=\"text-editor.default\">\n\t\t\t\t\t\t\t\t\t<p>The Board of Trustees is also integrated by the following members:\u00a0<\/p>\t\t\t\t\t\t\t\t<\/div>\n\t\t\t\t<div class=\"elementor-element elementor-element-d5193c4 elementor-widget elementor-widget-text-editor\" data-id=\"d5193c4\" data-element_type=\"widget\" data-e-type=\"widget\" data-widget_type=\"text-editor.default\">\n\t\t\t\t\t\t\t\t\t<section style=\"transition-timing-function: ease-in-out; transition-duration: 0.2s; clear: both; padding: 0px !important; letter-spacing: 0.26px; font-size: 13px; font-family: Montserrat; color: #626262;\"><div style=\"transition-timing-function: ease-in-out; transition-duration: 0.2s; padding-right: 15px; padding-left: 15px; margin-right: auto; margin-left: auto; width: 1183px;\"><div style=\"transition-timing-function: ease-in-out; transition-duration: 0.2s; margin-left: -15px; margin-right: -15px;\"><section class=\" no-padding\"><div class=\"container\"><div class=\"row\"><div class=\"wpb_column hcode-column-container col-xs-mobile-fullwidth col-sm-12\">\u00a0<\/div><\/div><\/div><\/section><section class=\" no-padding-tb\"><div class=\"container\"><div class=\"row\"><div class=\"wpb_column hcode-column-container col-md-6 col-xs-mobile-fullwidth col-sm-6 padding-three-bottom\"><div class=\"vc-column-innner-wrapper\"><ul><li>Mr.\u00a0<a href=\"http:\/\/danielbarenboim.com\/\">Daniel Barenboim Schuster<\/a>. Orchestra conductor and pianist.<\/li><li>Mrs. <a href=\"https:\/\/en.wikipedia.org\/wiki\/Mariam_C._Said\">Mariam C. Said<\/a>. Widow of Mr. Edward W. Said.<\/li><li>Mr.\u00a0<a href=\"https:\/\/es.wikipedia.org\/wiki\/Bernardino_Le%C3%B3n\">Bernardino Le\u00f3n Gross<\/a>.\u00a0General Director of the Emirates Diplomatic Academy.<\/li><li>Mr.\u00a0<a href=\"http:\/\/www.saleemashkar.com\/\">Saleem Ashkar<\/a>. Pianist.<\/li><li>Mrs.\u00a0<a href=\"https:\/\/en.wikipedia.org\/wiki\/Elena_Bashkirova\" target=\"_blank\" rel=\"noopener\">Elena Baschkirowa Barenboim<\/a>. Pianist.<\/li><li>Mr.\u00a0<a href=\"https:\/\/en.wikipedia.org\/wiki\/Mustafa_Barghouti\">Mustafa Barghouti<\/a>. Secretary General of the Palestinian National Initiative.<\/li><li>Mr. <strong>Tabar\u00e9 Perlas Fontana<\/strong>. CEO of the Daniel Barenboim Stiftung<\/li><\/ul><\/div><\/div><div class=\"wpb_column hcode-column-container col-xs-mobile-fullwidth col-sm-6\"><div class=\"vc-column-innner-wrapper\">\u00a0<\/div><\/div><\/div><\/div><\/section><\/div><\/div><\/section>\t\t\t\t\t\t\t\t<\/div>\n\t\t\t\t<div class=\"elementor-element elementor-element-a335aaf elementor-widget elementor-widget-text-editor\" data-id=\"a335aaf\" data-element_type=\"widget\" data-e-type=\"widget\" data-widget_type=\"text-editor.default\">\n\t\t\t\t\t\t\t\t\t<p style=\"transition-timing-function: ease-in-out; transition-duration: 0.2s; margin-right: 0px; margin-bottom: 22px; margin-left: 0px; color: #626262; font-family: Montserrat; font-size: 13px; letter-spacing: 0.26px;\"><span style=\"transition-timing-function: ease-in-out; transition-duration: 0.2s; font-weight: 600;\">Managing-Director: <\/span><\/p><ul><li style=\"transition-timing-function: ease-in-out; transition-duration: 0.2s; color: #626262; font-family: Montserrat; font-size: 13px; letter-spacing: 0.26px;\"><span style=\"font-weight: 600; letter-spacing: 0.26px;\">Mrs.<\/span>\u00a0<a href=\"https:\/\/juntadeandalucia.es\/organismos\/culturaypatrimoniohistorico\/consejeria\/adscritos\/fbs\/estructura\/titular.html\" target=\"_blank\" rel=\"noopener noreferrer\">Muriel P\u00e1ez Rasmussen.<\/a><\/li><\/ul><p>\u00a0<\/p><p style=\"transition-timing-function: ease-in-out; transition-duration: 0.2s; margin-right: 0px; margin-bottom: 22px; margin-left: 0px; color: #626262; font-family: Montserrat; font-size: 13px; letter-spacing: 0.26px;\"><span style=\"transition-timing-function: ease-in-out; transition-duration: 0.2s; font-weight: 600;\">Secretary of the Board of Trustees:<\/span><\/p><ul style=\"transition-timing-function: ease-in-out; transition-duration: 0.2s; margin-bottom: 10px; list-style-type: square; color: #626262; font-family: Montserrat; font-size: 13px; letter-spacing: 0.26px;\"><li style=\"transition-timing-function: ease-in-out; transition-duration: 0.2s;\">Mr.<strong> Juan Fern\u00e1ndez Pantoja.<\/strong><\/li><\/ul><div><div>\u00a0<\/div><\/div>\t\t\t\t\t\t\t\t<\/div>\n\t\t\t\t\t<\/div>\n\t\t<\/div>\n\t\t\t\t\t<\/div>\n\t\t<\/section>\n\t\t\t\t<\/div>\n\t\t","protected":false},"excerpt":{"rendered":"<p>OBJECTIVES The Barenboim-Said Public Andalusian Foundation is an organization of the Andalusian public sector attached to the\u00a0Ministry of Culture and Sports of the Regional Government of Andalusia. Since its establishment on July 27th, 2004, the Barenboim-Said Foundation is guided by a series of principles which represent the soul of the institution. The Foundation\u2019s objectives are [&hellip;]<\/p>\n","protected":false},"author":1,"featured_media":28597,"parent":28575,"menu_order":0,"comment_status":"closed","ping_status":"closed","template":"","meta":{"footnotes":""},"class_list":["post-28593","page","type-page","status-publish","has-post-thumbnail","hentry"],"_links":{"self":[{"href":"https:\/\/barenboim-said.org\/en\/wp-json\/wp\/v2\/pages\/28593","targetHints":{"allow":["GET"]}}],"collection":[{"href":"https:\/\/barenboim-said.org\/en\/wp-json\/wp\/v2\/pages"}],"about":[{"href":"https:\/\/barenboim-said.org\/en\/wp-json\/wp\/v2\/types\/page"}],"author":[{"embeddable":true,"href":"https:\/\/barenboim-said.org\/en\/wp-json\/wp\/v2\/users\/1"}],"replies":[{"embeddable":true,"href":"https:\/\/barenboim-said.org\/en\/wp-json\/wp\/v2\/comments?post=28593"}],"version-history":[{"count":0,"href":"https:\/\/barenboim-said.org\/en\/wp-json\/wp\/v2\/pages\/28593\/revisions"}],"up":[{"embeddable":true,"href":"https:\/\/barenboim-said.org\/en\/wp-json\/wp\/v2\/pages\/28575"}],"wp:featuredmedia":[{"embeddable":true,"href":"https:\/\/barenboim-said.org\/en\/wp-json\/wp\/v2\/media\/28597"}],"wp:attachment":[{"href":"https:\/\/barenboim-said.org\/en\/wp-json\/wp\/v2\/media?parent=28593"}],"curies":[{"name":"wp","href":"https:\/\/api.w.org\/{rel}","templated":true}]}}