{"id":26694,"date":"2021-04-28T15:50:23","date_gmt":"2021-04-28T13:50:23","guid":{"rendered":"https:\/\/barenboim-said.org\/educacion-musical-en-andalucia\/cursos-de-iniciacion-2"},"modified":"2026-03-27T15:03:03","modified_gmt":"2026-03-27T14:03:03","slug":"cim-inscripcion","status":"publish","type":"page","link":"https:\/\/barenboim-said.org\/en\/educacion-musical-en-andalucia\/cim-inscripcion\/","title":{"rendered":"Informaci\u00f3n e inscripci\u00f3n &#8211; Curso de Iniciaci\u00f3n a la M\u00fasica"},"content":{"rendered":"\t\t<div data-elementor-type=\"wp-page\" data-elementor-id=\"26694\" class=\"elementor elementor-26694\" data-elementor-post-type=\"page\">\n\t\t\t\t\t\t<section class=\"elementor-section elementor-top-section elementor-element elementor-element-984f5be elementor-section-full_width elementor-section-height-default elementor-section-height-default\" data-id=\"984f5be\" data-element_type=\"section\" data-e-type=\"section\" data-settings=\"{&quot;jet_parallax_layout_list&quot;:[{&quot;jet_parallax_layout_image&quot;:{&quot;url&quot;:&quot;&quot;,&quot;id&quot;:&quot;&quot;,&quot;size&quot;:&quot;&quot;},&quot;_id&quot;:&quot;59affc8&quot;,&quot;jet_parallax_layout_image_tablet&quot;:{&quot;url&quot;:&quot;&quot;,&quot;id&quot;:&quot;&quot;,&quot;size&quot;:&quot;&quot;},&quot;jet_parallax_layout_image_mobile&quot;:{&quot;url&quot;:&quot;&quot;,&quot;id&quot;:&quot;&quot;,&quot;size&quot;:&quot;&quot;},&quot;jet_parallax_layout_speed&quot;:{&quot;unit&quot;:&quot;%&quot;,&quot;size&quot;:50,&quot;sizes&quot;:[]},&quot;jet_parallax_layout_type&quot;:&quot;scroll&quot;,&quot;jet_parallax_layout_direction&quot;:&quot;1&quot;,&quot;jet_parallax_layout_fx_direction&quot;:null,&quot;jet_parallax_layout_z_index&quot;:&quot;&quot;,&quot;jet_parallax_layout_bg_x&quot;:50,&quot;jet_parallax_layout_bg_x_tablet&quot;:&quot;&quot;,&quot;jet_parallax_layout_bg_x_mobile&quot;:&quot;&quot;,&quot;jet_parallax_layout_bg_y&quot;:50,&quot;jet_parallax_layout_bg_y_tablet&quot;:&quot;&quot;,&quot;jet_parallax_layout_bg_y_mobile&quot;:&quot;&quot;,&quot;jet_parallax_layout_bg_size&quot;:&quot;auto&quot;,&quot;jet_parallax_layout_bg_size_tablet&quot;:&quot;&quot;,&quot;jet_parallax_layout_bg_size_mobile&quot;:&quot;&quot;,&quot;jet_parallax_layout_animation_prop&quot;:&quot;transform&quot;,&quot;jet_parallax_layout_on&quot;:[&quot;desktop&quot;,&quot;tablet&quot;]}]}\">\n\t\t\t\t\t\t<div class=\"elementor-container elementor-column-gap-no\">\n\t\t\t\t\t<div class=\"elementor-column elementor-col-100 elementor-top-column elementor-element elementor-element-ae096f6\" data-id=\"ae096f6\" data-element_type=\"column\" data-e-type=\"column\">\n\t\t\t<div class=\"elementor-widget-wrap elementor-element-populated\">\n\t\t\t\t\t\t<div class=\"elementor-element elementor-element-f285138 elementor-widget elementor-widget-template\" data-id=\"f285138\" data-element_type=\"widget\" data-e-type=\"widget\" data-widget_type=\"template.default\">\n\t\t\t\t<div class=\"elementor-widget-container\">\n\t\t\t\t\t\t\t<div class=\"elementor-template\">\n\t\t\t\t\t<div data-elementor-type=\"section\" data-elementor-id=\"24370\" class=\"elementor elementor-24370\" data-elementor-post-type=\"elementor_library\">\n\t\t\t\t\t<section class=\"elementor-section elementor-top-section elementor-element elementor-element-376c33ee elementor-section-height-min-height elementor-section-items-stretch elementor-section-boxed elementor-section-height-default\" data-id=\"376c33ee\" data-element_type=\"section\" data-e-type=\"section\" data-settings=\"{&quot;jet_parallax_layout_list&quot;:[{&quot;jet_parallax_layout_image&quot;:{&quot;url&quot;:&quot;&quot;,&quot;id&quot;:&quot;&quot;,&quot;size&quot;:&quot;&quot;},&quot;_id&quot;:&quot;49bad7b&quot;,&quot;jet_parallax_layout_image_tablet&quot;:{&quot;url&quot;:&quot;&quot;,&quot;id&quot;:&quot;&quot;,&quot;size&quot;:&quot;&quot;},&quot;jet_parallax_layout_image_mobile&quot;:{&quot;url&quot;:&quot;&quot;,&quot;id&quot;:&quot;&quot;,&quot;size&quot;:&quot;&quot;},&quot;jet_parallax_layout_speed&quot;:{&quot;unit&quot;:&quot;%&quot;,&quot;size&quot;:50,&quot;sizes&quot;:[]},&quot;jet_parallax_layout_type&quot;:&quot;scroll&quot;,&quot;jet_parallax_layout_direction&quot;:&quot;1&quot;,&quot;jet_parallax_layout_fx_direction&quot;:null,&quot;jet_parallax_layout_z_index&quot;:&quot;&quot;,&quot;jet_parallax_layout_bg_x&quot;:50,&quot;jet_parallax_layout_bg_x_tablet&quot;:&quot;&quot;,&quot;jet_parallax_layout_bg_x_mobile&quot;:&quot;&quot;,&quot;jet_parallax_layout_bg_y&quot;:50,&quot;jet_parallax_layout_bg_y_tablet&quot;:&quot;&quot;,&quot;jet_parallax_layout_bg_y_mobile&quot;:&quot;&quot;,&quot;jet_parallax_layout_bg_size&quot;:&quot;auto&quot;,&quot;jet_parallax_layout_bg_size_tablet&quot;:&quot;&quot;,&quot;jet_parallax_layout_bg_size_mobile&quot;:&quot;&quot;,&quot;jet_parallax_layout_animation_prop&quot;:&quot;transform&quot;,&quot;jet_parallax_layout_on&quot;:[&quot;desktop&quot;,&quot;tablet&quot;]}],&quot;background_background&quot;:&quot;classic&quot;}\">\n\t\t\t\t\t\t\t<div class=\"elementor-background-overlay\"><\/div>\n\t\t\t\t\t\t\t<div class=\"elementor-container elementor-column-gap-default\">\n\t\t\t\t\t<div class=\"elementor-column elementor-col-100 elementor-top-column elementor-element elementor-element-3f8c9368\" data-id=\"3f8c9368\" data-element_type=\"column\" data-e-type=\"column\">\n\t\t\t<div class=\"elementor-widget-wrap elementor-element-populated\">\n\t\t\t\t\t\t<div class=\"elementor-element elementor-element-6a25fdae elementor-widget elementor-widget-heading\" data-id=\"6a25fdae\" data-element_type=\"widget\" data-e-type=\"widget\" data-widget_type=\"heading.default\">\n\t\t\t\t\t<h1 class=\"elementor-heading-title elementor-size-default\">Informaci\u00f3n e inscripci\u00f3n &#8211; Curso de Iniciaci\u00f3n a la M\u00fasica<\/h1>\t\t\t\t<\/div>\n\t\t\t\t\t<\/div>\n\t\t<\/div>\n\t\t\t\t\t<\/div>\n\t\t<\/section>\n\t\t\t\t<\/div>\n\t\t\t\t<\/div>\n\t\t\t\t\t\t<\/div>\n\t\t\t\t<\/div>\n\t\t\t\t\t<\/div>\n\t\t<\/div>\n\t\t\t\t\t<\/div>\n\t\t<\/section>\n\t\t\t\t<section class=\"elementor-section elementor-top-section elementor-element elementor-element-500ba19 elementor-section-boxed elementor-section-height-default elementor-section-height-default\" data-id=\"500ba19\" data-element_type=\"section\" data-e-type=\"section\" data-settings=\"{&quot;jet_parallax_layout_list&quot;:[{&quot;jet_parallax_layout_image&quot;:{&quot;url&quot;:&quot;&quot;,&quot;id&quot;:&quot;&quot;,&quot;size&quot;:&quot;&quot;},&quot;_id&quot;:&quot;589bafb&quot;,&quot;jet_parallax_layout_image_tablet&quot;:{&quot;url&quot;:&quot;&quot;,&quot;id&quot;:&quot;&quot;,&quot;size&quot;:&quot;&quot;},&quot;jet_parallax_layout_image_mobile&quot;:{&quot;url&quot;:&quot;&quot;,&quot;id&quot;:&quot;&quot;,&quot;size&quot;:&quot;&quot;},&quot;jet_parallax_layout_speed&quot;:{&quot;unit&quot;:&quot;%&quot;,&quot;size&quot;:50,&quot;sizes&quot;:[]},&quot;jet_parallax_layout_type&quot;:&quot;scroll&quot;,&quot;jet_parallax_layout_direction&quot;:&quot;1&quot;,&quot;jet_parallax_layout_fx_direction&quot;:null,&quot;jet_parallax_layout_z_index&quot;:&quot;&quot;,&quot;jet_parallax_layout_bg_x&quot;:50,&quot;jet_parallax_layout_bg_x_tablet&quot;:&quot;&quot;,&quot;jet_parallax_layout_bg_x_mobile&quot;:&quot;&quot;,&quot;jet_parallax_layout_bg_y&quot;:50,&quot;jet_parallax_layout_bg_y_tablet&quot;:&quot;&quot;,&quot;jet_parallax_layout_bg_y_mobile&quot;:&quot;&quot;,&quot;jet_parallax_layout_bg_size&quot;:&quot;auto&quot;,&quot;jet_parallax_layout_bg_size_tablet&quot;:&quot;&quot;,&quot;jet_parallax_layout_bg_size_mobile&quot;:&quot;&quot;,&quot;jet_parallax_layout_animation_prop&quot;:&quot;transform&quot;,&quot;jet_parallax_layout_on&quot;:[&quot;desktop&quot;,&quot;tablet&quot;]}]}\">\n\t\t\t\t\t\t<div class=\"elementor-container elementor-column-gap-default\">\n\t\t\t\t\t<div class=\"elementor-column elementor-col-50 elementor-top-column elementor-element elementor-element-030cb1f\" data-id=\"030cb1f\" data-element_type=\"column\" data-e-type=\"column\">\n\t\t\t<div class=\"elementor-widget-wrap elementor-element-populated\">\n\t\t\t\t\t\t<div class=\"elementor-element elementor-element-0b821ab elementor-widget elementor-widget-heading\" data-id=\"0b821ab\" data-element_type=\"widget\" data-e-type=\"widget\" data-widget_type=\"heading.default\">\n\t\t\t\t\t<h2 class=\"elementor-heading-title elementor-size-default\">Curso de Iniciaci\u00f3n a la M\u00fasica<\/h2>\t\t\t\t<\/div>\n\t\t\t\t<div class=\"elementor-element elementor-element-6590d4e elementor-widget elementor-widget-heading\" data-id=\"6590d4e\" data-element_type=\"widget\" data-e-type=\"widget\" data-widget_type=\"heading.default\">\n\t\t\t\t\t<h2 class=\"elementor-heading-title elementor-size-default\">C\u00f3rdoba <br>del 30 de marzo al 1 de abril de 2026<\/h2>\t\t\t\t<\/div>\n\t\t\t\t<div class=\"elementor-element elementor-element-4178629 elementor-widget elementor-widget-text-editor\" data-id=\"4178629\" data-element_type=\"widget\" data-e-type=\"widget\" data-widget_type=\"text-editor.default\">\n\t\t\t\t\t\t\t\t\t<div class=\"wpb_column vc_column_container col-md-6 col-xs-mobile-fullwidth col-sm-6 padding-three-bottom\"><div class=\"vc-column-innner-wrapper\"><p><strong>Duraci\u00f3n del curso.<\/strong> El Curso de Iniciaci\u00f3n a la M\u00fasica de Granada tiene una duraci\u00f3n de tres d\u00edas (del lunes 30 de marzo al mi\u00e9rcoles 1 de abril), coincidiendo con los primeros d\u00edas de vacaciones de Semana Santa.\u00a0<\/p><p><strong>Participaci\u00f3n.<\/strong> En este curso pueden participar <strong>ni\u00f1os y ni\u00f1as matriculados en educaci\u00f3n primaria (nacidos entre 2014 y 2019)<\/strong>. No es necesario tener formaci\u00f3n musical previa.<\/p><p><strong>D\u00f3nde se imparte el curso. <\/strong><a href=\"https:\/\/maps.app.goo.gl\/APZNwSMsfo5GeSSN7\"><span style=\"text-decoration: underline;\"><span style=\"color: #00ccff; text-decoration: underline;\">Conservatorio Profesional de M\u00fasica &#8220;M\u00fasico Ziryab&#8221; Av. de los Piconeros, s\/n, 14001 C\u00f3rdoba.<\/span>\u00a0<\/span><\/a><\/p><p><strong>Materias.<\/strong> En este curso se impartir\u00e1n las asignaturas de percusi\u00f3n, viol\u00edn, piano y expresi\u00f3n musical.<\/p><p><strong>Organizaci\u00f3n de los grupos.<\/strong> Los ni\u00f1os\/as estar\u00e1n organizados en cuatro grupos divididos por edades. El primer d\u00eda los ni\u00f1os\/as recibir\u00e1n una tarjeta de identificaci\u00f3n con su nombre y el nombre del grupo asignado.<\/p><p><strong>N\u00famero de plazas.<\/strong> En caso de que no se alcance el n\u00famero m\u00ednimo de 32 alumnos\/as la Fundaci\u00f3n P\u00fablica Andaluza Barenboim-Said se reserva el derecho de anular el curso.<\/p><p><strong>Admisi\u00f3n.<\/strong> Debido al n\u00famero limitado de plazas, el alumnado ser\u00e1 admitido por estricto orden de recepci\u00f3n de las inscripciones sin tener en cuenta ning\u00fan otro criterio de admisi\u00f3n.<\/p><p><strong>Horario de las clases.<\/strong> El horario ser\u00e1 de 9:30 h a 14:00 h. Las clases empezar\u00e1n a las 9:30 h y cada 45 minutos los grupos cambiar\u00e1n de instrumentos. Puede ver el horario de las clases <a href=\"https:\/\/barenboim-said.org\/wp-content\/uploads\/2026\/02\/horario.pdf\"><span style=\"color: #00ccff;\"><u>aqu\u00ed<\/u><\/span><\/a>.\u00a0<\/p><p>Habr\u00e1 un recreo de media hora, durante el cual los ni\u00f1os\/as estar\u00e1n siempre vigilados por el profesorado de m\u00fasica y por el personal de la Fundaci\u00f3n.\u00a0<\/p><\/div><\/div>\t\t\t\t\t\t\t\t<\/div>\n\t\t\t\t<div class=\"elementor-element elementor-element-a924163 elementor-align-center elementor-widget elementor-widget-button\" data-id=\"a924163\" data-element_type=\"widget\" data-e-type=\"widget\" data-widget_type=\"button.default\">\n\t\t\t\t\t\t\t\t\t\t<a class=\"elementor-button elementor-size-sm\" role=\"button\">\n\t\t\t\t\t\t<span class=\"elementor-button-content-wrapper\">\n\t\t\t\t\t\t\t\t\t<span class=\"elementor-button-text\">plazo de inscripci\u00f3n finalizado<\/span>\n\t\t\t\t\t<\/span>\n\t\t\t\t\t<\/a>\n\t\t\t\t\t\t\t\t<\/div>\n\t\t\t\t\t<\/div>\n\t\t<\/div>\n\t\t\t\t<div class=\"elementor-column elementor-col-50 elementor-top-column elementor-element elementor-element-d13341d\" data-id=\"d13341d\" data-element_type=\"column\" data-e-type=\"column\">\n\t\t\t<div class=\"elementor-widget-wrap elementor-element-populated\">\n\t\t\t\t\t\t<div class=\"elementor-element elementor-element-e83491a elementor-widget elementor-widget-text-editor\" data-id=\"e83491a\" data-element_type=\"widget\" data-e-type=\"widget\" data-widget_type=\"text-editor.default\">\n\t\t\t\t\t\t\t\t\t<div class=\"wpb_column vc_column_container col-md-6 col-xs-mobile-fullwidth col-sm-6 padding-three-bottom\"><div class=\"vc-column-innner-wrapper\"><p><strong>Recogida.<\/strong> Las clases finalizan a las 14:00 h, y las familias podr\u00e1n recoger al alumnado hasta las 14:30 h. Antes del inicio del curso las familias recibir\u00e1n por correo electr\u00f3nico una tarjeta de recogida para cada ni\u00f1o\/a con la que se autoriza su recogida. La persona que recoja al ni\u00f1o\/a tendr\u00e1 que ense\u00f1ar dicha tarjeta al personal de la Fundaci\u00f3n en el momento de su recogida.<\/p><p><strong>Aula matinal.<\/strong> De 8:30 h a 9:30 h habr\u00e1 un aula matinal a disposici\u00f3n de las familias que lo necesiten. Para el aula matinal no hay costes adicionales, ni es necesario solicitarla con antelaci\u00f3n. Durante el aula matinal se realizar\u00e1n juegos musicales con los docentes.<\/p><p><strong>Importe del curso.<\/strong> 30 euros.<\/p><p><strong>Descuentos.<\/strong> Habr\u00e1 un descuento del 100% para familias con ambos progenitores\/tutores o familias monoparentales que acrediten situaci\u00f3n de desempleo. Ser\u00e1 necesario <strong><span style=\"text-decoration: underline;\">solicitar este descuento antes de hacer la inscripci\u00f3n<\/span><\/strong> enviando un correo electr\u00f3nico a <a href=\"mailto:info.emi@juntadeandalucia.es\">info.emi@juntadeandalucia.es<\/a> incluyendo el documento de demanda de empleo emitido por el Servicio Andaluz de Empleo de ambos progenitores o tutores (o de uno en caso de familia monoparental) para acreditar la situaci\u00f3n de desempleo. Una vez cotejada la documentaci\u00f3n se le indicar\u00e1 c\u00f3mo hacer la inscripci\u00f3n.\u00a0<\/p><p>Tambi\u00e9n hay un descuento del 15% para cada hermano\/a que se aplica directamente al hacer la inscripci\u00f3n.\u00a0\u00a0<\/p><p><strong>Inscripci\u00f3n.<\/strong> A trav\u00e9s del formulario que se habilitar\u00e1 en esta p\u00e1gina el <span style=\"text-decoration: underline;\"><strong>jueves 5 de <\/strong><strong>marzo a las <\/strong><\/span><span style=\"text-decoration: underline;\"><strong>11 horas<\/strong><\/span>.<\/p><p><strong>Lista de reserva.<\/strong> Una vez agotadas las plazas para el curso, las personas interesadas podr\u00e1n inscribirse en la lista de reserva. Para ello es importante que proporcione los datos solicitados <strong>(nombre, apellidos, tel\u00e9fono m\u00f3vil y correo electr\u00f3nico)<\/strong>. Si se produjera una vacante, contactar\u00edamos con los ni\u00f1os y ni\u00f1as de la lista de reserva por estricto orden de llegada de las inscripciones.<\/p><\/div><\/div>\t\t\t\t\t\t\t\t<\/div>\n\t\t\t\t\t<\/div>\n\t\t<\/div>\n\t\t\t\t\t<\/div>\n\t\t<\/section>\n\t\t<div class=\"elementor-element elementor-element-65bbf45 e-flex e-con-boxed e-con e-parent\" data-id=\"65bbf45\" data-element_type=\"container\" data-e-type=\"container\" data-settings=\"{&quot;jet_parallax_layout_list&quot;:[]}\">\n\t\t\t\t\t<div class=\"e-con-inner\">\n\t\t\t\t<div class=\"elementor-element elementor-element-2d31916 elementor-widget elementor-widget-image\" data-id=\"2d31916\" data-element_type=\"widget\" data-e-type=\"widget\" data-widget_type=\"image.default\">\n\t\t\t\t\t\t\t\t\t\t\t\t\t\t\t<img fetchpriority=\"high\" decoding=\"async\" width=\"800\" height=\"400\" src=\"https:\/\/barenboim-said.org\/wp-content\/uploads\/2026\/02\/CIM-Cordoba2-2-1024x512.png\" class=\"attachment-large size-large wp-image-44476\" alt=\"\" srcset=\"https:\/\/barenboim-said.org\/wp-content\/uploads\/2026\/02\/CIM-Cordoba2-2-1024x512.png 1024w, https:\/\/barenboim-said.org\/wp-content\/uploads\/2026\/02\/CIM-Cordoba2-2-300x150.png 300w, https:\/\/barenboim-said.org\/wp-content\/uploads\/2026\/02\/CIM-Cordoba2-2-768x384.png 768w, https:\/\/barenboim-said.org\/wp-content\/uploads\/2026\/02\/CIM-Cordoba2-2-500x250.png 500w, https:\/\/barenboim-said.org\/wp-content\/uploads\/2026\/02\/CIM-Cordoba2-2.png 1200w\" sizes=\"(max-width: 800px) 100vw, 800px\" \/>\t\t\t\t\t\t\t\t\t\t\t\t\t\t\t<\/div>\n\t\t\t\t\t<\/div>\n\t\t\t\t<\/div>\n\t\t\t\t<\/div>\n\t\t","protected":false},"excerpt":{"rendered":"<p>Curso de Iniciaci\u00f3n a la M\u00fasica C\u00f3rdoba del 30 de marzo al 1 de abril de 2026 Duraci\u00f3n del curso. El Curso de Iniciaci\u00f3n a la M\u00fasica de Granada tiene una duraci\u00f3n de tres d\u00edas (del lunes 30 de marzo al mi\u00e9rcoles 1 de abril), coincidiendo con los primeros d\u00edas de vacaciones de Semana Santa.\u00a0 [&hellip;]<\/p>\n","protected":false},"author":5,"featured_media":25125,"parent":24704,"menu_order":0,"comment_status":"closed","ping_status":"closed","template":"","meta":{"footnotes":""},"class_list":["post-26694","page","type-page","status-publish","has-post-thumbnail","hentry"],"_links":{"self":[{"href":"https:\/\/barenboim-said.org\/en\/wp-json\/wp\/v2\/pages\/26694","targetHints":{"allow":["GET"]}}],"collection":[{"href":"https:\/\/barenboim-said.org\/en\/wp-json\/wp\/v2\/pages"}],"about":[{"href":"https:\/\/barenboim-said.org\/en\/wp-json\/wp\/v2\/types\/page"}],"author":[{"embeddable":true,"href":"https:\/\/barenboim-said.org\/en\/wp-json\/wp\/v2\/users\/5"}],"replies":[{"embeddable":true,"href":"https:\/\/barenboim-said.org\/en\/wp-json\/wp\/v2\/comments?post=26694"}],"version-history":[{"count":44,"href":"https:\/\/barenboim-said.org\/en\/wp-json\/wp\/v2\/pages\/26694\/revisions"}],"predecessor-version":[{"id":44851,"href":"https:\/\/barenboim-said.org\/en\/wp-json\/wp\/v2\/pages\/26694\/revisions\/44851"}],"up":[{"embeddable":true,"href":"https:\/\/barenboim-said.org\/en\/wp-json\/wp\/v2\/pages\/24704"}],"wp:featuredmedia":[{"embeddable":true,"href":"https:\/\/barenboim-said.org\/en\/wp-json\/wp\/v2\/media\/25125"}],"wp:attachment":[{"href":"https:\/\/barenboim-said.org\/en\/wp-json\/wp\/v2\/media?parent=26694"}],"curies":[{"name":"wp","href":"https:\/\/api.w.org\/{rel}","templated":true}]}}