{"id":25085,"date":"2021-04-29T09:46:41","date_gmt":"2021-04-29T07:46:41","guid":{"rendered":"https:\/\/barenboim-said.org\/?page_id=25085"},"modified":"2024-09-16T10:11:24","modified_gmt":"2024-09-16T08:11:24","slug":"las-clases-de-musica","status":"publish","type":"page","link":"https:\/\/barenboim-said.org\/en\/las-clases-de-musica\/","title":{"rendered":"Las clases de m\u00fasica"},"content":{"rendered":"\t\t<div data-elementor-type=\"wp-page\" data-elementor-id=\"25085\" class=\"elementor elementor-25085\" data-elementor-post-type=\"page\">\n\t\t\t\t\t\t<section class=\"elementor-section elementor-top-section elementor-element elementor-element-71bb0cf elementor-section-full_width elementor-section-height-default elementor-section-height-default\" data-id=\"71bb0cf\" data-element_type=\"section\" data-e-type=\"section\" data-settings=\"{&quot;jet_parallax_layout_list&quot;:[{&quot;jet_parallax_layout_image&quot;:{&quot;url&quot;:&quot;&quot;,&quot;id&quot;:&quot;&quot;,&quot;size&quot;:&quot;&quot;},&quot;_id&quot;:&quot;59affc8&quot;,&quot;jet_parallax_layout_image_tablet&quot;:{&quot;url&quot;:&quot;&quot;,&quot;id&quot;:&quot;&quot;,&quot;size&quot;:&quot;&quot;},&quot;jet_parallax_layout_image_mobile&quot;:{&quot;url&quot;:&quot;&quot;,&quot;id&quot;:&quot;&quot;,&quot;size&quot;:&quot;&quot;},&quot;jet_parallax_layout_speed&quot;:{&quot;unit&quot;:&quot;%&quot;,&quot;size&quot;:50,&quot;sizes&quot;:[]},&quot;jet_parallax_layout_type&quot;:&quot;scroll&quot;,&quot;jet_parallax_layout_direction&quot;:&quot;1&quot;,&quot;jet_parallax_layout_fx_direction&quot;:null,&quot;jet_parallax_layout_z_index&quot;:&quot;&quot;,&quot;jet_parallax_layout_bg_x&quot;:50,&quot;jet_parallax_layout_bg_x_tablet&quot;:&quot;&quot;,&quot;jet_parallax_layout_bg_x_mobile&quot;:&quot;&quot;,&quot;jet_parallax_layout_bg_y&quot;:50,&quot;jet_parallax_layout_bg_y_tablet&quot;:&quot;&quot;,&quot;jet_parallax_layout_bg_y_mobile&quot;:&quot;&quot;,&quot;jet_parallax_layout_bg_size&quot;:&quot;auto&quot;,&quot;jet_parallax_layout_bg_size_tablet&quot;:&quot;&quot;,&quot;jet_parallax_layout_bg_size_mobile&quot;:&quot;&quot;,&quot;jet_parallax_layout_animation_prop&quot;:&quot;transform&quot;,&quot;jet_parallax_layout_on&quot;:[&quot;desktop&quot;,&quot;tablet&quot;]}]}\">\n\t\t\t\t\t\t<div class=\"elementor-container elementor-column-gap-no\">\n\t\t\t\t\t<div class=\"elementor-column elementor-col-100 elementor-top-column elementor-element elementor-element-6f0dfdb\" data-id=\"6f0dfdb\" data-element_type=\"column\" data-e-type=\"column\">\n\t\t\t<div class=\"elementor-widget-wrap elementor-element-populated\">\n\t\t\t\t\t\t<div class=\"elementor-element elementor-element-bb7af54 elementor-widget elementor-widget-template\" data-id=\"bb7af54\" data-element_type=\"widget\" data-e-type=\"widget\" data-widget_type=\"template.default\">\n\t\t\t\t<div class=\"elementor-widget-container\">\n\t\t\t\t\t\t\t<div class=\"elementor-template\">\n\t\t\t\t\t<div data-elementor-type=\"section\" data-elementor-id=\"24370\" class=\"elementor elementor-24370\" data-elementor-post-type=\"elementor_library\">\n\t\t\t\t\t<section class=\"elementor-section elementor-top-section elementor-element elementor-element-376c33ee elementor-section-height-min-height elementor-section-items-stretch elementor-section-boxed elementor-section-height-default\" data-id=\"376c33ee\" data-element_type=\"section\" data-e-type=\"section\" data-settings=\"{&quot;jet_parallax_layout_list&quot;:[{&quot;jet_parallax_layout_image&quot;:{&quot;url&quot;:&quot;&quot;,&quot;id&quot;:&quot;&quot;,&quot;size&quot;:&quot;&quot;},&quot;_id&quot;:&quot;49bad7b&quot;,&quot;jet_parallax_layout_image_tablet&quot;:{&quot;url&quot;:&quot;&quot;,&quot;id&quot;:&quot;&quot;,&quot;size&quot;:&quot;&quot;},&quot;jet_parallax_layout_image_mobile&quot;:{&quot;url&quot;:&quot;&quot;,&quot;id&quot;:&quot;&quot;,&quot;size&quot;:&quot;&quot;},&quot;jet_parallax_layout_speed&quot;:{&quot;unit&quot;:&quot;%&quot;,&quot;size&quot;:50,&quot;sizes&quot;:[]},&quot;jet_parallax_layout_type&quot;:&quot;scroll&quot;,&quot;jet_parallax_layout_direction&quot;:&quot;1&quot;,&quot;jet_parallax_layout_fx_direction&quot;:null,&quot;jet_parallax_layout_z_index&quot;:&quot;&quot;,&quot;jet_parallax_layout_bg_x&quot;:50,&quot;jet_parallax_layout_bg_x_tablet&quot;:&quot;&quot;,&quot;jet_parallax_layout_bg_x_mobile&quot;:&quot;&quot;,&quot;jet_parallax_layout_bg_y&quot;:50,&quot;jet_parallax_layout_bg_y_tablet&quot;:&quot;&quot;,&quot;jet_parallax_layout_bg_y_mobile&quot;:&quot;&quot;,&quot;jet_parallax_layout_bg_size&quot;:&quot;auto&quot;,&quot;jet_parallax_layout_bg_size_tablet&quot;:&quot;&quot;,&quot;jet_parallax_layout_bg_size_mobile&quot;:&quot;&quot;,&quot;jet_parallax_layout_animation_prop&quot;:&quot;transform&quot;,&quot;jet_parallax_layout_on&quot;:[&quot;desktop&quot;,&quot;tablet&quot;]}],&quot;background_background&quot;:&quot;classic&quot;}\">\n\t\t\t\t\t\t\t<div class=\"elementor-background-overlay\"><\/div>\n\t\t\t\t\t\t\t<div class=\"elementor-container elementor-column-gap-default\">\n\t\t\t\t\t<div class=\"elementor-column elementor-col-100 elementor-top-column elementor-element elementor-element-3f8c9368\" data-id=\"3f8c9368\" data-element_type=\"column\" data-e-type=\"column\">\n\t\t\t<div class=\"elementor-widget-wrap elementor-element-populated\">\n\t\t\t\t\t\t<div class=\"elementor-element elementor-element-6a25fdae elementor-widget elementor-widget-heading\" data-id=\"6a25fdae\" data-element_type=\"widget\" data-e-type=\"widget\" data-widget_type=\"heading.default\">\n\t\t\t\t\t<h1 class=\"elementor-heading-title elementor-size-default\">Las clases de m\u00fasica<\/h1>\t\t\t\t<\/div>\n\t\t\t\t\t<\/div>\n\t\t<\/div>\n\t\t\t\t\t<\/div>\n\t\t<\/section>\n\t\t\t\t<\/div>\n\t\t\t\t<\/div>\n\t\t\t\t\t\t<\/div>\n\t\t\t\t<\/div>\n\t\t\t\t\t<\/div>\n\t\t<\/div>\n\t\t\t\t\t<\/div>\n\t\t<\/section>\n\t\t\t\t<section class=\"elementor-section elementor-top-section elementor-element elementor-element-9122f7f elementor-section-boxed elementor-section-height-default elementor-section-height-default\" data-id=\"9122f7f\" data-element_type=\"section\" data-e-type=\"section\" data-settings=\"{&quot;jet_parallax_layout_list&quot;:[{&quot;jet_parallax_layout_image&quot;:{&quot;url&quot;:&quot;&quot;,&quot;id&quot;:&quot;&quot;,&quot;size&quot;:&quot;&quot;},&quot;_id&quot;:&quot;589bafb&quot;,&quot;jet_parallax_layout_image_tablet&quot;:{&quot;url&quot;:&quot;&quot;,&quot;id&quot;:&quot;&quot;,&quot;size&quot;:&quot;&quot;},&quot;jet_parallax_layout_image_mobile&quot;:{&quot;url&quot;:&quot;&quot;,&quot;id&quot;:&quot;&quot;,&quot;size&quot;:&quot;&quot;},&quot;jet_parallax_layout_speed&quot;:{&quot;unit&quot;:&quot;%&quot;,&quot;size&quot;:50,&quot;sizes&quot;:[]},&quot;jet_parallax_layout_type&quot;:&quot;scroll&quot;,&quot;jet_parallax_layout_direction&quot;:&quot;1&quot;,&quot;jet_parallax_layout_fx_direction&quot;:null,&quot;jet_parallax_layout_z_index&quot;:&quot;&quot;,&quot;jet_parallax_layout_bg_x&quot;:50,&quot;jet_parallax_layout_bg_x_tablet&quot;:&quot;&quot;,&quot;jet_parallax_layout_bg_x_mobile&quot;:&quot;&quot;,&quot;jet_parallax_layout_bg_y&quot;:50,&quot;jet_parallax_layout_bg_y_tablet&quot;:&quot;&quot;,&quot;jet_parallax_layout_bg_y_mobile&quot;:&quot;&quot;,&quot;jet_parallax_layout_bg_size&quot;:&quot;auto&quot;,&quot;jet_parallax_layout_bg_size_tablet&quot;:&quot;&quot;,&quot;jet_parallax_layout_bg_size_mobile&quot;:&quot;&quot;,&quot;jet_parallax_layout_animation_prop&quot;:&quot;transform&quot;,&quot;jet_parallax_layout_on&quot;:[&quot;desktop&quot;,&quot;tablet&quot;]}]}\">\n\t\t\t\t\t\t<div class=\"elementor-container elementor-column-gap-default\">\n\t\t\t\t\t<div class=\"elementor-column elementor-col-100 elementor-top-column elementor-element elementor-element-d91f793\" data-id=\"d91f793\" data-element_type=\"column\" data-e-type=\"column\">\n\t\t\t<div class=\"elementor-widget-wrap elementor-element-populated\">\n\t\t\t\t\t\t<div class=\"elementor-element elementor-element-848da79 elementor-widget elementor-widget-heading\" data-id=\"848da79\" data-element_type=\"widget\" data-e-type=\"widget\" data-widget_type=\"heading.default\">\n\t\t\t\t\t<h2 class=\"elementor-heading-title elementor-size-default\">LAS CLASES DE M\u00faSICA<\/h2>\t\t\t\t<\/div>\n\t\t\t\t<div class=\"elementor-element elementor-element-aabaafe elementor-widget elementor-widget-text-editor\" data-id=\"aabaafe\" data-element_type=\"widget\" data-e-type=\"widget\" data-widget_type=\"text-editor.default\">\n\t\t\t\t\t\t\t\t\t<div class=\"wpb_column vc_column_container col-md-6 col-xs-mobile-fullwidth col-sm-6 padding-three-bottom\"><div class=\"vc-column-innner-wrapper\"><p>Las clases, con una duraci\u00f3n de media hora al d\u00eda de lunes a jueves durante el horario lectivo, son impartidas por especialistas en m\u00fasica con amplia experiencia y cuentan con la participaci\u00f3n del profesorado de Educaci\u00f3n Infantil de los centros participantes. A trav\u00e9s de un curr\u00edculo espec\u00edfico armonizado con la programaci\u00f3n de aula, se acerca a los ni\u00f1os y ni\u00f1as mediante juegos a la r\u00edtmica, los sonidos, la melod\u00eda y la educaci\u00f3n vocal, utilizando instrumentos musicales y el propio cuerpo. Las actividades musicales se desarrollan a trav\u00e9s de juegos y est\u00e1n dise\u00f1adas para educar y estimular a los ni\u00f1os como oyentes, int\u00e9rpretes y creadores.<\/p><p>La estructura curricular del proyecto se compone de cuatro \u00e1reas:<\/p><ul><li>Formaci\u00f3n vocal<\/li><li>Formaci\u00f3n r\u00edtmica<\/li><li>Formaci\u00f3n auditiva<\/li><li>Formaci\u00f3n instrumental (peque\u00f1os instrumentos de percusi\u00f3n)<\/li><\/ul><div class=\"hcode-space padding-one\">\u00a0<\/div><p>Al final del a\u00f1o escolar se organizan peque\u00f1as actuaciones musicales en las que los ni\u00f1os y ni\u00f1as ofrecen una muestra de lo aprendido durante el curso.<\/p><\/div><p>Las clases de\u00a0<strong>Educaci\u00f3n Musical Infantil<\/strong>\u00a0se imparten en los siguientes colegios p\u00fablicos andaluces:<\/p><\/div>\t\t\t\t\t\t\t\t<\/div>\n\t\t\t\t<div class=\"elementor-element elementor-element-e09e052 elementor-widget elementor-widget-text-editor\" data-id=\"e09e052\" data-element_type=\"widget\" data-e-type=\"widget\" data-widget_type=\"text-editor.default\">\n\t\t\t\t\t\t\t\t\t<div>\n<div>\n<div>\n<div>\n<p><strong>C\u00f3rdoba<\/strong><\/p>\n<p>CEIP Antonio Gala<\/p>\n<p>CEIP Gloria Fuertes<\/p>\n<p>CEIP Obispo Osio<\/p>\n<p><strong>Granada<\/strong><\/p>\n<p>CEIP Luis Rosales<\/p><p><strong>M\u00e1laga<\/strong><\/p>\n<p>CEIP Lex Flavia Malacitana<\/p>\n<p>CEIP Parque Clavero<\/p>\n<p>CEIP Tierno Galv\u00e1n<\/p>\n<p>CEIP Vicente Aleixandre<\/p>\n<\/div>\n<\/div>\n<div>\n<div>\n<p><strong>Sevilla<\/strong><\/p>\n<p>CEIP Altos Colegios Macarena<\/p>\n<p>CEIP Andaluc\u00eda<\/p>\n<p>CEIP Borbolla<\/p>\n<p>CEIP Calvo Sotelo<\/p>\n<p>CEIP Carmen Ben\u00edtez<\/p>\n<p>CEIP Huerta de Santa Marina<\/p>\n<p>CEIP Ignacio S\u00e1nchez Mej\u00edas<\/p>\n<p>CEIP Jos\u00e9 Mar\u00eda del Campo<\/p>\n<p>CEIP Juan Sebasti\u00e1n Elcano<\/p>\n<p>CEIP Paz y Amistad<\/p>\n<p>CEIP San Isidoro<\/p>\n<p>CEIP San Jos\u00e9 Obrero<\/p>\n<p>CEIP Sor \u00c1ngela de la Cruz<\/p>\n<\/div>\n<\/div>\n<\/div>\n<\/div>\t\t\t\t\t\t\t\t<\/div>\n\t\t\t\t\t<\/div>\n\t\t<\/div>\n\t\t\t\t\t<\/div>\n\t\t<\/section>\n\t\t\t\t<\/div>\n\t\t","protected":false},"excerpt":{"rendered":"<p>LAS CLASES DE M\u00faSICA Las clases, con una duraci\u00f3n de media hora al d\u00eda de lunes a jueves durante el horario lectivo, son impartidas por especialistas en m\u00fasica con amplia experiencia y cuentan con la participaci\u00f3n del profesorado de Educaci\u00f3n Infantil de los centros participantes. A trav\u00e9s de un curr\u00edculo espec\u00edfico armonizado con la programaci\u00f3n [&hellip;]<\/p>\n","protected":false},"author":1,"featured_media":25087,"parent":0,"menu_order":0,"comment_status":"closed","ping_status":"closed","template":"","meta":{"footnotes":""},"class_list":["post-25085","page","type-page","status-publish","has-post-thumbnail","hentry"],"_links":{"self":[{"href":"https:\/\/barenboim-said.org\/en\/wp-json\/wp\/v2\/pages\/25085","targetHints":{"allow":["GET"]}}],"collection":[{"href":"https:\/\/barenboim-said.org\/en\/wp-json\/wp\/v2\/pages"}],"about":[{"href":"https:\/\/barenboim-said.org\/en\/wp-json\/wp\/v2\/types\/page"}],"author":[{"embeddable":true,"href":"https:\/\/barenboim-said.org\/en\/wp-json\/wp\/v2\/users\/1"}],"replies":[{"embeddable":true,"href":"https:\/\/barenboim-said.org\/en\/wp-json\/wp\/v2\/comments?post=25085"}],"version-history":[{"count":0,"href":"https:\/\/barenboim-said.org\/en\/wp-json\/wp\/v2\/pages\/25085\/revisions"}],"wp:featuredmedia":[{"embeddable":true,"href":"https:\/\/barenboim-said.org\/en\/wp-json\/wp\/v2\/media\/25087"}],"wp:attachment":[{"href":"https:\/\/barenboim-said.org\/en\/wp-json\/wp\/v2\/media?parent=25085"}],"curies":[{"name":"wp","href":"https:\/\/api.w.org\/{rel}","templated":true}]}}