{"id":24724,"date":"2021-04-28T15:54:30","date_gmt":"2021-04-28T13:54:30","guid":{"rendered":"https:\/\/barenboim-said.org\/?page_id=24724"},"modified":"2025-12-21T16:45:24","modified_gmt":"2025-12-21T15:45:24","slug":"orquesta-fbs","status":"publish","type":"page","link":"https:\/\/barenboim-said.org\/en\/orquesta-fbs\/","title":{"rendered":"Orquesta Fundaci\u00f3n Barenboim-Said"},"content":{"rendered":"\t\t<div data-elementor-type=\"wp-page\" data-elementor-id=\"24724\" class=\"elementor elementor-24724\" data-elementor-post-type=\"page\">\n\t\t\t\t\t\t<section class=\"elementor-section elementor-top-section elementor-element elementor-element-9ee2dc7 elementor-section-full_width elementor-section-height-default elementor-section-height-default\" data-id=\"9ee2dc7\" data-element_type=\"section\" data-e-type=\"section\" data-settings=\"{&quot;jet_parallax_layout_list&quot;:[{&quot;jet_parallax_layout_image&quot;:{&quot;url&quot;:&quot;&quot;,&quot;id&quot;:&quot;&quot;,&quot;size&quot;:&quot;&quot;},&quot;_id&quot;:&quot;c5de7e4&quot;,&quot;jet_parallax_layout_image_tablet&quot;:{&quot;url&quot;:&quot;&quot;,&quot;id&quot;:&quot;&quot;,&quot;size&quot;:&quot;&quot;},&quot;jet_parallax_layout_image_mobile&quot;:{&quot;url&quot;:&quot;&quot;,&quot;id&quot;:&quot;&quot;,&quot;size&quot;:&quot;&quot;},&quot;jet_parallax_layout_speed&quot;:{&quot;unit&quot;:&quot;%&quot;,&quot;size&quot;:50,&quot;sizes&quot;:[]},&quot;jet_parallax_layout_type&quot;:&quot;scroll&quot;,&quot;jet_parallax_layout_direction&quot;:&quot;1&quot;,&quot;jet_parallax_layout_fx_direction&quot;:null,&quot;jet_parallax_layout_z_index&quot;:&quot;&quot;,&quot;jet_parallax_layout_bg_x&quot;:50,&quot;jet_parallax_layout_bg_x_tablet&quot;:&quot;&quot;,&quot;jet_parallax_layout_bg_x_mobile&quot;:&quot;&quot;,&quot;jet_parallax_layout_bg_y&quot;:50,&quot;jet_parallax_layout_bg_y_tablet&quot;:&quot;&quot;,&quot;jet_parallax_layout_bg_y_mobile&quot;:&quot;&quot;,&quot;jet_parallax_layout_bg_size&quot;:&quot;auto&quot;,&quot;jet_parallax_layout_bg_size_tablet&quot;:&quot;&quot;,&quot;jet_parallax_layout_bg_size_mobile&quot;:&quot;&quot;,&quot;jet_parallax_layout_animation_prop&quot;:&quot;transform&quot;,&quot;jet_parallax_layout_on&quot;:[&quot;desktop&quot;,&quot;tablet&quot;]}]}\">\n\t\t\t\t\t\t<div class=\"elementor-container elementor-column-gap-no\">\n\t\t\t\t\t<div class=\"elementor-column elementor-col-100 elementor-top-column elementor-element elementor-element-13572a9\" data-id=\"13572a9\" data-element_type=\"column\" data-e-type=\"column\">\n\t\t\t<div class=\"elementor-widget-wrap elementor-element-populated\">\n\t\t\t\t\t\t<div class=\"elementor-element elementor-element-ef3ed07 elementor-widget elementor-widget-template\" data-id=\"ef3ed07\" data-element_type=\"widget\" data-e-type=\"widget\" data-widget_type=\"template.default\">\n\t\t\t\t<div class=\"elementor-widget-container\">\n\t\t\t\t\t\t\t<div class=\"elementor-template\">\n\t\t\t\t\t<div data-elementor-type=\"section\" data-elementor-id=\"24370\" class=\"elementor elementor-24370\" data-elementor-post-type=\"elementor_library\">\n\t\t\t\t\t<section class=\"elementor-section elementor-top-section elementor-element elementor-element-376c33ee elementor-section-height-min-height elementor-section-items-stretch elementor-section-boxed elementor-section-height-default\" data-id=\"376c33ee\" data-element_type=\"section\" data-e-type=\"section\" data-settings=\"{&quot;jet_parallax_layout_list&quot;:[{&quot;jet_parallax_layout_image&quot;:{&quot;url&quot;:&quot;&quot;,&quot;id&quot;:&quot;&quot;,&quot;size&quot;:&quot;&quot;},&quot;_id&quot;:&quot;49bad7b&quot;,&quot;jet_parallax_layout_image_tablet&quot;:{&quot;url&quot;:&quot;&quot;,&quot;id&quot;:&quot;&quot;,&quot;size&quot;:&quot;&quot;},&quot;jet_parallax_layout_image_mobile&quot;:{&quot;url&quot;:&quot;&quot;,&quot;id&quot;:&quot;&quot;,&quot;size&quot;:&quot;&quot;},&quot;jet_parallax_layout_speed&quot;:{&quot;unit&quot;:&quot;%&quot;,&quot;size&quot;:50,&quot;sizes&quot;:[]},&quot;jet_parallax_layout_type&quot;:&quot;scroll&quot;,&quot;jet_parallax_layout_direction&quot;:&quot;1&quot;,&quot;jet_parallax_layout_fx_direction&quot;:null,&quot;jet_parallax_layout_z_index&quot;:&quot;&quot;,&quot;jet_parallax_layout_bg_x&quot;:50,&quot;jet_parallax_layout_bg_x_tablet&quot;:&quot;&quot;,&quot;jet_parallax_layout_bg_x_mobile&quot;:&quot;&quot;,&quot;jet_parallax_layout_bg_y&quot;:50,&quot;jet_parallax_layout_bg_y_tablet&quot;:&quot;&quot;,&quot;jet_parallax_layout_bg_y_mobile&quot;:&quot;&quot;,&quot;jet_parallax_layout_bg_size&quot;:&quot;auto&quot;,&quot;jet_parallax_layout_bg_size_tablet&quot;:&quot;&quot;,&quot;jet_parallax_layout_bg_size_mobile&quot;:&quot;&quot;,&quot;jet_parallax_layout_animation_prop&quot;:&quot;transform&quot;,&quot;jet_parallax_layout_on&quot;:[&quot;desktop&quot;,&quot;tablet&quot;]}],&quot;background_background&quot;:&quot;classic&quot;}\">\n\t\t\t\t\t\t\t<div class=\"elementor-background-overlay\"><\/div>\n\t\t\t\t\t\t\t<div class=\"elementor-container elementor-column-gap-default\">\n\t\t\t\t\t<div class=\"elementor-column elementor-col-100 elementor-top-column elementor-element elementor-element-3f8c9368\" data-id=\"3f8c9368\" data-element_type=\"column\" data-e-type=\"column\">\n\t\t\t<div class=\"elementor-widget-wrap elementor-element-populated\">\n\t\t\t\t\t\t<div class=\"elementor-element elementor-element-6a25fdae elementor-widget elementor-widget-heading\" data-id=\"6a25fdae\" data-element_type=\"widget\" data-e-type=\"widget\" data-widget_type=\"heading.default\">\n\t\t\t\t\t<h1 class=\"elementor-heading-title elementor-size-default\">Orquesta Fundaci\u00f3n Barenboim-Said<\/h1>\t\t\t\t<\/div>\n\t\t\t\t\t<\/div>\n\t\t<\/div>\n\t\t\t\t\t<\/div>\n\t\t<\/section>\n\t\t\t\t<\/div>\n\t\t\t\t<\/div>\n\t\t\t\t\t\t<\/div>\n\t\t\t\t<\/div>\n\t\t\t\t\t<\/div>\n\t\t<\/div>\n\t\t\t\t\t<\/div>\n\t\t<\/section>\n\t\t<div class=\"elementor-element elementor-element-5a733a5 e-flex e-con-boxed e-con e-parent\" data-id=\"5a733a5\" data-element_type=\"container\" data-e-type=\"container\" data-settings=\"{&quot;jet_parallax_layout_list&quot;:[]}\">\n\t\t\t\t\t<div class=\"e-con-inner\">\n\t\t<div class=\"elementor-element elementor-element-2538a8b e-con-full e-flex e-con e-child\" data-id=\"2538a8b\" data-element_type=\"container\" data-e-type=\"container\" data-settings=\"{&quot;jet_parallax_layout_list&quot;:[]}\">\n\t\t\t\t<div class=\"elementor-element elementor-element-cf1c493 elementor-widget elementor-widget-image\" data-id=\"cf1c493\" data-element_type=\"widget\" data-e-type=\"widget\" data-widget_type=\"image.default\">\n\t\t\t\t\t\t\t\t\t\t\t\t\t\t\t<img fetchpriority=\"high\" decoding=\"async\" width=\"800\" height=\"356\" src=\"https:\/\/barenboim-said.org\/wp-content\/uploads\/2025\/06\/FBS25-general-1500x400-1-1024x456.jpg\" class=\"attachment-large size-large wp-image-43403\" alt=\"\" srcset=\"https:\/\/barenboim-said.org\/wp-content\/uploads\/2025\/06\/FBS25-general-1500x400-1-1024x456.jpg 1024w, https:\/\/barenboim-said.org\/wp-content\/uploads\/2025\/06\/FBS25-general-1500x400-1-300x134.jpg 300w, https:\/\/barenboim-said.org\/wp-content\/uploads\/2025\/06\/FBS25-general-1500x400-1-768x342.jpg 768w, https:\/\/barenboim-said.org\/wp-content\/uploads\/2025\/06\/FBS25-general-1500x400-1-1536x684.jpg 1536w, https:\/\/barenboim-said.org\/wp-content\/uploads\/2025\/06\/FBS25-general-1500x400-1-2048x912.jpg 2048w, https:\/\/barenboim-said.org\/wp-content\/uploads\/2025\/06\/FBS25-general-1500x400-1-500x223.jpg 500w\" sizes=\"(max-width: 800px) 100vw, 800px\" \/>\t\t\t\t\t\t\t\t\t\t\t\t\t\t\t<\/div>\n\t\t\t\t<\/div>\n\t\t<div class=\"elementor-element elementor-element-c8d9656 e-con-full e-flex e-con e-child\" data-id=\"c8d9656\" data-element_type=\"container\" data-e-type=\"container\" data-settings=\"{&quot;jet_parallax_layout_list&quot;:[]}\">\n\t\t\t\t<div class=\"elementor-element elementor-element-81d14e5 elementor-widget__width-initial elementor-widget elementor-widget-text-editor\" data-id=\"81d14e5\" data-element_type=\"widget\" data-e-type=\"widget\" data-widget_type=\"text-editor.default\">\n\t\t\t\t\t\t\t\t\t<p>La Orquesta Fundaci\u00f3n Barenboim-Said regresa a su cita anual el pr\u00f3ximo<a href=\"https:\/\/barenboim-said.org\/wp-content\/uploads\/2025\/12\/Programaseleccion.pdf\">\u00a029 de diciembre<\/a>\u00a0en el\u00a0<strong>Teatro de la Maestranza<\/strong>\u00a0bajo la batuta del maestro alem\u00e1n\u00a0<strong>Thomas Guggeis<\/strong>, director musical de la \u00d3pera de Frankfurt, que celebra con este concierto su debut en Sevilla. El d\u00eda 30 la orquesta viajar\u00e1 a M\u00e1laga para ofrecer otro concierto en el Teatro Cervantes.<\/p><p>Estos conciertos contar\u00e1n tambi\u00e9n con la participaci\u00f3n de la mezzosoprano germano-h\u00fangara\u00a0<strong>Corinna Scheurle<\/strong>. El repertorio incluye las\u00a0<em>Variaciones sobre un tema de Haydn, Op. 56a<\/em>\u00a0de Johannes Brahms y\u00a0<em>Sh\u00e9h\u00e9razade\u00a0<\/em>para voz y orquesta de M. Ravel, con la colaboraci\u00f3n de la mezzosoprano. A continuaci\u00f3n, la orquesta interpretar\u00e1 la\u00a0<em>Sinfon\u00eda n.\u00ba 5 en re menor, Op. 47<\/em>, de D. Shostak\u00f3vich.<\/p>\t\t\t\t\t\t\t\t<\/div>\n\t\t\t\t<\/div>\n\t\t\t\t\t<\/div>\n\t\t\t\t<\/div>\n\t\t<div class=\"elementor-element elementor-element-fe46682 e-flex e-con-boxed e-con e-parent\" data-id=\"fe46682\" data-element_type=\"container\" data-e-type=\"container\" data-settings=\"{&quot;jet_parallax_layout_list&quot;:[]}\">\n\t\t\t\t\t<div class=\"e-con-inner\">\n\t\t\t\t<div class=\"elementor-element elementor-element-f55281e elementor-widget elementor-widget-text-editor\" data-id=\"f55281e\" data-element_type=\"widget\" data-e-type=\"widget\" data-widget_type=\"text-editor.default\">\n\t\t\t\t\t\t\t\t\t<p style=\"text-align: center;\"><span style=\"font-weight: bolder;\">Venta de entradas<\/span><\/p><p>Las entradas para el concierto del 29 de diciembre en Sevilla, con precios desde 9 \u20ac, se podr\u00e1n adquirir en la\u00a0<a style=\"background-color: #ffffff;\" href=\"https:\/\/teatrodelamaestranza.koobin.events\/?action=PU_evento&amp;Ev_id=1638\">web\u00a0<\/a>y taquillas del Teatro de la Maestranza. Para el concierto del 30 de diciembre en M\u00e1laga, con precios desde 11 \u20ac, las entradas podr\u00e1n adquirirse en la\u00a0<a style=\"background-color: #ffffff;\" href=\"https:\/\/www.teatrocervantes.com\/es\/genero\/musica\/temporada-2025-26\/orquesta-fundacion-barenboim-said-1995\" target=\"_blank\" rel=\"noopener\">web\u00a0<\/a>y taquillas del Teatro Cervantes.<\/p>\t\t\t\t\t\t\t\t<\/div>\n\t\t\t\t\t<\/div>\n\t\t\t\t<\/div>\n\t\t<div class=\"elementor-element elementor-element-621f3f0 e-flex e-con-boxed e-con e-parent\" data-id=\"621f3f0\" data-element_type=\"container\" data-e-type=\"container\" data-settings=\"{&quot;jet_parallax_layout_list&quot;:[]}\">\n\t\t\t\t\t<div class=\"e-con-inner\">\n\t\t<div class=\"elementor-element elementor-element-7f4290b e-con-full e-flex e-con e-child\" data-id=\"7f4290b\" data-element_type=\"container\" data-e-type=\"container\" data-settings=\"{&quot;jet_parallax_layout_list&quot;:[]}\">\n\t\t\t\t<div class=\"elementor-element elementor-element-16d0766 elementor-align-center elementor-widget elementor-widget-button\" data-id=\"16d0766\" data-element_type=\"widget\" data-e-type=\"widget\" data-widget_type=\"button.default\">\n\t\t\t\t\t\t\t\t\t\t<a class=\"elementor-button elementor-button-link elementor-size-sm\" href=\"https:\/\/teatrodelamaestranza.koobin.events\/?action=PU_evento&#038;Ev_id=1638&#038;idioma=ES&#038;_gl=1*19hlgml*_gcl_au*MTYxNjAwMTU2Mi4xNzU5MjMzNDIz*_ga*MTcxODU1Mzg2OC4xNzU5MjMzNDIz*_ga_VYNSVB3NJ0*czE3NTk3NTIzNzAkbzIkZzEkdDE3NTk3NTIzODEkajQ5JGwwJGgw\">\n\t\t\t\t\t\t<span class=\"elementor-button-content-wrapper\">\n\t\t\t\t\t\t\t\t\t<span class=\"elementor-button-text\">VENTA DE ENTRADAS CONCIERTO 29 DICIEMBRE - TEATRO MAESTRANZA<\/span>\n\t\t\t\t\t<\/span>\n\t\t\t\t\t<\/a>\n\t\t\t\t\t\t\t\t<\/div>\n\t\t\t\t<\/div>\n\t\t<div class=\"elementor-element elementor-element-48f36aa e-con-full e-flex e-con e-child\" data-id=\"48f36aa\" data-element_type=\"container\" data-e-type=\"container\" data-settings=\"{&quot;jet_parallax_layout_list&quot;:[]}\">\n\t\t\t\t<div class=\"elementor-element elementor-element-008c996 elementor-align-center elementor-widget elementor-widget-button\" data-id=\"008c996\" data-element_type=\"widget\" data-e-type=\"widget\" data-widget_type=\"button.default\">\n\t\t\t\t\t\t\t\t\t\t<a class=\"elementor-button elementor-button-link elementor-size-sm\" href=\"https:\/\/www.unientradas.es\/es\/espectaculo\/orquesta-fundacion-barenboid-said\/25-26BarenboinFu?_gl=1*cb9r9a*_ga*MTU5MzU4MDY4Mi4xNzU5MjE5OTQw*_ga_CWHM5BJYMY*czE3NTk3NTIyNjAkbzIkZzEkdDE3NTk3NTIyOTUkajI1JGwwJGgxNzc5NTM3MTky*_gcl_au*MTQ4ODI5OTc2MS4xNzU5MjE5OTQw*_ga_RBEXKBTHK8*czE3NTk3NTIyNjAkbzIkZzEkdDE3NTk3NTIyOTIkajI4JGwwJGgw\">\n\t\t\t\t\t\t<span class=\"elementor-button-content-wrapper\">\n\t\t\t\t\t\t\t\t\t<span class=\"elementor-button-text\">VENTA DE ENTRADAS CONCIERTO 30 DE DICIEMBRE - TEATRO CERVANTES <\/span>\n\t\t\t\t\t<\/span>\n\t\t\t\t\t<\/a>\n\t\t\t\t\t\t\t\t<\/div>\n\t\t\t\t<\/div>\n\t\t\t\t\t<\/div>\n\t\t\t\t<\/div>\n\t\t\t\t<section class=\"elementor-section elementor-top-section elementor-element elementor-element-2b3d0ff elementor-section-boxed elementor-section-height-default elementor-section-height-default\" data-id=\"2b3d0ff\" data-element_type=\"section\" data-e-type=\"section\" data-settings=\"{&quot;jet_parallax_layout_list&quot;:[{&quot;jet_parallax_layout_image&quot;:{&quot;url&quot;:&quot;&quot;,&quot;id&quot;:&quot;&quot;,&quot;size&quot;:&quot;&quot;},&quot;_id&quot;:&quot;5b163f1&quot;,&quot;jet_parallax_layout_image_tablet&quot;:{&quot;url&quot;:&quot;&quot;,&quot;id&quot;:&quot;&quot;,&quot;size&quot;:&quot;&quot;},&quot;jet_parallax_layout_image_mobile&quot;:{&quot;url&quot;:&quot;&quot;,&quot;id&quot;:&quot;&quot;,&quot;size&quot;:&quot;&quot;},&quot;jet_parallax_layout_speed&quot;:{&quot;unit&quot;:&quot;%&quot;,&quot;size&quot;:50,&quot;sizes&quot;:[]},&quot;jet_parallax_layout_type&quot;:&quot;scroll&quot;,&quot;jet_parallax_layout_direction&quot;:&quot;1&quot;,&quot;jet_parallax_layout_fx_direction&quot;:null,&quot;jet_parallax_layout_z_index&quot;:&quot;&quot;,&quot;jet_parallax_layout_bg_x&quot;:50,&quot;jet_parallax_layout_bg_x_tablet&quot;:&quot;&quot;,&quot;jet_parallax_layout_bg_x_mobile&quot;:&quot;&quot;,&quot;jet_parallax_layout_bg_y&quot;:50,&quot;jet_parallax_layout_bg_y_tablet&quot;:&quot;&quot;,&quot;jet_parallax_layout_bg_y_mobile&quot;:&quot;&quot;,&quot;jet_parallax_layout_bg_size&quot;:&quot;auto&quot;,&quot;jet_parallax_layout_bg_size_tablet&quot;:&quot;&quot;,&quot;jet_parallax_layout_bg_size_mobile&quot;:&quot;&quot;,&quot;jet_parallax_layout_animation_prop&quot;:&quot;transform&quot;,&quot;jet_parallax_layout_on&quot;:[&quot;desktop&quot;,&quot;tablet&quot;]}]}\">\n\t\t\t\t\t\t<div class=\"elementor-container elementor-column-gap-default\">\n\t\t\t\t\t<div class=\"elementor-column elementor-col-50 elementor-top-column elementor-element elementor-element-46a5a45\" data-id=\"46a5a45\" data-element_type=\"column\" data-e-type=\"column\">\n\t\t\t<div class=\"elementor-widget-wrap elementor-element-populated\">\n\t\t\t\t\t\t<div class=\"elementor-element elementor-element-e811d98 elementor-widget elementor-widget-image\" data-id=\"e811d98\" data-element_type=\"widget\" data-e-type=\"widget\" data-widget_type=\"image.default\">\n\t\t\t\t\t\t\t\t\t\t\t\t\t\t\t<img decoding=\"async\" width=\"800\" height=\"534\" src=\"https:\/\/barenboim-said.org\/wp-content\/uploads\/2022\/11\/OrquestaFundacionBarenboimSaid-1024x683.jpg\" class=\"attachment-large size-large wp-image-33095\" alt=\"\" srcset=\"https:\/\/barenboim-said.org\/wp-content\/uploads\/2022\/11\/OrquestaFundacionBarenboimSaid-1024x683.jpg 1024w, https:\/\/barenboim-said.org\/wp-content\/uploads\/2022\/11\/OrquestaFundacionBarenboimSaid-300x200.jpg 300w, https:\/\/barenboim-said.org\/wp-content\/uploads\/2022\/11\/OrquestaFundacionBarenboimSaid-768x512.jpg 768w, https:\/\/barenboim-said.org\/wp-content\/uploads\/2022\/11\/OrquestaFundacionBarenboimSaid-1536x1024.jpg 1536w, https:\/\/barenboim-said.org\/wp-content\/uploads\/2022\/11\/OrquestaFundacionBarenboimSaid-2048x1365.jpg 2048w, https:\/\/barenboim-said.org\/wp-content\/uploads\/2022\/11\/OrquestaFundacionBarenboimSaid-500x333.jpg 500w\" sizes=\"(max-width: 800px) 100vw, 800px\" \/>\t\t\t\t\t\t\t\t\t\t\t\t\t\t\t<\/div>\n\t\t\t\t\t<\/div>\n\t\t<\/div>\n\t\t\t\t<div class=\"elementor-column elementor-col-50 elementor-top-column elementor-element elementor-element-254b92f\" data-id=\"254b92f\" data-element_type=\"column\" data-e-type=\"column\">\n\t\t\t<div class=\"elementor-widget-wrap elementor-element-populated\">\n\t\t\t\t\t\t<div class=\"elementor-element elementor-element-0367381 elementor-widget elementor-widget-heading\" data-id=\"0367381\" data-element_type=\"widget\" data-e-type=\"widget\" data-widget_type=\"heading.default\">\n\t\t\t\t\t<h2 class=\"elementor-heading-title elementor-size-default\">Orquesta Fundaci\u00f3n Barenboim-Said<\/h2>\t\t\t\t<\/div>\n\t\t\t\t<div class=\"elementor-element elementor-element-6a6da29 elementor-widget elementor-widget-text-editor\" data-id=\"6a6da29\" data-element_type=\"widget\" data-e-type=\"widget\" data-widget_type=\"text-editor.default\">\n\t\t\t\t\t\t\t\t\t<p>La Orquesta Fundaci\u00f3n Barenboim-Said est\u00e1 integrada por el alumnado de la&nbsp;<a style=\"background-color: #ffffff;\" href=\"https:\/\/barenboim-said.org\/es\/academia-de-estudios-orquestales\/\">Academia de Estudios Orquestales<\/a>, y su actividad es el resultado del trabajo que se realiza desde este centro de perfeccionamiento art\u00edstico y t\u00e9cnico. Dentro del programa acad\u00e9mico anual destaca la celebraci\u00f3n de un taller orquestal y de conciertos sinf\u00f3nicos como parte de la formaci\u00f3n musical integral ofrecida en la Academia. La experiencia orquestal constituye uno de los pilares de la Academia: adem\u00e1s de aportar al joven alumnado una valiosa experiencia en la pr\u00e1ctica instrumental como integrantes de una orquesta, ofrece tambi\u00e9n la oportunidad de trabajar con directores y solistas de renombre: en los \u00faltimos a\u00f1os, maestros de la talla de Vasily Petrenko, Pablo Heras-Casado, Juanjo Mena, Nuno Coelho u Oksana Lyniv han dirigido la Orquesta.<\/p>\n<p><\/p>\n<p>Asimismo, solistas internacionales como los pianistas Javier Perianes y Denis Kozhukhin, o los violinistas Amaury Coeytaux y Michael Barenboim han ofrecido conciertos junto al alumnado de la Academia.<\/p>\t\t\t\t\t\t\t\t<\/div>\n\t\t\t\t\t<\/div>\n\t\t<\/div>\n\t\t\t\t\t<\/div>\n\t\t<\/section>\n\t\t<div class=\"elementor-element elementor-element-99af1c5 e-flex e-con-boxed e-con e-parent\" data-id=\"99af1c5\" data-element_type=\"container\" data-e-type=\"container\" data-settings=\"{&quot;jet_parallax_layout_list&quot;:[]}\">\n\t\t\t\t\t<div class=\"e-con-inner\">\n\t\t<div class=\"elementor-element elementor-element-e168ab0 e-con-full e-flex e-con e-child\" data-id=\"e168ab0\" data-element_type=\"container\" data-e-type=\"container\" data-settings=\"{&quot;jet_parallax_layout_list&quot;:[]}\">\n\t\t\t\t<div class=\"elementor-element elementor-element-d1ac387 elementor-widget elementor-widget-image\" data-id=\"d1ac387\" data-element_type=\"widget\" data-e-type=\"widget\" data-widget_type=\"image.default\">\n\t\t\t\t\t\t\t\t\t\t\t\t\t\t\t<img decoding=\"async\" width=\"800\" height=\"534\" src=\"https:\/\/barenboim-said.org\/wp-content\/uploads\/2025\/05\/Foto-Thomas-Guggeis_Simon-Pauly-c-1024x683.jpg\" class=\"attachment-large size-large wp-image-43189\" alt=\"\" srcset=\"https:\/\/barenboim-said.org\/wp-content\/uploads\/2025\/05\/Foto-Thomas-Guggeis_Simon-Pauly-c-1024x683.jpg 1024w, https:\/\/barenboim-said.org\/wp-content\/uploads\/2025\/05\/Foto-Thomas-Guggeis_Simon-Pauly-c-300x200.jpg 300w, https:\/\/barenboim-said.org\/wp-content\/uploads\/2025\/05\/Foto-Thomas-Guggeis_Simon-Pauly-c-768x513.jpg 768w, https:\/\/barenboim-said.org\/wp-content\/uploads\/2025\/05\/Foto-Thomas-Guggeis_Simon-Pauly-c-1536x1025.jpg 1536w, https:\/\/barenboim-said.org\/wp-content\/uploads\/2025\/05\/Foto-Thomas-Guggeis_Simon-Pauly-c-2048x1367.jpg 2048w, https:\/\/barenboim-said.org\/wp-content\/uploads\/2025\/05\/Foto-Thomas-Guggeis_Simon-Pauly-c-500x334.jpg 500w\" sizes=\"(max-width: 800px) 100vw, 800px\" \/>\t\t\t\t\t\t\t\t\t\t\t\t\t\t\t<\/div>\n\t\t\t\t<\/div>\n\t\t<div class=\"elementor-element elementor-element-d5ac6d5 e-con-full e-flex e-con e-child\" data-id=\"d5ac6d5\" data-element_type=\"container\" data-e-type=\"container\" data-settings=\"{&quot;jet_parallax_layout_list&quot;:[]}\">\n\t\t\t\t<div class=\"elementor-element elementor-element-d9935c0 elementor-widget elementor-widget-image\" data-id=\"d9935c0\" data-element_type=\"widget\" data-e-type=\"widget\" data-widget_type=\"image.default\">\n\t\t\t\t\t\t\t\t\t\t\t\t\t\t\t<img loading=\"lazy\" decoding=\"async\" width=\"800\" height=\"534\" src=\"https:\/\/barenboim-said.org\/wp-content\/uploads\/2025\/05\/Foto-Corinna-Scheurle_Simon-Pauly-c-1024x683.jpg\" class=\"attachment-large size-large wp-image-43187\" alt=\"\" srcset=\"https:\/\/barenboim-said.org\/wp-content\/uploads\/2025\/05\/Foto-Corinna-Scheurle_Simon-Pauly-c-1024x683.jpg 1024w, https:\/\/barenboim-said.org\/wp-content\/uploads\/2025\/05\/Foto-Corinna-Scheurle_Simon-Pauly-c-300x200.jpg 300w, https:\/\/barenboim-said.org\/wp-content\/uploads\/2025\/05\/Foto-Corinna-Scheurle_Simon-Pauly-c-768x512.jpg 768w, https:\/\/barenboim-said.org\/wp-content\/uploads\/2025\/05\/Foto-Corinna-Scheurle_Simon-Pauly-c-1536x1024.jpg 1536w, https:\/\/barenboim-said.org\/wp-content\/uploads\/2025\/05\/Foto-Corinna-Scheurle_Simon-Pauly-c-2048x1365.jpg 2048w, https:\/\/barenboim-said.org\/wp-content\/uploads\/2025\/05\/Foto-Corinna-Scheurle_Simon-Pauly-c-500x333.jpg 500w\" sizes=\"(max-width: 800px) 100vw, 800px\" \/>\t\t\t\t\t\t\t\t\t\t\t\t\t\t\t<\/div>\n\t\t\t\t<\/div>\n\t\t<div class=\"elementor-element elementor-element-e7500ba e-con-full e-flex e-con e-child\" data-id=\"e7500ba\" data-element_type=\"container\" data-e-type=\"container\" data-settings=\"{&quot;jet_parallax_layout_list&quot;:[]}\">\n\t\t\t\t<div class=\"elementor-element elementor-element-241ca67 elementor-widget elementor-widget-text-editor\" data-id=\"241ca67\" data-element_type=\"widget\" data-e-type=\"widget\" data-widget_type=\"text-editor.default\">\n\t\t\t\t\t\t\t\t\t<p><b><span style=\"font-size: 11.0pt;\">Thomas Guggeis<\/span><\/b><span style=\"font-size: 11.0pt;\"> es el director musical de la \u00d3pera de Frankfurt y director art\u00edstico de la Orquesta del Museo de Frankfurt desde 2023. Daniel Barenboim lo nombr\u00f3 su asistente en la \u00d3pera Estatal de Berl\u00edn en 2016. Tras varios a\u00f1os como <i>Kapellmeister<\/i> en la \u00d3pera Estatal de Stuttgart, fue nombrado <i>Staatskapellemeister<\/i> en la \u00d3pera Estatal de Berl\u00edn en 2020, siendo hasta la fecha el director m\u00e1s joven en recibir este t\u00edtulo. Ha sido director invitado en el Teatro alla Scala de Mil\u00e1n, en la \u00d3pera Metropolitana de Nueva York, y en la \u00d3pera Estatal de Viena, entre otras. <\/span><\/p><p><span style=\"font-size: 11.0pt;\">En el \u00e1mbito sinf\u00f3nico, Guggeis ha trabajado con destacadas orquestas como la Staatskapelle de Dresde, la Staatskapelle de Dresde, la\u00a0<\/span><span style=\"font-size: 14.6667px;\">Staatskapelle<\/span><span style=\"font-size: 14.6667px;\">\u00a0de Berl\u00edn, la Filarm\u00f3nica de M\u00fanich, la Orquesta Sinf\u00f3nica de Viena, la Orquesta de Par\u00eds, la Orquesta West-Eastern Divan, la Orquesta Nacional del Capitolio de Toulouse, la Orquesta Beethoven de Bonn, la Filarm\u00f3nica de Dresde, la Filarm\u00f3nica de Copenhague, la Orquesta Sinf\u00f3nica de Mil\u00e1n, la Orquesta Sinf\u00f3nica Nacional de la RAI, la Orquesta Sinf\u00f3nica de la Radio Sueca y el Boulez Ensemble, entre otras.<\/span><\/p>\t\t\t\t\t\t\t\t<\/div>\n\t\t\t\t<\/div>\n\t\t<div class=\"elementor-element elementor-element-e908a1b e-con-full e-flex e-con e-child\" data-id=\"e908a1b\" data-element_type=\"container\" data-e-type=\"container\" data-settings=\"{&quot;jet_parallax_layout_list&quot;:[]}\">\n\t\t\t\t<div class=\"elementor-element elementor-element-7b99cca elementor-widget elementor-widget-text-editor\" data-id=\"7b99cca\" data-element_type=\"widget\" data-e-type=\"widget\" data-widget_type=\"text-editor.default\">\n\t\t\t\t\t\t\t\t\t<p><span style=\"font-size: 11.0pt;\">La mezzo-soprano <b>Corinna Scheurle<\/b> ha sido miembro de los elencos de la \u00d3pera Estatal de Berl\u00edn, la \u00d3pera Estatal de Baviera y el Teatro Estatal de N\u00faremberg, donde ha interpretado roles como Carmen en <i>Carmen<\/i>, Octavian en el Caballero de la Rosa<i>, <\/i>Hansel en <i>Hansel y Gretel<\/i>, Angelina en <i>La Cenicienta,<\/i> do\u00f1a Elvira en <i>Don Giovanni, <\/i>Meg Page en <i>Falstaff, <\/i>Ant\u00edope en <i>Talestri,<\/i> as\u00ed como Cherubino en la nueva producci\u00f3n de <i>Las Bodas de F\u00edgaro<\/i> bajo la batuta de Joana Mallwitz.<\/span><\/p><p><span style=\"font-size: 11.0pt;\">Asimismo, ha actuado en destacados teatros y festivales como la Semperoper Dresden, el Festival de Glyndebourne, Baden-Baden, Bregenz y Aix-en-Provence. Scheurle ha trabajado con directores de la talla de Daniel Barenboim, Kirill Petrenko, Yannick N\u00e9zet-S\u00e9guin y Joana Mallwitz, y con orquestas como la Staatskapelle de Berl\u00edn, la Kammerakademie Potsdam y la Orquesta de la Radio de Baviera, entre otras. Ha sido galardonada con prestigiosos premios como el <i>Gasteig Musikpreis<\/i> en M\u00fanich y el Bundeswettbewerb de Berl\u00edn.<\/span><\/p>\t\t\t\t\t\t\t\t<\/div>\n\t\t\t\t<\/div>\n\t\t\t\t\t<\/div>\n\t\t\t\t<\/div>\n\t\t\t\t<\/div>\n\t\t","protected":false},"excerpt":{"rendered":"<p>La Orquesta Fundaci\u00f3n Barenboim-Said regresa a su cita anual el pr\u00f3ximo\u00a029 de diciembre\u00a0en el\u00a0Teatro de la Maestranza\u00a0bajo la batuta del maestro alem\u00e1n\u00a0Thomas Guggeis, director musical de la \u00d3pera de Frankfurt, que celebra con este concierto su debut en Sevilla. El d\u00eda 30 la orquesta viajar\u00e1 a M\u00e1laga para ofrecer otro concierto en el Teatro Cervantes. [&hellip;]<\/p>\n","protected":false},"author":1,"featured_media":36339,"parent":0,"menu_order":0,"comment_status":"closed","ping_status":"closed","template":"","meta":{"footnotes":""},"class_list":["post-24724","page","type-page","status-publish","has-post-thumbnail","hentry"],"_links":{"self":[{"href":"https:\/\/barenboim-said.org\/en\/wp-json\/wp\/v2\/pages\/24724","targetHints":{"allow":["GET"]}}],"collection":[{"href":"https:\/\/barenboim-said.org\/en\/wp-json\/wp\/v2\/pages"}],"about":[{"href":"https:\/\/barenboim-said.org\/en\/wp-json\/wp\/v2\/types\/page"}],"author":[{"embeddable":true,"href":"https:\/\/barenboim-said.org\/en\/wp-json\/wp\/v2\/users\/1"}],"replies":[{"embeddable":true,"href":"https:\/\/barenboim-said.org\/en\/wp-json\/wp\/v2\/comments?post=24724"}],"version-history":[{"count":14,"href":"https:\/\/barenboim-said.org\/en\/wp-json\/wp\/v2\/pages\/24724\/revisions"}],"predecessor-version":[{"id":44112,"href":"https:\/\/barenboim-said.org\/en\/wp-json\/wp\/v2\/pages\/24724\/revisions\/44112"}],"wp:featuredmedia":[{"embeddable":true,"href":"https:\/\/barenboim-said.org\/en\/wp-json\/wp\/v2\/media\/36339"}],"wp:attachment":[{"href":"https:\/\/barenboim-said.org\/en\/wp-json\/wp\/v2\/media?parent=24724"}],"curies":[{"name":"wp","href":"https:\/\/api.w.org\/{rel}","templated":true}]}}