{"id":24714,"date":"2021-04-28T15:51:18","date_gmt":"2021-04-28T13:51:18","guid":{"rendered":"https:\/\/barenboim-said.org\/?page_id=24714"},"modified":"2026-04-10T14:42:55","modified_gmt":"2026-04-10T12:42:55","slug":"talleres-musicales","status":"publish","type":"page","link":"https:\/\/barenboim-said.org\/en\/educacion-musical-en-andalucia\/talleres-musicales\/","title":{"rendered":"Talleres Musicales Barenboim-Said"},"content":{"rendered":"\t\t<div data-elementor-type=\"wp-page\" data-elementor-id=\"24714\" class=\"elementor elementor-24714\" data-elementor-post-type=\"page\">\n\t\t\t\t\t\t<section class=\"elementor-section elementor-top-section elementor-element elementor-element-ddef97b elementor-section-full_width elementor-section-height-default elementor-section-height-default\" data-id=\"ddef97b\" data-element_type=\"section\" data-e-type=\"section\" data-settings=\"{&quot;jet_parallax_layout_list&quot;:[{&quot;jet_parallax_layout_image&quot;:{&quot;url&quot;:&quot;&quot;,&quot;id&quot;:&quot;&quot;,&quot;size&quot;:&quot;&quot;},&quot;_id&quot;:&quot;e8c2288&quot;,&quot;jet_parallax_layout_image_tablet&quot;:{&quot;url&quot;:&quot;&quot;,&quot;id&quot;:&quot;&quot;,&quot;size&quot;:&quot;&quot;},&quot;jet_parallax_layout_image_mobile&quot;:{&quot;url&quot;:&quot;&quot;,&quot;id&quot;:&quot;&quot;,&quot;size&quot;:&quot;&quot;},&quot;jet_parallax_layout_speed&quot;:{&quot;unit&quot;:&quot;%&quot;,&quot;size&quot;:50,&quot;sizes&quot;:[]},&quot;jet_parallax_layout_type&quot;:&quot;scroll&quot;,&quot;jet_parallax_layout_direction&quot;:&quot;1&quot;,&quot;jet_parallax_layout_fx_direction&quot;:null,&quot;jet_parallax_layout_z_index&quot;:&quot;&quot;,&quot;jet_parallax_layout_bg_x&quot;:50,&quot;jet_parallax_layout_bg_x_tablet&quot;:&quot;&quot;,&quot;jet_parallax_layout_bg_x_mobile&quot;:&quot;&quot;,&quot;jet_parallax_layout_bg_y&quot;:50,&quot;jet_parallax_layout_bg_y_tablet&quot;:&quot;&quot;,&quot;jet_parallax_layout_bg_y_mobile&quot;:&quot;&quot;,&quot;jet_parallax_layout_bg_size&quot;:&quot;auto&quot;,&quot;jet_parallax_layout_bg_size_tablet&quot;:&quot;&quot;,&quot;jet_parallax_layout_bg_size_mobile&quot;:&quot;&quot;,&quot;jet_parallax_layout_animation_prop&quot;:&quot;transform&quot;,&quot;jet_parallax_layout_on&quot;:[&quot;desktop&quot;,&quot;tablet&quot;]}]}\">\n\t\t\t\t\t\t<div class=\"elementor-container elementor-column-gap-no\">\n\t\t\t\t\t<div class=\"elementor-column elementor-col-100 elementor-top-column elementor-element elementor-element-6968b4b\" data-id=\"6968b4b\" data-element_type=\"column\" data-e-type=\"column\">\n\t\t\t<div class=\"elementor-widget-wrap elementor-element-populated\">\n\t\t\t\t\t\t<div class=\"elementor-element elementor-element-6ac5e5d elementor-widget elementor-widget-template\" data-id=\"6ac5e5d\" data-element_type=\"widget\" data-e-type=\"widget\" data-widget_type=\"template.default\">\n\t\t\t\t<div class=\"elementor-widget-container\">\n\t\t\t\t\t\t\t<div class=\"elementor-template\">\n\t\t\t\t\t<div data-elementor-type=\"section\" data-elementor-id=\"24370\" class=\"elementor elementor-24370\" data-elementor-post-type=\"elementor_library\">\n\t\t\t\t\t<section class=\"elementor-section elementor-top-section elementor-element elementor-element-376c33ee elementor-section-height-min-height elementor-section-items-stretch elementor-section-boxed elementor-section-height-default\" data-id=\"376c33ee\" data-element_type=\"section\" data-e-type=\"section\" data-settings=\"{&quot;jet_parallax_layout_list&quot;:[{&quot;jet_parallax_layout_image&quot;:{&quot;url&quot;:&quot;&quot;,&quot;id&quot;:&quot;&quot;,&quot;size&quot;:&quot;&quot;},&quot;_id&quot;:&quot;49bad7b&quot;,&quot;jet_parallax_layout_image_tablet&quot;:{&quot;url&quot;:&quot;&quot;,&quot;id&quot;:&quot;&quot;,&quot;size&quot;:&quot;&quot;},&quot;jet_parallax_layout_image_mobile&quot;:{&quot;url&quot;:&quot;&quot;,&quot;id&quot;:&quot;&quot;,&quot;size&quot;:&quot;&quot;},&quot;jet_parallax_layout_speed&quot;:{&quot;unit&quot;:&quot;%&quot;,&quot;size&quot;:50,&quot;sizes&quot;:[]},&quot;jet_parallax_layout_type&quot;:&quot;scroll&quot;,&quot;jet_parallax_layout_direction&quot;:&quot;1&quot;,&quot;jet_parallax_layout_fx_direction&quot;:null,&quot;jet_parallax_layout_z_index&quot;:&quot;&quot;,&quot;jet_parallax_layout_bg_x&quot;:50,&quot;jet_parallax_layout_bg_x_tablet&quot;:&quot;&quot;,&quot;jet_parallax_layout_bg_x_mobile&quot;:&quot;&quot;,&quot;jet_parallax_layout_bg_y&quot;:50,&quot;jet_parallax_layout_bg_y_tablet&quot;:&quot;&quot;,&quot;jet_parallax_layout_bg_y_mobile&quot;:&quot;&quot;,&quot;jet_parallax_layout_bg_size&quot;:&quot;auto&quot;,&quot;jet_parallax_layout_bg_size_tablet&quot;:&quot;&quot;,&quot;jet_parallax_layout_bg_size_mobile&quot;:&quot;&quot;,&quot;jet_parallax_layout_animation_prop&quot;:&quot;transform&quot;,&quot;jet_parallax_layout_on&quot;:[&quot;desktop&quot;,&quot;tablet&quot;]}],&quot;background_background&quot;:&quot;classic&quot;}\">\n\t\t\t\t\t\t\t<div class=\"elementor-background-overlay\"><\/div>\n\t\t\t\t\t\t\t<div class=\"elementor-container elementor-column-gap-default\">\n\t\t\t\t\t<div class=\"elementor-column elementor-col-100 elementor-top-column elementor-element elementor-element-3f8c9368\" data-id=\"3f8c9368\" data-element_type=\"column\" data-e-type=\"column\">\n\t\t\t<div class=\"elementor-widget-wrap elementor-element-populated\">\n\t\t\t\t\t\t<div class=\"elementor-element elementor-element-6a25fdae elementor-widget elementor-widget-heading\" data-id=\"6a25fdae\" data-element_type=\"widget\" data-e-type=\"widget\" data-widget_type=\"heading.default\">\n\t\t\t\t\t<h1 class=\"elementor-heading-title elementor-size-default\">Talleres Musicales Barenboim-Said<\/h1>\t\t\t\t<\/div>\n\t\t\t\t\t<\/div>\n\t\t<\/div>\n\t\t\t\t\t<\/div>\n\t\t<\/section>\n\t\t\t\t<\/div>\n\t\t\t\t<\/div>\n\t\t\t\t\t\t<\/div>\n\t\t\t\t<\/div>\n\t\t\t\t\t<\/div>\n\t\t<\/div>\n\t\t\t\t\t<\/div>\n\t\t<\/section>\n\t\t\t\t<section class=\"elementor-section elementor-top-section elementor-element elementor-element-a7b7f07 elementor-section-boxed elementor-section-height-default elementor-section-height-default\" data-id=\"a7b7f07\" data-element_type=\"section\" data-e-type=\"section\" data-settings=\"{&quot;jet_parallax_layout_list&quot;:[{&quot;jet_parallax_layout_image&quot;:{&quot;url&quot;:&quot;&quot;,&quot;id&quot;:&quot;&quot;,&quot;size&quot;:&quot;&quot;},&quot;_id&quot;:&quot;6ab9cf2&quot;,&quot;jet_parallax_layout_image_tablet&quot;:{&quot;url&quot;:&quot;&quot;,&quot;id&quot;:&quot;&quot;,&quot;size&quot;:&quot;&quot;},&quot;jet_parallax_layout_image_mobile&quot;:{&quot;url&quot;:&quot;&quot;,&quot;id&quot;:&quot;&quot;,&quot;size&quot;:&quot;&quot;},&quot;jet_parallax_layout_speed&quot;:{&quot;unit&quot;:&quot;%&quot;,&quot;size&quot;:50,&quot;sizes&quot;:[]},&quot;jet_parallax_layout_type&quot;:&quot;scroll&quot;,&quot;jet_parallax_layout_direction&quot;:&quot;1&quot;,&quot;jet_parallax_layout_fx_direction&quot;:null,&quot;jet_parallax_layout_z_index&quot;:&quot;&quot;,&quot;jet_parallax_layout_bg_x&quot;:50,&quot;jet_parallax_layout_bg_x_tablet&quot;:&quot;&quot;,&quot;jet_parallax_layout_bg_x_mobile&quot;:&quot;&quot;,&quot;jet_parallax_layout_bg_y&quot;:50,&quot;jet_parallax_layout_bg_y_tablet&quot;:&quot;&quot;,&quot;jet_parallax_layout_bg_y_mobile&quot;:&quot;&quot;,&quot;jet_parallax_layout_bg_size&quot;:&quot;auto&quot;,&quot;jet_parallax_layout_bg_size_tablet&quot;:&quot;&quot;,&quot;jet_parallax_layout_bg_size_mobile&quot;:&quot;&quot;,&quot;jet_parallax_layout_animation_prop&quot;:&quot;transform&quot;,&quot;jet_parallax_layout_on&quot;:[&quot;desktop&quot;,&quot;tablet&quot;]}]}\">\n\t\t\t\t\t\t<div class=\"elementor-container elementor-column-gap-default\">\n\t\t\t\t\t<div class=\"elementor-column elementor-col-50 elementor-top-column elementor-element elementor-element-8b31d6c\" data-id=\"8b31d6c\" data-element_type=\"column\" data-e-type=\"column\">\n\t\t\t<div class=\"elementor-widget-wrap elementor-element-populated\">\n\t\t\t\t\t\t<div class=\"elementor-element elementor-element-02bf0ef elementor-widget elementor-widget-image\" data-id=\"02bf0ef\" data-element_type=\"widget\" data-e-type=\"widget\" data-widget_type=\"image.default\">\n\t\t\t\t\t\t\t\t\t\t\t\t\t\t\t<img fetchpriority=\"high\" decoding=\"async\" width=\"1536\" height=\"1024\" src=\"https:\/\/barenboim-said.org\/wp-content\/uploads\/2025\/09\/2.1-Taller-a-quien-habla-la-musica-1536x1024.jpg\" class=\"attachment-1536x1536 size-1536x1536 wp-image-43521\" alt=\"\" srcset=\"https:\/\/barenboim-said.org\/wp-content\/uploads\/2025\/09\/2.1-Taller-a-quien-habla-la-musica-1536x1024.jpg 1536w, https:\/\/barenboim-said.org\/wp-content\/uploads\/2025\/09\/2.1-Taller-a-quien-habla-la-musica-300x200.jpg 300w, https:\/\/barenboim-said.org\/wp-content\/uploads\/2025\/09\/2.1-Taller-a-quien-habla-la-musica-1024x683.jpg 1024w, https:\/\/barenboim-said.org\/wp-content\/uploads\/2025\/09\/2.1-Taller-a-quien-habla-la-musica-768x512.jpg 768w, https:\/\/barenboim-said.org\/wp-content\/uploads\/2025\/09\/2.1-Taller-a-quien-habla-la-musica-2048x1365.jpg 2048w, https:\/\/barenboim-said.org\/wp-content\/uploads\/2025\/09\/2.1-Taller-a-quien-habla-la-musica-500x333.jpg 500w\" sizes=\"(max-width: 1536px) 100vw, 1536px\" \/>\t\t\t\t\t\t\t\t\t\t\t\t\t\t\t<\/div>\n\t\t\t\t\t<\/div>\n\t\t<\/div>\n\t\t\t\t<div class=\"elementor-column elementor-col-50 elementor-top-column elementor-element elementor-element-61229c9\" data-id=\"61229c9\" data-element_type=\"column\" data-e-type=\"column\">\n\t\t\t<div class=\"elementor-widget-wrap elementor-element-populated\">\n\t\t\t\t\t\t<div class=\"elementor-element elementor-element-2424e10 elementor-widget elementor-widget-heading\" data-id=\"2424e10\" data-element_type=\"widget\" data-e-type=\"widget\" data-widget_type=\"heading.default\">\n\t\t\t\t\t<h2 class=\"elementor-heading-title elementor-size-default\">VEN A CONOCER Y DISFRUTAR DE LA M\u00daSICA CON NOSOTROS<\/h2>\t\t\t\t<\/div>\n\t\t\t\t<div class=\"elementor-element elementor-element-3286b3f elementor-widget elementor-widget-text-editor\" data-id=\"3286b3f\" data-element_type=\"widget\" data-e-type=\"widget\" data-widget_type=\"text-editor.default\">\n\t\t\t\t\t\t\t\t\t<p><strong>La Fundaci\u00f3n Barenboim-Said organiza un ciclo de talleres dirigido a ni\u00f1os y ni\u00f1as de hasta 12 a\u00f1os.<\/strong><\/p><p>Esta iniciativa surge del creciente inter\u00e9s de nuestros escolares por conocer e investigar posibilidades expresivas que ofrece la m\u00fasica. Descubrir la sonoridad de un viol\u00edn o la magia de los tambores africanos pueden ser formas de explorar nuevos intereses personales.<\/p><p>Estos talleres tienen lugar un s\u00e1bado al mes en el\u00a0<strong><a href=\"https:\/\/icas.sevilla.org\/espacios\/espacio-turina\" target=\"_blank\" rel=\"noopener\">Espacio Turina<\/a> <\/strong>(C\/ Lara\u00f1a, 4 41003 Sevilla) durante el curso escolar y para participar en ellos es imprescindible inscribirse previamente.<\/p><p>Las <span style=\"text-decoration: underline;\"><strong>inscripciones<\/strong> <\/span>abrir\u00e1n a las <strong>11:00 horas del lunes de la semana en la que se realiza el taller<\/strong> o, si ese lunes no es laborable, en el siguiente d\u00eda h\u00e1bil.<\/p><p>Sigue todas nuestras actividades en nuestro canal p\u00fablico de WhatsApp <span style=\"color: #00ccff;\"><a style=\"color: #00ccff;\" href=\"https:\/\/whatsapp.com\/channel\/0029VbB8TUN8F2pLNuBHCT40\"><strong>Educaci\u00f3n Musical Barenboim-Said<\/strong><\/a><\/span><\/p><p style=\"text-align: center;\">\u00a0<\/p>\t\t\t\t\t\t\t\t<\/div>\n\t\t\t\t\t<\/div>\n\t\t<\/div>\n\t\t\t\t\t<\/div>\n\t\t<\/section>\n\t\t\t\t<section class=\"elementor-section elementor-top-section elementor-element elementor-element-a241db1 elementor-section-boxed elementor-section-height-default elementor-section-height-default\" data-id=\"a241db1\" data-element_type=\"section\" data-e-type=\"section\" data-settings=\"{&quot;jet_parallax_layout_list&quot;:[{&quot;jet_parallax_layout_image&quot;:{&quot;url&quot;:&quot;&quot;,&quot;id&quot;:&quot;&quot;,&quot;size&quot;:&quot;&quot;},&quot;_id&quot;:&quot;6ab9cf2&quot;,&quot;jet_parallax_layout_image_tablet&quot;:{&quot;url&quot;:&quot;&quot;,&quot;id&quot;:&quot;&quot;,&quot;size&quot;:&quot;&quot;},&quot;jet_parallax_layout_image_mobile&quot;:{&quot;url&quot;:&quot;&quot;,&quot;id&quot;:&quot;&quot;,&quot;size&quot;:&quot;&quot;},&quot;jet_parallax_layout_speed&quot;:{&quot;unit&quot;:&quot;%&quot;,&quot;size&quot;:50,&quot;sizes&quot;:[]},&quot;jet_parallax_layout_type&quot;:&quot;scroll&quot;,&quot;jet_parallax_layout_direction&quot;:&quot;1&quot;,&quot;jet_parallax_layout_fx_direction&quot;:null,&quot;jet_parallax_layout_z_index&quot;:&quot;&quot;,&quot;jet_parallax_layout_bg_x&quot;:50,&quot;jet_parallax_layout_bg_x_tablet&quot;:&quot;&quot;,&quot;jet_parallax_layout_bg_x_mobile&quot;:&quot;&quot;,&quot;jet_parallax_layout_bg_y&quot;:50,&quot;jet_parallax_layout_bg_y_tablet&quot;:&quot;&quot;,&quot;jet_parallax_layout_bg_y_mobile&quot;:&quot;&quot;,&quot;jet_parallax_layout_bg_size&quot;:&quot;auto&quot;,&quot;jet_parallax_layout_bg_size_tablet&quot;:&quot;&quot;,&quot;jet_parallax_layout_bg_size_mobile&quot;:&quot;&quot;,&quot;jet_parallax_layout_animation_prop&quot;:&quot;transform&quot;,&quot;jet_parallax_layout_on&quot;:[&quot;desktop&quot;,&quot;tablet&quot;]}]}\">\n\t\t\t\t\t\t<div class=\"elementor-container elementor-column-gap-default\">\n\t\t\t\t\t<div class=\"elementor-column elementor-col-50 elementor-top-column elementor-element elementor-element-60b6121\" data-id=\"60b6121\" data-element_type=\"column\" data-e-type=\"column\">\n\t\t\t<div class=\"elementor-widget-wrap elementor-element-populated\">\n\t\t\t\t\t\t<div class=\"elementor-element elementor-element-f9fe403 elementor-widget elementor-widget-image\" data-id=\"f9fe403\" data-element_type=\"widget\" data-e-type=\"widget\" data-widget_type=\"image.default\">\n\t\t\t\t\t\t\t\t\t\t\t\t\t\t\t<img decoding=\"async\" width=\"212\" height=\"300\" src=\"https:\/\/barenboim-said.org\/wp-content\/uploads\/2025\/09\/7-djembe-212x300.png\" class=\"attachment-medium size-medium wp-image-43531\" alt=\"\" srcset=\"https:\/\/barenboim-said.org\/wp-content\/uploads\/2025\/09\/7-djembe-212x300.png 212w, https:\/\/barenboim-said.org\/wp-content\/uploads\/2025\/09\/7-djembe-724x1024.png 724w, https:\/\/barenboim-said.org\/wp-content\/uploads\/2025\/09\/7-djembe-768x1086.png 768w, https:\/\/barenboim-said.org\/wp-content\/uploads\/2025\/09\/7-djembe-1086x1536.png 1086w, https:\/\/barenboim-said.org\/wp-content\/uploads\/2025\/09\/7-djembe-500x707.png 500w, https:\/\/barenboim-said.org\/wp-content\/uploads\/2025\/09\/7-djembe.png 1414w\" sizes=\"(max-width: 212px) 100vw, 212px\" \/>\t\t\t\t\t\t\t\t\t\t\t\t\t\t\t<\/div>\n\t\t\t\t<div class=\"elementor-element elementor-element-2506796 elementor-widget elementor-widget-text-editor\" data-id=\"2506796\" data-element_type=\"widget\" data-e-type=\"widget\" data-widget_type=\"text-editor.default\">\n\t\t\t\t\t\t\t\t\t<p style=\"text-align: center;\"><strong>S\u00c1BADO 11 DE ABRIL<\/strong><\/p><p style=\"text-align: center;\"><strong>Tamb\u00e9, el peque\u00f1o djemb\u00e9. Cuento musical<\/strong><\/p><p style=\"text-align: center;\">11:00 &#8211; 12:00: ni\u00f1os\/as de 3 &#8211; 5 a\u00f1os y un adulto (adulto entrada gratuita)<br \/>12:30 &#8211; 13:30: ni\u00f1os\/as de 6 &#8211; 12 a\u00f1os y un adulto (adulto entrada gratuita)<\/p><p style=\"text-align: center;\">Los sonidos dicen mucho de quienes los emiten. Bienvenidos a la historia de Tamb\u00e9. Sus aventuras musicales nos transportar\u00e1n al coraz\u00f3n de \u00c1frica y m\u00e1s all\u00e1. Viajaremos a trav\u00e9s de sus ritmos trepidantes acompa\u00f1ados de canciones que nos har\u00e1n vibrar en un concierto participativo cuyo mensaje pretende concienciar sobre la importancia de la diversidad e igualdad entre todas las personas.<\/p><p style=\"text-align: center;\">A cargo de profesorado y alumnado de la Fundaci\u00f3n Barenboim-Said.<\/p><p style=\"text-align: center;\">Inscripciones:<strong> a partir del <\/strong><b>lunes 6 de abril a las 11 horas<\/b><\/p>\t\t\t\t\t\t\t\t<\/div>\n\t\t\t\t<div class=\"elementor-element elementor-element-5c11838 elementor-align-center elementor-widget elementor-widget-button\" data-id=\"5c11838\" data-element_type=\"widget\" data-e-type=\"widget\" data-widget_type=\"button.default\">\n\t\t\t\t\t\t\t\t\t\t<a class=\"elementor-button elementor-size-sm\" role=\"button\">\n\t\t\t\t\t\t<span class=\"elementor-button-content-wrapper\">\n\t\t\t\t\t\t\t\t\t<span class=\"elementor-button-text\">INSCRIPCIONES 11:00-12:00 HORAS <\/span>\n\t\t\t\t\t<\/span>\n\t\t\t\t\t<\/a>\n\t\t\t\t\t\t\t\t<\/div>\n\t\t\t\t<div class=\"elementor-element elementor-element-dccd310 elementor-align-center elementor-widget elementor-widget-button\" data-id=\"dccd310\" data-element_type=\"widget\" data-e-type=\"widget\" data-widget_type=\"button.default\">\n\t\t\t\t\t\t\t\t\t\t<a class=\"elementor-button elementor-size-sm\" role=\"button\">\n\t\t\t\t\t\t<span class=\"elementor-button-content-wrapper\">\n\t\t\t\t\t\t\t\t\t<span class=\"elementor-button-text\">INSCRIPCIONES 12:30-13:30 HORAS <\/span>\n\t\t\t\t\t<\/span>\n\t\t\t\t\t<\/a>\n\t\t\t\t\t\t\t\t<\/div>\n\t\t\t\t\t<\/div>\n\t\t<\/div>\n\t\t\t\t<div class=\"elementor-column elementor-col-50 elementor-top-column elementor-element elementor-element-b83c91f\" data-id=\"b83c91f\" data-element_type=\"column\" data-e-type=\"column\">\n\t\t\t<div class=\"elementor-widget-wrap elementor-element-populated\">\n\t\t\t\t\t\t<div class=\"elementor-element elementor-element-31da893 elementor-widget elementor-widget-image\" data-id=\"31da893\" data-element_type=\"widget\" data-e-type=\"widget\" data-widget_type=\"image.default\">\n\t\t\t\t\t\t\t\t\t\t\t\t\t\t\t<img decoding=\"async\" width=\"200\" height=\"300\" src=\"https:\/\/barenboim-said.org\/wp-content\/uploads\/2025\/09\/8.-Los-musicos-de-Bremen-200x300.png\" class=\"attachment-medium size-medium wp-image-43533\" alt=\"\" srcset=\"https:\/\/barenboim-said.org\/wp-content\/uploads\/2025\/09\/8.-Los-musicos-de-Bremen-200x300.png 200w, https:\/\/barenboim-said.org\/wp-content\/uploads\/2025\/09\/8.-Los-musicos-de-Bremen-683x1024.png 683w, https:\/\/barenboim-said.org\/wp-content\/uploads\/2025\/09\/8.-Los-musicos-de-Bremen-768x1152.png 768w, https:\/\/barenboim-said.org\/wp-content\/uploads\/2025\/09\/8.-Los-musicos-de-Bremen-500x750.png 500w, https:\/\/barenboim-said.org\/wp-content\/uploads\/2025\/09\/8.-Los-musicos-de-Bremen.png 1024w\" sizes=\"(max-width: 200px) 100vw, 200px\" \/>\t\t\t\t\t\t\t\t\t\t\t\t\t\t\t<\/div>\n\t\t\t\t<div class=\"elementor-element elementor-element-a04e31f elementor-widget elementor-widget-text-editor\" data-id=\"a04e31f\" data-element_type=\"widget\" data-e-type=\"widget\" data-widget_type=\"text-editor.default\">\n\t\t\t\t\t\t\t\t\t<p style=\"text-align: center;\"><strong>S\u00c1BADO 23 DE MAYO<\/strong><\/p><p style=\"text-align: center;\"><strong>Los m\u00fasicos de Bremen. Cuento musical<\/strong><\/p><p style=\"text-align: center;\">11:00 &#8211; 12:00: ni\u00f1os\/as de 3 a 5 a\u00f1os y un adulto<br \/>12:45 &#8211; 13:45: ni\u00f1os\/as de 6 a 12 a\u00f1os y un adulto<\/p><p style=\"text-align: center;\">\u201c\u00c9rase una vez un burro viejo que, tras a\u00f1os de trabajo y al ver que su amo quer\u00eda deshacerse de \u00e9l, decidi\u00f3 marcharse a la ciudad de Bremen\u201d.<\/p><p style=\"text-align: center;\">\u00a1Bienvenidos al maravilloso mundo de la m\u00fasica y la amistad! Hoy les contaremos la historia de cuatro animales muy especiales: un burro, un perro, un gato y un gallo. Cada uno ha sido dejado de lado por ser mayor, pero juntos descubrir\u00e1n que todav\u00eda tienen mucho que dar&#8230; \u00a1y que, juntos, pueden formar una incre\u00edble banda musical!<\/p><p style=\"text-align: center;\">Una divertida aventura llena de m\u00fasica y sorpresas, donde nuestros amigos viajar\u00e1n rumbo a Bremen con un sue\u00f1o: convertirse en m\u00fasicos.<\/p><p style=\"text-align: center;\">A cargo de profesorado y alumnado de la Fundaci\u00f3n Barenboim-Said.<\/p><p style=\"text-align: center;\">Inscripciones: <b>lunes 18 de mayo a las 11 horas<\/b><\/p>\t\t\t\t\t\t\t\t<\/div>\n\t\t\t\t\t<\/div>\n\t\t<\/div>\n\t\t\t\t\t<\/div>\n\t\t<\/section>\n\t\t\t\t<section class=\"elementor-section elementor-top-section elementor-element elementor-element-2386b67 elementor-section-boxed elementor-section-height-default elementor-section-height-default\" data-id=\"2386b67\" data-element_type=\"section\" data-e-type=\"section\" data-settings=\"{&quot;jet_parallax_layout_list&quot;:[{&quot;jet_parallax_layout_image&quot;:{&quot;url&quot;:&quot;&quot;,&quot;id&quot;:&quot;&quot;,&quot;size&quot;:&quot;&quot;},&quot;_id&quot;:&quot;6ab9cf2&quot;,&quot;jet_parallax_layout_image_tablet&quot;:{&quot;url&quot;:&quot;&quot;,&quot;id&quot;:&quot;&quot;,&quot;size&quot;:&quot;&quot;},&quot;jet_parallax_layout_image_mobile&quot;:{&quot;url&quot;:&quot;&quot;,&quot;id&quot;:&quot;&quot;,&quot;size&quot;:&quot;&quot;},&quot;jet_parallax_layout_speed&quot;:{&quot;unit&quot;:&quot;%&quot;,&quot;size&quot;:50,&quot;sizes&quot;:[]},&quot;jet_parallax_layout_type&quot;:&quot;scroll&quot;,&quot;jet_parallax_layout_direction&quot;:&quot;1&quot;,&quot;jet_parallax_layout_fx_direction&quot;:null,&quot;jet_parallax_layout_z_index&quot;:&quot;&quot;,&quot;jet_parallax_layout_bg_x&quot;:50,&quot;jet_parallax_layout_bg_x_tablet&quot;:&quot;&quot;,&quot;jet_parallax_layout_bg_x_mobile&quot;:&quot;&quot;,&quot;jet_parallax_layout_bg_y&quot;:50,&quot;jet_parallax_layout_bg_y_tablet&quot;:&quot;&quot;,&quot;jet_parallax_layout_bg_y_mobile&quot;:&quot;&quot;,&quot;jet_parallax_layout_bg_size&quot;:&quot;auto&quot;,&quot;jet_parallax_layout_bg_size_tablet&quot;:&quot;&quot;,&quot;jet_parallax_layout_bg_size_mobile&quot;:&quot;&quot;,&quot;jet_parallax_layout_animation_prop&quot;:&quot;transform&quot;,&quot;jet_parallax_layout_on&quot;:[&quot;desktop&quot;,&quot;tablet&quot;]}]}\">\n\t\t\t\t\t\t<div class=\"elementor-container elementor-column-gap-default\">\n\t\t\t\t\t<div class=\"elementor-column elementor-col-100 elementor-top-column elementor-element elementor-element-8e68c83\" data-id=\"8e68c83\" data-element_type=\"column\" data-e-type=\"column\">\n\t\t\t<div class=\"elementor-widget-wrap elementor-element-populated\">\n\t\t\t\t\t\t<div class=\"elementor-element elementor-element-746c4db elementor-widget elementor-widget-heading\" data-id=\"746c4db\" data-element_type=\"widget\" data-e-type=\"widget\" data-widget_type=\"heading.default\">\n\t\t\t\t\t<h2 class=\"elementor-heading-title elementor-size-default\">CONTACTO<\/h2>\t\t\t\t<\/div>\n\t\t\t\t<div class=\"elementor-element elementor-element-e698a23 elementor-widget elementor-widget-text-editor\" data-id=\"e698a23\" data-element_type=\"widget\" data-e-type=\"widget\" data-widget_type=\"text-editor.default\">\n\t\t\t\t\t\t\t\t\t<p>Para m\u00e1s informaci\u00f3n, puedes contactarnos en el tel\u00e9fono 954 71 29 94 o en el email <a href=\"mailto:info.emi@juntadeandalucia.es\">info.emi@juntadeandalucia.es<\/a>.\u00a0<\/p>\t\t\t\t\t\t\t\t<\/div>\n\t\t\t\t<div class=\"elementor-element elementor-element-9497a19 elementor-align-center elementor-widget elementor-widget-button\" data-id=\"9497a19\" data-element_type=\"widget\" data-e-type=\"widget\" data-widget_type=\"button.default\">\n\t\t\t\t\t\t\t\t\t\t<a class=\"elementor-button elementor-button-link elementor-size-md\" href=\"https:\/\/barenboim-said.org\/wp-content\/uploads\/2025\/09\/Normativa_talleres_musicales_25_26_defF.pdf\" target=\"_blank\">\n\t\t\t\t\t\t<span class=\"elementor-button-content-wrapper\">\n\t\t\t\t\t\t\t\t\t<span class=\"elementor-button-text\">normativa talleres musicales<\/span>\n\t\t\t\t\t<\/span>\n\t\t\t\t\t<\/a>\n\t\t\t\t\t\t\t\t<\/div>\n\t\t\t\t\t<\/div>\n\t\t<\/div>\n\t\t\t\t\t<\/div>\n\t\t<\/section>\n\t\t\t\t<\/div>\n\t\t","protected":false},"excerpt":{"rendered":"<p>VEN A CONOCER Y DISFRUTAR DE LA M\u00daSICA CON NOSOTROS La Fundaci\u00f3n Barenboim-Said organiza un ciclo de talleres dirigido a ni\u00f1os y ni\u00f1as de hasta 12 a\u00f1os. Esta iniciativa surge del creciente inter\u00e9s de nuestros escolares por conocer e investigar posibilidades expresivas que ofrece la m\u00fasica. Descubrir la sonoridad de un viol\u00edn o la magia [&hellip;]<\/p>\n","protected":false},"author":1,"featured_media":25697,"parent":24704,"menu_order":0,"comment_status":"closed","ping_status":"closed","template":"","meta":{"footnotes":""},"class_list":["post-24714","page","type-page","status-publish","has-post-thumbnail","hentry"],"_links":{"self":[{"href":"https:\/\/barenboim-said.org\/en\/wp-json\/wp\/v2\/pages\/24714","targetHints":{"allow":["GET"]}}],"collection":[{"href":"https:\/\/barenboim-said.org\/en\/wp-json\/wp\/v2\/pages"}],"about":[{"href":"https:\/\/barenboim-said.org\/en\/wp-json\/wp\/v2\/types\/page"}],"author":[{"embeddable":true,"href":"https:\/\/barenboim-said.org\/en\/wp-json\/wp\/v2\/users\/1"}],"replies":[{"embeddable":true,"href":"https:\/\/barenboim-said.org\/en\/wp-json\/wp\/v2\/comments?post=24714"}],"version-history":[{"count":146,"href":"https:\/\/barenboim-said.org\/en\/wp-json\/wp\/v2\/pages\/24714\/revisions"}],"predecessor-version":[{"id":44957,"href":"https:\/\/barenboim-said.org\/en\/wp-json\/wp\/v2\/pages\/24714\/revisions\/44957"}],"up":[{"embeddable":true,"href":"https:\/\/barenboim-said.org\/en\/wp-json\/wp\/v2\/pages\/24704"}],"wp:featuredmedia":[{"embeddable":true,"href":"https:\/\/barenboim-said.org\/en\/wp-json\/wp\/v2\/media\/25697"}],"wp:attachment":[{"href":"https:\/\/barenboim-said.org\/en\/wp-json\/wp\/v2\/media?parent=24714"}],"curies":[{"name":"wp","href":"https:\/\/api.w.org\/{rel}","templated":true}]}}